{"id":2023,"date":"2024-11-08T15:58:16","date_gmt":"2024-11-08T14:58:16","guid":{"rendered":"https:\/\/grandline.200.solutions\/?post_type=product&#038;p=2023"},"modified":"2024-11-13T12:17:04","modified_gmt":"2024-11-13T11:17:04","slug":"my-hero-academia-heroes-sklenicky-na-panaky","status":"publish","type":"product","link":"https:\/\/grandline.200.solutions\/?product=my-hero-academia-heroes-sklenicky-na-panaky","title":{"rendered":"My Hero Academia Heroes Skleni\u010dky na pan\u00e1ky"},"content":{"rendered":"<p style=\"font-weight: 400;\">Pan\u00e1kov\u00e9 skleni\u010dky <strong>My Hero Academia Heroes<\/strong> jsou ofici\u00e1ln\u011b licencovan\u00fd produkt inspirovan\u00fd anime My Hero Academia. Skleni\u010dky jsou zdobeny obl\u00edben\u00fdmi postavami z anime, co\u017e z n\u00ed \u010din\u00ed skv\u011bl\u00fd dopln\u011bk pro ka\u017ed\u00e9ho fanou\u0161ka s\u00e9rie.<\/p>\n<p style=\"font-weight: 400;\"><strong>Vlastnosti: <\/strong><\/p>\n<p style=\"font-weight: 400;\">Objem &#8211; 5 cl<\/p>\n<p style=\"font-weight: 400;\">Materi\u00e1l &#8211; Vysoce kvalitn\u00ed sklo<\/p>\n<p style=\"font-weight: 400;\">Nen\u00ed vhodn\u00e9 do my\u010dky n\u00e1dob\u00ed<\/p>\n","protected":false},"excerpt":{"rendered":"<p style=\"font-weight: 400;\">Pan\u00e1kov\u00e9 skleni\u010dky <strong>My Hero Academia Heroes<\/strong> jsou ofici\u00e1ln\u011b licencovan\u00fd produkt inspirovan\u00fd anime My Hero Academia. Skleni\u010dky jsou zdobeny obl\u00edben\u00fdmi postavami z anime, co\u017e z n\u00ed \u010din\u00ed skv\u011bl\u00fd dopln\u011bk pro ka\u017ed\u00e9ho fanou\u0161ka s\u00e9rie.<\/p>\n","protected":false},"featured_media":2029,"comment_status":"open","ping_status":"closed","template":"","meta":{"inline_featured_image":false},"product_cat":[76,72,58],"product_tag":[],"class_list":{"0":"post-2023","1":"product","2":"type-product","3":"status-publish","4":"has-post-thumbnail","6":"product_cat-abystyle","7":"product_cat-my-hero-academia","8":"product_cat-nadobi","10":"first","11":"instock","12":"shipping-taxable","13":"purchasable","14":"product-type-simple"},"_links":{"self":[{"href":"https:\/\/grandline.200.solutions\/index.php?rest_route=\/wp\/v2\/product\/2023","targetHints":{"allow":["GET"]}}],"collection":[{"href":"https:\/\/grandline.200.solutions\/index.php?rest_route=\/wp\/v2\/product"}],"about":[{"href":"https:\/\/grandline.200.solutions\/index.php?rest_route=\/wp\/v2\/types\/product"}],"replies":[{"embeddable":true,"href":"https:\/\/grandline.200.solutions\/index.php?rest_route=%2Fwp%2Fv2%2Fcomments&post=2023"}],"wp:featuredmedia":[{"embeddable":true,"href":"https:\/\/grandline.200.solutions\/index.php?rest_route=\/wp\/v2\/media\/2029"}],"wp:attachment":[{"href":"https:\/\/grandline.200.solutions\/index.php?rest_route=%2Fwp%2Fv2%2Fmedia&parent=2023"}],"wp:term":[{"taxonomy":"product_cat","embeddable":true,"href":"https:\/\/grandline.200.solutions\/index.php?rest_route=%2Fwp%2Fv2%2Fproduct_cat&post=2023"},{"taxonomy":"product_tag","embeddable":true,"href":"https:\/\/grandline.200.solutions\/index.php?rest_route=%2Fwp%2Fv2%2Fproduct_tag&post=2023"}],"curies":[{"name":"wp","href":"https:\/\/api.w.org\/{rel}","templated":true}]}}