{"id":2013,"date":"2024-11-08T15:55:22","date_gmt":"2024-11-08T14:55:22","guid":{"rendered":"https:\/\/grandline.200.solutions\/?post_type=product&#038;p=2013"},"modified":"2024-11-13T12:17:48","modified_gmt":"2024-11-13T11:17:48","slug":"my-hero-academia-heroes-2-darkovy-set","status":"publish","type":"product","link":"https:\/\/grandline.200.solutions\/?product=my-hero-academia-heroes-2-darkovy-set","title":{"rendered":"My Hero Academia Heroes 2 D\u00e1rkov\u00fd set"},"content":{"rendered":"<p style=\"font-weight: 400;\">D\u00e1rkov\u00fd set <strong>My Hero Academia Heroes 2<\/strong> obsahuje sklen\u011bnou sklenici, keramick\u00fd hrnek a dva podt\u00e1cky ve stylov\u00e9 krabi\u010dce insporan\u00e9 anime s\u00e9ri\u00ed My Hero Academia. Tento set je ide\u00e1ln\u00edm d\u00e1rkem pro ka\u017ed\u00e9ho fanou\u0161ka My Hero Academia.<\/p>\n<p style=\"font-weight: 400;\"><strong>Vlastnosti: <\/strong><\/p>\n<p style=\"font-weight: 400;\">Objem sklenice &#8211; 400 ml<\/p>\n<p style=\"font-weight: 400;\">Objem hrnku &#8211; 320 ml<\/p>\n<p style=\"font-weight: 400;\">2x podt\u00e1cek<\/p>\n","protected":false},"excerpt":{"rendered":"<p style=\"font-weight: 400;\">D\u00e1rkov\u00fd set <strong>My Hero Academia Heroes 2<\/strong> obsahuje sklen\u011bnou sklenici, keramick\u00fd hrnek a dva podt\u00e1cky ve stylov\u00e9 krabi\u010dce insporan\u00e9 anime s\u00e9ri\u00ed My Hero Academia. Tento set je ide\u00e1ln\u00edm d\u00e1rkem pro ka\u017ed\u00e9ho fanou\u0161ka My Hero Academia.<\/p>\n","protected":false},"featured_media":2020,"comment_status":"open","ping_status":"closed","template":"","meta":{"inline_featured_image":false},"product_cat":[76,102,72,58],"product_tag":[],"class_list":{"0":"post-2013","1":"product","2":"type-product","3":"status-publish","4":"has-post-thumbnail","6":"product_cat-abystyle","7":"product_cat-darkove-sety","8":"product_cat-my-hero-academia","9":"product_cat-nadobi","11":"first","12":"instock","13":"shipping-taxable","14":"purchasable","15":"product-type-simple"},"_links":{"self":[{"href":"https:\/\/grandline.200.solutions\/index.php?rest_route=\/wp\/v2\/product\/2013","targetHints":{"allow":["GET"]}}],"collection":[{"href":"https:\/\/grandline.200.solutions\/index.php?rest_route=\/wp\/v2\/product"}],"about":[{"href":"https:\/\/grandline.200.solutions\/index.php?rest_route=\/wp\/v2\/types\/product"}],"replies":[{"embeddable":true,"href":"https:\/\/grandline.200.solutions\/index.php?rest_route=%2Fwp%2Fv2%2Fcomments&post=2013"}],"wp:featuredmedia":[{"embeddable":true,"href":"https:\/\/grandline.200.solutions\/index.php?rest_route=\/wp\/v2\/media\/2020"}],"wp:attachment":[{"href":"https:\/\/grandline.200.solutions\/index.php?rest_route=%2Fwp%2Fv2%2Fmedia&parent=2013"}],"wp:term":[{"taxonomy":"product_cat","embeddable":true,"href":"https:\/\/grandline.200.solutions\/index.php?rest_route=%2Fwp%2Fv2%2Fproduct_cat&post=2013"},{"taxonomy":"product_tag","embeddable":true,"href":"https:\/\/grandline.200.solutions\/index.php?rest_route=%2Fwp%2Fv2%2Fproduct_tag&post=2013"}],"curies":[{"name":"wp","href":"https:\/\/api.w.org\/{rel}","templated":true}]}}