{"id":2006,"date":"2024-11-08T15:51:18","date_gmt":"2024-11-08T14:51:18","guid":{"rendered":"https:\/\/grandline.200.solutions\/?post_type=product&#038;p=2006"},"modified":"2024-11-13T12:18:10","modified_gmt":"2024-11-13T11:18:10","slug":"hunter-x-hunter-hunter-association-sportovni-taska","status":"publish","type":"product","link":"https:\/\/grandline.200.solutions\/?product=hunter-x-hunter-hunter-association-sportovni-taska","title":{"rendered":"Hunter \u00d7 Hunter Hunter Association Sportovn\u00ed ta\u0161ka"},"content":{"rendered":"<p>Sportovn\u00ed ta\u0161ka <strong>Hunter \u00d7 Hunter Hunter Association<\/strong> v \u0161edo\u010dern\u00e9 barv\u011b je inspirov\u00e1na 287. Hunterskou zkou\u0161kou. Tato ta\u0161ka nab\u00edz\u00ed velk\u00fd \u00falo\u017en\u00fd prostor a zadn\u00ed kapsu, nastaviteln\u00fd ramenn\u00ed popruh a rukojeti pro pohodln\u00e9 no\u0161en\u00ed, co\u017e je ide\u00e1ln\u00ed pro tr\u00e9nink nebo na cesty. Tento kousek je ide\u00e1ln\u00ed pro ka\u017ed\u00e9ho fanou\u0161ka Hunter \u00d7 Hunter.<\/p>\n<p><strong>Vlastnosti: <\/strong><\/p>\n<p>Materi\u00e1l &#8211; Polyester<\/p>\n<p>Rozm\u011bry &#8211; 50 x 25 x 25 cm<\/p>\n<p>Objem &#8211; 23 litr\u016f<\/p>\n","protected":false},"excerpt":{"rendered":"<p>Sportovn\u00ed ta\u0161ka <strong>Hunter \u00d7 Hunter Hunter Association<\/strong> v \u0161edo\u010dern\u00e9 barv\u011b je inspirov\u00e1na 287. Hunterskou zkou\u0161kou. Tato ta\u0161ka nab\u00edz\u00ed velk\u00fd \u00falo\u017en\u00fd prostor a zadn\u00ed kapsu, nastaviteln\u00fd ramenn\u00ed popruh a rukojeti pro pohodln\u00e9 no\u0161en\u00ed, co\u017e je ide\u00e1ln\u00ed pro tr\u00e9nink nebo na cesty. Tento kousek je ide\u00e1ln\u00ed pro ka\u017ed\u00e9ho fanou\u0161ka Hunter \u00d7 Hunter.<\/p>\n","protected":false},"featured_media":2010,"comment_status":"open","ping_status":"closed","template":"","meta":{"inline_featured_image":false},"product_cat":[76,53,61],"product_tag":[],"class_list":{"0":"post-2006","1":"product","2":"type-product","3":"status-publish","4":"has-post-thumbnail","6":"product_cat-abystyle","7":"product_cat-hunter-x-hunter","8":"product_cat-sportovni-tasky","10":"first","11":"instock","12":"shipping-taxable","13":"purchasable","14":"product-type-simple"},"_links":{"self":[{"href":"https:\/\/grandline.200.solutions\/index.php?rest_route=\/wp\/v2\/product\/2006","targetHints":{"allow":["GET"]}}],"collection":[{"href":"https:\/\/grandline.200.solutions\/index.php?rest_route=\/wp\/v2\/product"}],"about":[{"href":"https:\/\/grandline.200.solutions\/index.php?rest_route=\/wp\/v2\/types\/product"}],"replies":[{"embeddable":true,"href":"https:\/\/grandline.200.solutions\/index.php?rest_route=%2Fwp%2Fv2%2Fcomments&post=2006"}],"wp:featuredmedia":[{"embeddable":true,"href":"https:\/\/grandline.200.solutions\/index.php?rest_route=\/wp\/v2\/media\/2010"}],"wp:attachment":[{"href":"https:\/\/grandline.200.solutions\/index.php?rest_route=%2Fwp%2Fv2%2Fmedia&parent=2006"}],"wp:term":[{"taxonomy":"product_cat","embeddable":true,"href":"https:\/\/grandline.200.solutions\/index.php?rest_route=%2Fwp%2Fv2%2Fproduct_cat&post=2006"},{"taxonomy":"product_tag","embeddable":true,"href":"https:\/\/grandline.200.solutions\/index.php?rest_route=%2Fwp%2Fv2%2Fproduct_tag&post=2006"}],"curies":[{"name":"wp","href":"https:\/\/api.w.org\/{rel}","templated":true}]}}