{"id":2003,"date":"2024-11-08T15:49:47","date_gmt":"2024-11-08T14:49:47","guid":{"rendered":"https:\/\/grandline.200.solutions\/?post_type=product&#038;p=2003"},"modified":"2024-11-13T12:18:34","modified_gmt":"2024-11-13T11:18:34","slug":"my-hero-academia-1-a-vs-1-b-plakat","status":"publish","type":"product","link":"https:\/\/grandline.200.solutions\/?product=my-hero-academia-1-a-vs-1-b-plakat","title":{"rendered":"My Hero Academia 1-A vs 1-B Plak\u00e1t"},"content":{"rendered":"<p style=\"font-weight: 400;\">Plak\u00e1t<strong> My Hero Academia 1-A vs 1-B<\/strong> zobrazuje studenty t\u0159\u00edd 1-A a 1-B z U.A. High School p\u0159ed za\u010d\u00e1tkem jejich spole\u010dn\u00e9ho tr\u00e9ninkov\u00e9ho souboje. Plak\u00e1t je opat\u0159en ochrannou vrstvou proti degradaci barev, co\u017e zaji\u0161\u0165uje jeho dlouhou \u017eivotnost.<\/p>\n<p style=\"font-weight: 400;\"><strong>Vlastnosti: <\/strong><\/p>\n<p style=\"font-weight: 400;\">V\u00fd\u0161ka &#8211; 91,5 cm<\/p>\n<p style=\"font-weight: 400;\">\u0160\u00ed\u0159ka &#8211; 61 cm<\/p>\n","protected":false},"excerpt":{"rendered":"<p style=\"font-weight: 400;\">Plak\u00e1t<strong> My Hero Academia 1-A vs 1-B<\/strong> zobrazuje studenty t\u0159\u00edd 1-A a 1-B z U.A. High School p\u0159ed za\u010d\u00e1tkem jejich spole\u010dn\u00e9ho tr\u00e9ninkov\u00e9ho souboje. Plak\u00e1t je opat\u0159en ochrannou vrstvou proti degradaci barev, co\u017e zaji\u0161\u0165uje jeho dlouhou \u017eivotnost.<\/p>\n","protected":false},"featured_media":2007,"comment_status":"open","ping_status":"closed","template":"","meta":{"inline_featured_image":false},"product_cat":[76,72,59],"product_tag":[],"class_list":{"0":"post-2003","1":"product","2":"type-product","3":"status-publish","4":"has-post-thumbnail","6":"product_cat-abystyle","7":"product_cat-my-hero-academia","8":"product_cat-plakaty","10":"first","11":"instock","12":"shipping-taxable","13":"purchasable","14":"product-type-simple"},"_links":{"self":[{"href":"https:\/\/grandline.200.solutions\/index.php?rest_route=\/wp\/v2\/product\/2003","targetHints":{"allow":["GET"]}}],"collection":[{"href":"https:\/\/grandline.200.solutions\/index.php?rest_route=\/wp\/v2\/product"}],"about":[{"href":"https:\/\/grandline.200.solutions\/index.php?rest_route=\/wp\/v2\/types\/product"}],"replies":[{"embeddable":true,"href":"https:\/\/grandline.200.solutions\/index.php?rest_route=%2Fwp%2Fv2%2Fcomments&post=2003"}],"wp:featuredmedia":[{"embeddable":true,"href":"https:\/\/grandline.200.solutions\/index.php?rest_route=\/wp\/v2\/media\/2007"}],"wp:attachment":[{"href":"https:\/\/grandline.200.solutions\/index.php?rest_route=%2Fwp%2Fv2%2Fmedia&parent=2003"}],"wp:term":[{"taxonomy":"product_cat","embeddable":true,"href":"https:\/\/grandline.200.solutions\/index.php?rest_route=%2Fwp%2Fv2%2Fproduct_cat&post=2003"},{"taxonomy":"product_tag","embeddable":true,"href":"https:\/\/grandline.200.solutions\/index.php?rest_route=%2Fwp%2Fv2%2Fproduct_tag&post=2003"}],"curies":[{"name":"wp","href":"https:\/\/api.w.org\/{rel}","templated":true}]}}