{"id":2001,"date":"2024-11-08T15:49:17","date_gmt":"2024-11-08T14:49:17","guid":{"rendered":"https:\/\/grandline.200.solutions\/?post_type=product&#038;p=2001"},"modified":"2024-11-13T12:18:48","modified_gmt":"2024-11-13T11:18:48","slug":"hunter-x-hunter-vibration-stars-ii-kurapika","status":"publish","type":"product","link":"https:\/\/grandline.200.solutions\/?product=hunter-x-hunter-vibration-stars-ii-kurapika","title":{"rendered":"Hunter \u00d7 Hunter Vibration Stars II Kurapika"},"content":{"rendered":"<p>Figurka <strong>Hunter \u00d7 Hunter Vibration Stars II Kurapika<\/strong> zobrazuje Kurapiku, jednoho z hlavn\u00edch hrdin\u016f s\u00e9rie Hunter \u00d7 Hunter v dynamick\u00e9m bojov\u00e9m postoji s jeho ikonick\u00fdmi Nen \u0159et\u011bzy. Tento kousek p\u0159in\u00e1\u0161\u00ed do sb\u00edrky charakteristickou s\u00edlu a eleganci, ide\u00e1ln\u00ed pro fanou\u0161ky s\u00e9rie.<\/p>\n<p><strong>Vlastnosti: <\/strong><\/p>\n<p>V\u00fd\u0161ka &#8211; 13 cm<\/p>\n<p>Materi\u00e1l &#8211; PVC<\/p>\n<p>Detailn\u00ed proveden\u00ed<\/p>\n<p>Sb\u011bratelsk\u00e1 edice<\/p>\n","protected":false},"excerpt":{"rendered":"<p>Figurka <strong>Hunter \u00d7 Hunter Vibration Stars II Kurapika<\/strong> zobrazuje Kurapiku, jednoho z hlavn\u00edch hrdin\u016f s\u00e9rie Hunter \u00d7 Hunter v dynamick\u00e9m bojov\u00e9m postoji s jeho ikonick\u00fdmi Nen \u0159et\u011bzy. Tento kousek p\u0159in\u00e1\u0161\u00ed do sb\u00edrky charakteristickou s\u00edlu a eleganci, ide\u00e1ln\u00ed pro fanou\u0161ky s\u00e9rie.<\/p>\n","protected":false},"featured_media":2004,"comment_status":"open","ping_status":"closed","template":"","meta":{"inline_featured_image":false},"product_cat":[77,60,53],"product_tag":[],"class_list":{"0":"post-2001","1":"product","2":"type-product","3":"status-publish","4":"has-post-thumbnail","6":"product_cat-bandai-spirits","7":"product_cat-figurky","8":"product_cat-hunter-x-hunter","10":"first","11":"instock","12":"shipping-taxable","13":"purchasable","14":"product-type-simple"},"_links":{"self":[{"href":"https:\/\/grandline.200.solutions\/index.php?rest_route=\/wp\/v2\/product\/2001","targetHints":{"allow":["GET"]}}],"collection":[{"href":"https:\/\/grandline.200.solutions\/index.php?rest_route=\/wp\/v2\/product"}],"about":[{"href":"https:\/\/grandline.200.solutions\/index.php?rest_route=\/wp\/v2\/types\/product"}],"replies":[{"embeddable":true,"href":"https:\/\/grandline.200.solutions\/index.php?rest_route=%2Fwp%2Fv2%2Fcomments&post=2001"}],"wp:featuredmedia":[{"embeddable":true,"href":"https:\/\/grandline.200.solutions\/index.php?rest_route=\/wp\/v2\/media\/2004"}],"wp:attachment":[{"href":"https:\/\/grandline.200.solutions\/index.php?rest_route=%2Fwp%2Fv2%2Fmedia&parent=2001"}],"wp:term":[{"taxonomy":"product_cat","embeddable":true,"href":"https:\/\/grandline.200.solutions\/index.php?rest_route=%2Fwp%2Fv2%2Fproduct_cat&post=2001"},{"taxonomy":"product_tag","embeddable":true,"href":"https:\/\/grandline.200.solutions\/index.php?rest_route=%2Fwp%2Fv2%2Fproduct_tag&post=2001"}],"curies":[{"name":"wp","href":"https:\/\/api.w.org\/{rel}","templated":true}]}}