{"id":2000,"date":"2024-11-08T15:48:16","date_gmt":"2024-11-08T14:48:16","guid":{"rendered":"https:\/\/grandline.200.solutions\/?post_type=product&#038;p=2000"},"modified":"2024-11-13T12:18:53","modified_gmt":"2024-11-13T11:18:53","slug":"my-hero-academia-logo-lahev","status":"publish","type":"product","link":"https:\/\/grandline.200.solutions\/?product=my-hero-academia-logo-lahev","title":{"rendered":"My Hero Academia Logo L\u00e1hev"},"content":{"rendered":"<p style=\"font-weight: 400;\">L\u00e1hev <strong>My Hero Academia<\/strong> je ofici\u00e1ln\u011b licencovan\u00fd produkt inspirovan\u00fd logem anime My Hero Academia. L\u00e1hev je navr\u017eena tak, aby udr\u017eovala va\u0161e n\u00e1poje \u010derstv\u00e9 a v\u00e1s hydratovan\u00e9, a\u0165 u\u017e jste uprost\u0159ed vy\u0161et\u0159ov\u00e1n\u00ed jako L nebo jen na proch\u00e1zce. Skv\u011bl\u00e1 pro fanou\u0161ky tohoto anime.<\/p>\n<p style=\"font-weight: 400;\"><strong>Vlastnosti: <\/strong><\/p>\n<p>Objem &#8211; 500 ml<\/p>\n<p style=\"font-weight: 400;\">Materi\u00e1l &#8211; Nerezov\u00e1 ocel<\/p>\n<p style=\"font-weight: 400;\">Nen\u00ed vhodn\u00e1 do mikrovlnn\u00e9 trouby a my\u010dky n\u00e1dob\u00ed<\/p>\n","protected":false},"excerpt":{"rendered":"<p style=\"font-weight: 400;\">L\u00e1hev <strong>My Hero Academia<\/strong> je ofici\u00e1ln\u011b licencovan\u00fd produkt inspirovan\u00fd logem anime My Hero Academia. L\u00e1hev je navr\u017eena tak, aby udr\u017eovala va\u0161e n\u00e1poje \u010derstv\u00e9 a v\u00e1s hydratovan\u00e9, a\u0165 u\u017e jste uprost\u0159ed vy\u0161et\u0159ov\u00e1n\u00ed jako L nebo jen na proch\u00e1zce. Skv\u011bl\u00e1 pro fanou\u0161ky tohoto anime.<\/p>\n","protected":false},"featured_media":2002,"comment_status":"open","ping_status":"closed","template":"","meta":{"inline_featured_image":false},"product_cat":[76,72,58],"product_tag":[],"class_list":{"0":"post-2000","1":"product","2":"type-product","3":"status-publish","4":"has-post-thumbnail","6":"product_cat-abystyle","7":"product_cat-my-hero-academia","8":"product_cat-nadobi","10":"first","11":"instock","12":"shipping-taxable","13":"purchasable","14":"product-type-simple"},"_links":{"self":[{"href":"https:\/\/grandline.200.solutions\/index.php?rest_route=\/wp\/v2\/product\/2000","targetHints":{"allow":["GET"]}}],"collection":[{"href":"https:\/\/grandline.200.solutions\/index.php?rest_route=\/wp\/v2\/product"}],"about":[{"href":"https:\/\/grandline.200.solutions\/index.php?rest_route=\/wp\/v2\/types\/product"}],"replies":[{"embeddable":true,"href":"https:\/\/grandline.200.solutions\/index.php?rest_route=%2Fwp%2Fv2%2Fcomments&post=2000"}],"wp:featuredmedia":[{"embeddable":true,"href":"https:\/\/grandline.200.solutions\/index.php?rest_route=\/wp\/v2\/media\/2002"}],"wp:attachment":[{"href":"https:\/\/grandline.200.solutions\/index.php?rest_route=%2Fwp%2Fv2%2Fmedia&parent=2000"}],"wp:term":[{"taxonomy":"product_cat","embeddable":true,"href":"https:\/\/grandline.200.solutions\/index.php?rest_route=%2Fwp%2Fv2%2Fproduct_cat&post=2000"},{"taxonomy":"product_tag","embeddable":true,"href":"https:\/\/grandline.200.solutions\/index.php?rest_route=%2Fwp%2Fv2%2Fproduct_tag&post=2000"}],"curies":[{"name":"wp","href":"https:\/\/api.w.org\/{rel}","templated":true}]}}