{"id":1987,"date":"2024-11-08T15:43:45","date_gmt":"2024-11-08T14:43:45","guid":{"rendered":"https:\/\/grandline.200.solutions\/?post_type=product&#038;p=1987"},"modified":"2024-11-13T12:19:08","modified_gmt":"2024-11-13T11:19:08","slug":"hunter-x-hunter-noodle-stopper-figure-killua-zoldyck","status":"publish","type":"product","link":"https:\/\/grandline.200.solutions\/?product=hunter-x-hunter-noodle-stopper-figure-killua-zoldyck","title":{"rendered":"Hunter \u00d7 Hunter Noodle Stopper Figure Killua Zoldyck"},"content":{"rendered":"<p>Figurka <strong>Hunter \u00d7 Hunter Noodle Stopper Figure Killua Zoldyck<\/strong> zobrazuje Killuu Zoldycka, jednoho z hlavn\u00edch hrdin\u016f s\u00e9rie Hunter \u00d7 Hunter. Killua je zde zachycen v uvoln\u011bn\u00e9 sed\u00edc\u00ed pozici, kter\u00e1 je typick\u00e1 pro \u201cnoodle stopper\u201d figurky, navr\u017een\u00e9 tak, aby sed\u011bly na okraji misky s nudlemi, pop\u0159. na va\u0161\u00ed poli\u010dce. Tento sb\u011bratelsk\u00fd kousek dokonale vystihuje Killuu s jeho hrav\u00fdm \u00fasm\u011bvem a st\u0159\u00edbrn\u00fdmi vlasy. Perfektn\u00ed dopln\u011bk pro ka\u017ed\u00e9ho fanou\u0161ka Hunter \u00d7 Hunter.<\/p>\n<p><strong>Vlastnosti: <\/strong><\/p>\n<p>V\u00fd\u0161ka &#8211; 13 cm<\/p>\n<p>Materi\u00e1l &#8211; PVC<\/p>\n<p>Detailn\u00ed proveden\u00ed<\/p>\n<p>Sb\u011bratelsk\u00e1 edice<\/p>\n","protected":false},"excerpt":{"rendered":"<p>Figurka <strong>Hunter \u00d7 Hunter Noodle Stopper Figure Killua Zoldyck<\/strong> zobrazuje Killuu Zoldycka, jednoho z hlavn\u00edch hrdin\u016f s\u00e9rie Hunter \u00d7 Hunter. Killua je zde zachycen v uvoln\u011bn\u00e9 sed\u00edc\u00ed pozici, kter\u00e1 je typick\u00e1 pro \u201cnoodle stopper\u201d figurky, navr\u017een\u00e9 tak, aby sed\u011bly na okraji misky s nudlemi, pop\u0159. na va\u0161\u00ed poli\u010dce. Tento sb\u011bratelsk\u00fd kousek dokonale vystihuje Killuu s jeho hrav\u00fdm \u00fasm\u011bvem a st\u0159\u00edbrn\u00fdmi vlasy. Perfektn\u00ed dopln\u011bk pro ka\u017ed\u00e9ho fanou\u0161ka Hunter \u00d7 Hunter.<\/p>\n","protected":false},"featured_media":1990,"comment_status":"open","ping_status":"closed","template":"","meta":{"inline_featured_image":false},"product_cat":[60,93,53],"product_tag":[],"class_list":{"0":"post-1987","1":"product","2":"type-product","3":"status-publish","4":"has-post-thumbnail","6":"product_cat-figurky","7":"product_cat-furyu","8":"product_cat-hunter-x-hunter","10":"first","11":"instock","12":"shipping-taxable","13":"purchasable","14":"product-type-simple"},"_links":{"self":[{"href":"https:\/\/grandline.200.solutions\/index.php?rest_route=\/wp\/v2\/product\/1987","targetHints":{"allow":["GET"]}}],"collection":[{"href":"https:\/\/grandline.200.solutions\/index.php?rest_route=\/wp\/v2\/product"}],"about":[{"href":"https:\/\/grandline.200.solutions\/index.php?rest_route=\/wp\/v2\/types\/product"}],"replies":[{"embeddable":true,"href":"https:\/\/grandline.200.solutions\/index.php?rest_route=%2Fwp%2Fv2%2Fcomments&post=1987"}],"wp:featuredmedia":[{"embeddable":true,"href":"https:\/\/grandline.200.solutions\/index.php?rest_route=\/wp\/v2\/media\/1990"}],"wp:attachment":[{"href":"https:\/\/grandline.200.solutions\/index.php?rest_route=%2Fwp%2Fv2%2Fmedia&parent=1987"}],"wp:term":[{"taxonomy":"product_cat","embeddable":true,"href":"https:\/\/grandline.200.solutions\/index.php?rest_route=%2Fwp%2Fv2%2Fproduct_cat&post=1987"},{"taxonomy":"product_tag","embeddable":true,"href":"https:\/\/grandline.200.solutions\/index.php?rest_route=%2Fwp%2Fv2%2Fproduct_tag&post=1987"}],"curies":[{"name":"wp","href":"https:\/\/api.w.org\/{rel}","templated":true}]}}