{"id":1986,"date":"2024-11-08T15:45:48","date_gmt":"2024-11-08T14:45:48","guid":{"rendered":"https:\/\/grandline.200.solutions\/?post_type=product&#038;p=1986"},"modified":"2024-11-13T12:19:03","modified_gmt":"2024-11-13T11:19:03","slug":"my-hero-academia-izuku-bakugo-bento-box","status":"publish","type":"product","link":"https:\/\/grandline.200.solutions\/?product=my-hero-academia-izuku-bakugo-bento-box","title":{"rendered":"My Hero Academia Izuku &#038; Bakugo Bento box"},"content":{"rendered":"<p style=\"font-weight: 400;\">Bento box<strong> My Hero Academia Izuku &amp; Bakugo<\/strong> je ofici\u00e1ln\u011b licencovan\u00fd produkt inspirovan\u00fd dv\u011bma hlavn\u00edmi postavami z anime My Hero Academia. M\u00e1 chytr\u00fd design s t\u011bsn\u011b p\u0159il\u00e9haj\u00edc\u00edm v\u00edkem, kter\u00e9 je zaji\u0161t\u011bno elastick\u00fdm p\u00e1skem, aby se zabr\u00e1nilo rozlit\u00ed. Uvnit\u0159 najdete nastaviteln\u00e9 a odn\u00edmateln\u00e9 p\u0159ihr\u00e1dky, kter\u00e9 umo\u017e\u0148uj\u00ed udr\u017eet jednotliv\u00e9 pokrmy odd\u011blen\u00e9.<\/p>\n<p style=\"font-weight: 400;\"><strong>Vlastnosti: <\/strong><\/p>\n<p style=\"font-weight: 400;\">Rozm\u011bry &#8211; 19 x 12,3 x 6,6 cm<\/p>\n<p style=\"font-weight: 400;\">Objem &#8211; 1 l<\/p>\n<p style=\"font-weight: 400;\">Materi\u00e1l &#8211;\u00a0 D\u00f3za, v\u00edko a separace z polypropylenu, t\u011bsn\u011bn\u00ed vzduchov\u00e9ho otvoru a t\u011bsnic\u00ed krou\u017eek ze silikonu, elastick\u00e1 gumi\u010dka z polyesteru<\/p>\n<p style=\"font-weight: 400;\">Lze m\u00fdt v my\u010dce n\u00e1dob\u00ed a oh\u0159\u00edvat v mikrovlnn\u00e9 troub\u011b (p\u0159ed oh\u0159evem v mikrovlnn\u00e9 troub\u011b otev\u0159ete v\u011btrac\u00ed otvor na v\u00edku a odstra\u0148te elastickou gumi\u010dku)<\/p>\n","protected":false},"excerpt":{"rendered":"<p style=\"font-weight: 400;\">Bento box<strong> My Hero Academia Izuku &amp; Bakugo<\/strong> je ofici\u00e1ln\u011b licencovan\u00fd produkt inspirovan\u00fd dv\u011bma hlavn\u00edmi postavami z anime My Hero Academia. M\u00e1 chytr\u00fd design s t\u011bsn\u011b p\u0159il\u00e9haj\u00edc\u00edm v\u00edkem, kter\u00e9 je zaji\u0161t\u011bno elastick\u00fdm p\u00e1skem, aby se zabr\u00e1nilo rozlit\u00ed. Uvnit\u0159 najdete nastaviteln\u00e9 a odn\u00edmateln\u00e9 p\u0159ihr\u00e1dky, kter\u00e9 umo\u017e\u0148uj\u00ed udr\u017eet jednotliv\u00e9 pokrmy odd\u011blen\u00e9.<\/p>\n","protected":false},"featured_media":1996,"comment_status":"open","ping_status":"closed","template":"","meta":{"inline_featured_image":false},"product_cat":[76,72,58],"product_tag":[],"class_list":{"0":"post-1986","1":"product","2":"type-product","3":"status-publish","4":"has-post-thumbnail","6":"product_cat-abystyle","7":"product_cat-my-hero-academia","8":"product_cat-nadobi","10":"first","11":"instock","12":"shipping-taxable","13":"purchasable","14":"product-type-simple"},"_links":{"self":[{"href":"https:\/\/grandline.200.solutions\/index.php?rest_route=\/wp\/v2\/product\/1986","targetHints":{"allow":["GET"]}}],"collection":[{"href":"https:\/\/grandline.200.solutions\/index.php?rest_route=\/wp\/v2\/product"}],"about":[{"href":"https:\/\/grandline.200.solutions\/index.php?rest_route=\/wp\/v2\/types\/product"}],"replies":[{"embeddable":true,"href":"https:\/\/grandline.200.solutions\/index.php?rest_route=%2Fwp%2Fv2%2Fcomments&post=1986"}],"wp:featuredmedia":[{"embeddable":true,"href":"https:\/\/grandline.200.solutions\/index.php?rest_route=\/wp\/v2\/media\/1996"}],"wp:attachment":[{"href":"https:\/\/grandline.200.solutions\/index.php?rest_route=%2Fwp%2Fv2%2Fmedia&parent=1986"}],"wp:term":[{"taxonomy":"product_cat","embeddable":true,"href":"https:\/\/grandline.200.solutions\/index.php?rest_route=%2Fwp%2Fv2%2Fproduct_cat&post=1986"},{"taxonomy":"product_tag","embeddable":true,"href":"https:\/\/grandline.200.solutions\/index.php?rest_route=%2Fwp%2Fv2%2Fproduct_tag&post=1986"}],"curies":[{"name":"wp","href":"https:\/\/api.w.org\/{rel}","templated":true}]}}