{"id":1979,"date":"2024-11-08T15:40:52","date_gmt":"2024-11-08T14:40:52","guid":{"rendered":"https:\/\/grandline.200.solutions\/?post_type=product&#038;p=1979"},"modified":"2024-11-13T12:19:29","modified_gmt":"2024-11-13T11:19:29","slug":"my-hero-academia-plus-ultra-odznacek","status":"publish","type":"product","link":"https:\/\/grandline.200.solutions\/?product=my-hero-academia-plus-ultra-odznacek","title":{"rendered":"My Hero Academia Plus Ultra Odzn\u00e1\u010dek"},"content":{"rendered":"<p style=\"font-weight: 400;\">Odzn\u00e1\u010dek <strong>My Hero Academia Plus Ultra<\/strong> je inspirovan\u00fd \u0161koln\u00edm mottem z popul\u00e1rn\u00edho anime My Hero Academia. Je ide\u00e1ln\u00ed pro fanou\u0161ky t\u00e9to s\u00e9rie.<\/p>\n<p style=\"font-weight: 400;\"><strong>Vlastnosti: <\/strong><\/p>\n<p style=\"font-weight: 400;\">Rozm\u011bry &#8211; 2 cm x 3 cm<\/p>\n<p style=\"font-weight: 400;\">Materi\u00e1l &#8211; Vysoce kvalitn\u00ed kov<\/p>\n","protected":false},"excerpt":{"rendered":"<p style=\"font-weight: 400;\">Odzn\u00e1\u010dek <strong>My Hero Academia Plus Ultra<\/strong> je inspirovan\u00fd \u0161koln\u00edm mottem z popul\u00e1rn\u00edho anime My Hero Academia. Je ide\u00e1ln\u00ed pro fanou\u0161ky t\u00e9to s\u00e9rie.<\/p>\n","protected":false},"featured_media":1984,"comment_status":"open","ping_status":"closed","template":"","meta":{"inline_featured_image":false},"product_cat":[76,72,62],"product_tag":[],"class_list":{"0":"post-1979","1":"product","2":"type-product","3":"status-publish","4":"has-post-thumbnail","6":"product_cat-abystyle","7":"product_cat-my-hero-academia","8":"product_cat-odznacky","10":"first","11":"instock","12":"shipping-taxable","13":"purchasable","14":"product-type-simple"},"_links":{"self":[{"href":"https:\/\/grandline.200.solutions\/index.php?rest_route=\/wp\/v2\/product\/1979","targetHints":{"allow":["GET"]}}],"collection":[{"href":"https:\/\/grandline.200.solutions\/index.php?rest_route=\/wp\/v2\/product"}],"about":[{"href":"https:\/\/grandline.200.solutions\/index.php?rest_route=\/wp\/v2\/types\/product"}],"replies":[{"embeddable":true,"href":"https:\/\/grandline.200.solutions\/index.php?rest_route=%2Fwp%2Fv2%2Fcomments&post=1979"}],"wp:featuredmedia":[{"embeddable":true,"href":"https:\/\/grandline.200.solutions\/index.php?rest_route=\/wp\/v2\/media\/1984"}],"wp:attachment":[{"href":"https:\/\/grandline.200.solutions\/index.php?rest_route=%2Fwp%2Fv2%2Fmedia&parent=1979"}],"wp:term":[{"taxonomy":"product_cat","embeddable":true,"href":"https:\/\/grandline.200.solutions\/index.php?rest_route=%2Fwp%2Fv2%2Fproduct_cat&post=1979"},{"taxonomy":"product_tag","embeddable":true,"href":"https:\/\/grandline.200.solutions\/index.php?rest_route=%2Fwp%2Fv2%2Fproduct_tag&post=1979"}],"curies":[{"name":"wp","href":"https:\/\/api.w.org\/{rel}","templated":true}]}}