{"id":1966,"date":"2024-11-08T15:33:53","date_gmt":"2024-11-08T14:33:53","guid":{"rendered":"https:\/\/grandline.200.solutions\/?post_type=product&#038;p=1966"},"modified":"2024-11-13T12:21:41","modified_gmt":"2024-11-13T11:21:41","slug":"fullmetal-alchemist-key-art-plakat","status":"publish","type":"product","link":"https:\/\/grandline.200.solutions\/?product=fullmetal-alchemist-key-art-plakat","title":{"rendered":"Fullmetal Alchemist Key Art Plak\u00e1t"},"content":{"rendered":"<p>Plak\u00e1t <strong>Fullmetal Alchemist Key Art<\/strong> zobrazuje ikonick\u00e9 postavy z anime Fullmetal Alchemist v dramatick\u00e9 a detailn\u00ed sc\u00e9n\u011b. Ilustrace zachycuje bratry Elricovy spolu s jejich spojenci a nep\u0159\u00e1teli, co\u017e z n\u011bj \u010din\u00ed skv\u011bl\u00fd dopln\u011bk pro ka\u017ed\u00e9ho fanou\u0161ka s\u00e9rie. Plak\u00e1t je opat\u0159en ochrannou vrstvou proti degradaci barev, co\u017e zaji\u0161\u0165uje jeho dlouhou \u017eivotnost.<\/p>\n<p><strong>Vlastnosti: <\/strong><\/p>\n<p>V\u00fd\u0161ka &#8211; 91,5 cm<\/p>\n<p>\u0160\u00ed\u0159ka &#8211; 61 cm<\/p>\n","protected":false},"excerpt":{"rendered":"<p>Plak\u00e1t <strong>Fullmetal Alchemist Key Art<\/strong> zobrazuje ikonick\u00e9 postavy z anime Fullmetal Alchemist v dramatick\u00e9 a detailn\u00ed sc\u00e9n\u011b. Ilustrace zachycuje bratry Elricovy spolu s jejich spojenci a nep\u0159\u00e1teli, co\u017e z n\u011bj \u010din\u00ed skv\u011bl\u00fd dopln\u011bk pro ka\u017ed\u00e9ho fanou\u0161ka s\u00e9rie. Plak\u00e1t je opat\u0159en ochrannou vrstvou proti degradaci barev, co\u017e zaji\u0161\u0165uje jeho dlouhou \u017eivotnost.<\/p>\n","protected":false},"featured_media":1969,"comment_status":"open","ping_status":"closed","template":"","meta":{"inline_featured_image":false},"product_cat":[76,50,59],"product_tag":[],"class_list":{"0":"post-1966","1":"product","2":"type-product","3":"status-publish","4":"has-post-thumbnail","6":"product_cat-abystyle","7":"product_cat-fullmetal-alchemist","8":"product_cat-plakaty","10":"first","11":"instock","12":"shipping-taxable","13":"purchasable","14":"product-type-simple"},"_links":{"self":[{"href":"https:\/\/grandline.200.solutions\/index.php?rest_route=\/wp\/v2\/product\/1966","targetHints":{"allow":["GET"]}}],"collection":[{"href":"https:\/\/grandline.200.solutions\/index.php?rest_route=\/wp\/v2\/product"}],"about":[{"href":"https:\/\/grandline.200.solutions\/index.php?rest_route=\/wp\/v2\/types\/product"}],"replies":[{"embeddable":true,"href":"https:\/\/grandline.200.solutions\/index.php?rest_route=%2Fwp%2Fv2%2Fcomments&post=1966"}],"wp:featuredmedia":[{"embeddable":true,"href":"https:\/\/grandline.200.solutions\/index.php?rest_route=\/wp\/v2\/media\/1969"}],"wp:attachment":[{"href":"https:\/\/grandline.200.solutions\/index.php?rest_route=%2Fwp%2Fv2%2Fmedia&parent=1966"}],"wp:term":[{"taxonomy":"product_cat","embeddable":true,"href":"https:\/\/grandline.200.solutions\/index.php?rest_route=%2Fwp%2Fv2%2Fproduct_cat&post=1966"},{"taxonomy":"product_tag","embeddable":true,"href":"https:\/\/grandline.200.solutions\/index.php?rest_route=%2Fwp%2Fv2%2Fproduct_tag&post=1966"}],"curies":[{"name":"wp","href":"https:\/\/api.w.org\/{rel}","templated":true}]}}