{"id":1960,"date":"2024-11-08T15:32:02","date_gmt":"2024-11-08T14:32:02","guid":{"rendered":"https:\/\/grandline.200.solutions\/?post_type=product&#038;p=1960"},"modified":"2024-11-13T12:22:02","modified_gmt":"2024-11-13T11:22:02","slug":"fullmetal-alchemist-elric-brothers-chibi-hrnek","status":"publish","type":"product","link":"https:\/\/grandline.200.solutions\/?product=fullmetal-alchemist-elric-brothers-chibi-hrnek","title":{"rendered":"Fullmetal Alchemist Elric Brothers Chibi Hrnek"},"content":{"rendered":"<p>Hrnek<strong> Fullmetal Alchemist Elric Brothers Chibi <\/strong>je ofici\u00e1ln\u011b licencovan\u00fd produkt s motivem z anime Fullmetal Alchemist: Brotherhood. Hrnek zobrazuje roztomil\u00e9 chibi verze bratr\u016f Elricov\u00fdch, co\u017e z n\u011bj \u010din\u00ed skv\u011bl\u00fd dopln\u011bk pro ka\u017ed\u00e9ho fanou\u0161ka s\u00e9rie.<\/p>\n<p><b>Vlastnosti:\u00a0<\/b><\/p>\n<p><span style=\"font-weight: 400;\">Objem &#8211; <\/span><span style=\"font-weight: 400;\">320 ml<\/span><\/p>\n<p><span style=\"font-weight: 400;\">Materi\u00e1l &#8211; Keramika<\/span><\/p>\n<p><span style=\"font-weight: 400;\">Vhodn\u00fd do my\u010dky a mikrovlnky<\/span><\/p>\n","protected":false},"excerpt":{"rendered":"<p>Hrnek<strong> Fullmetal Alchemist Elric Brothers Chibi <\/strong>je ofici\u00e1ln\u011b licencovan\u00fd produkt s motivem z anime Fullmetal Alchemist: Brotherhood. Hrnek zobrazuje roztomil\u00e9 chibi verze bratr\u016f Elricov\u00fdch, co\u017e z n\u011bj \u010din\u00ed skv\u011bl\u00fd dopln\u011bk pro ka\u017ed\u00e9ho fanou\u0161ka s\u00e9rie.<\/p>\n","protected":false},"featured_media":1965,"comment_status":"open","ping_status":"closed","template":"","meta":{"inline_featured_image":false},"product_cat":[76,50,58],"product_tag":[],"class_list":{"0":"post-1960","1":"product","2":"type-product","3":"status-publish","4":"has-post-thumbnail","6":"product_cat-abystyle","7":"product_cat-fullmetal-alchemist","8":"product_cat-nadobi","10":"first","11":"instock","12":"shipping-taxable","13":"purchasable","14":"product-type-simple"},"_links":{"self":[{"href":"https:\/\/grandline.200.solutions\/index.php?rest_route=\/wp\/v2\/product\/1960","targetHints":{"allow":["GET"]}}],"collection":[{"href":"https:\/\/grandline.200.solutions\/index.php?rest_route=\/wp\/v2\/product"}],"about":[{"href":"https:\/\/grandline.200.solutions\/index.php?rest_route=\/wp\/v2\/types\/product"}],"replies":[{"embeddable":true,"href":"https:\/\/grandline.200.solutions\/index.php?rest_route=%2Fwp%2Fv2%2Fcomments&post=1960"}],"wp:featuredmedia":[{"embeddable":true,"href":"https:\/\/grandline.200.solutions\/index.php?rest_route=\/wp\/v2\/media\/1965"}],"wp:attachment":[{"href":"https:\/\/grandline.200.solutions\/index.php?rest_route=%2Fwp%2Fv2%2Fmedia&parent=1960"}],"wp:term":[{"taxonomy":"product_cat","embeddable":true,"href":"https:\/\/grandline.200.solutions\/index.php?rest_route=%2Fwp%2Fv2%2Fproduct_cat&post=1960"},{"taxonomy":"product_tag","embeddable":true,"href":"https:\/\/grandline.200.solutions\/index.php?rest_route=%2Fwp%2Fv2%2Fproduct_tag&post=1960"}],"curies":[{"name":"wp","href":"https:\/\/api.w.org\/{rel}","templated":true}]}}