{"id":1955,"date":"2024-11-08T14:10:48","date_gmt":"2024-11-08T13:10:48","guid":{"rendered":"https:\/\/grandline.200.solutions\/?post_type=product&#038;p=1955"},"modified":"2024-11-13T12:22:15","modified_gmt":"2024-11-13T11:22:15","slug":"my-hero-academia-the-evil-villains-tomura-shigaraki","status":"publish","type":"product","link":"https:\/\/grandline.200.solutions\/?product=my-hero-academia-the-evil-villains-tomura-shigaraki","title":{"rendered":"My Hero Academia The Evil Villains Tomura Shigaraki"},"content":{"rendered":"<p style=\"font-weight: 400;\">Figurka <strong>My Hero Academia The Evil Villains Tomura Shigaraki <\/strong>je detailn\u011b zpracovan\u00e1 a zachycuje Shigarakiho v jeho ikonick\u00e9 a d\u011bsiv\u00e9 p\u00f3ze, p\u0159ipraven\u00e9ho k boji. Tento sb\u011bratelsk\u00fd kousek by nem\u011bl chyb\u011bt ve sb\u00edrce \u017e\u00e1dn\u00e9ho fanou\u0161ka My Hero Academia.<\/p>\n<p style=\"font-weight: 400;\"><strong>Vlastnosti: <\/strong><\/p>\n<p style=\"font-weight: 400;\">V\u00fd\u0161ka &#8211; 10 cm<\/p>\n<p style=\"font-weight: 400;\">Materi\u00e1l &#8211; PVC<\/p>\n<p style=\"font-weight: 400;\">Detailn\u00ed proveden\u00ed<\/p>\n<p style=\"font-weight: 400;\">Sb\u011bratelsk\u00e1 edice<\/p>\n","protected":false},"excerpt":{"rendered":"<p style=\"font-weight: 400;\">Figurka <strong>My Hero Academia The Evil Villains Tomura Shigaraki <\/strong>je detailn\u011b zpracovan\u00e1 a zachycuje Shigarakiho v jeho ikonick\u00e9 a d\u011bsiv\u00e9 p\u00f3ze, p\u0159ipraven\u00e9ho k boji. Tento sb\u011bratelsk\u00fd kousek by nem\u011bl chyb\u011bt ve sb\u00edrce \u017e\u00e1dn\u00e9ho fanou\u0161ka My Hero Academia.<\/p>\n","protected":false},"featured_media":1956,"comment_status":"open","ping_status":"closed","template":"","meta":{"inline_featured_image":false},"product_cat":[77,60,72],"product_tag":[],"class_list":{"0":"post-1955","1":"product","2":"type-product","3":"status-publish","4":"has-post-thumbnail","6":"product_cat-bandai-spirits","7":"product_cat-figurky","8":"product_cat-my-hero-academia","10":"first","11":"instock","12":"shipping-taxable","13":"purchasable","14":"product-type-simple"},"_links":{"self":[{"href":"https:\/\/grandline.200.solutions\/index.php?rest_route=\/wp\/v2\/product\/1955","targetHints":{"allow":["GET"]}}],"collection":[{"href":"https:\/\/grandline.200.solutions\/index.php?rest_route=\/wp\/v2\/product"}],"about":[{"href":"https:\/\/grandline.200.solutions\/index.php?rest_route=\/wp\/v2\/types\/product"}],"replies":[{"embeddable":true,"href":"https:\/\/grandline.200.solutions\/index.php?rest_route=%2Fwp%2Fv2%2Fcomments&post=1955"}],"wp:featuredmedia":[{"embeddable":true,"href":"https:\/\/grandline.200.solutions\/index.php?rest_route=\/wp\/v2\/media\/1956"}],"wp:attachment":[{"href":"https:\/\/grandline.200.solutions\/index.php?rest_route=%2Fwp%2Fv2%2Fmedia&parent=1955"}],"wp:term":[{"taxonomy":"product_cat","embeddable":true,"href":"https:\/\/grandline.200.solutions\/index.php?rest_route=%2Fwp%2Fv2%2Fproduct_cat&post=1955"},{"taxonomy":"product_tag","embeddable":true,"href":"https:\/\/grandline.200.solutions\/index.php?rest_route=%2Fwp%2Fv2%2Fproduct_tag&post=1955"}],"curies":[{"name":"wp","href":"https:\/\/api.w.org\/{rel}","templated":true}]}}