{"id":1952,"date":"2024-11-08T14:07:32","date_gmt":"2024-11-08T13:07:32","guid":{"rendered":"https:\/\/grandline.200.solutions\/?post_type=product&#038;p=1952"},"modified":"2024-11-13T12:22:19","modified_gmt":"2024-11-13T11:22:19","slug":"my-hero-academia-the-evil-villains-dx-iii-himiko-toga","status":"publish","type":"product","link":"https:\/\/grandline.200.solutions\/?product=my-hero-academia-the-evil-villains-dx-iii-himiko-toga","title":{"rendered":"My Hero Academia The Evil Villains DX III Himiko Toga"},"content":{"rendered":"<p style=\"font-weight: 400;\">Figurka <strong>My Hero Academia The Evil Villains DX III Himiko Toga<\/strong> zobrazuje Togu s jej\u00edm charakteristick\u00fdm v\u00fdrazem a vybaven\u00edm, co\u017e dokonale vystihuje jej\u00ed temnou a nebezpe\u010dnou povahu. Figurka je detailn\u011b zpracovan\u00e1 a nadchne ka\u017ed\u00e9ho fanou\u0161ka anime s\u00e9rie My Hero Academia.<\/p>\n<p style=\"font-weight: 400;\"><strong>Vlastnosti: <\/strong><\/p>\n<p style=\"font-weight: 400;\">V\u00fd\u0161ka &#8211; 18 cm<\/p>\n<p style=\"font-weight: 400;\">Materi\u00e1l &#8211; PVC<\/p>\n<p style=\"font-weight: 400;\">Detailn\u00ed proveden\u00ed<\/p>\n<p style=\"font-weight: 400;\">Sb\u011bratelsk\u00e1 edice<\/p>\n","protected":false},"excerpt":{"rendered":"<p style=\"font-weight: 400;\">Figurka <strong>My Hero Academia The Evil Villains DX III Himiko Toga<\/strong> zobrazuje Togu s jej\u00edm charakteristick\u00fdm v\u00fdrazem a vybaven\u00edm, co\u017e dokonale vystihuje jej\u00ed temnou a nebezpe\u010dnou povahu. Figurka je detailn\u011b zpracovan\u00e1 a nadchne ka\u017ed\u00e9ho fanou\u0161ka anime s\u00e9rie My Hero Academia.<\/p>\n","protected":false},"featured_media":1954,"comment_status":"open","ping_status":"closed","template":"","meta":{"inline_featured_image":false},"product_cat":[77,60,72],"product_tag":[],"class_list":{"0":"post-1952","1":"product","2":"type-product","3":"status-publish","4":"has-post-thumbnail","6":"product_cat-bandai-spirits","7":"product_cat-figurky","8":"product_cat-my-hero-academia","10":"first","11":"instock","12":"shipping-taxable","13":"purchasable","14":"product-type-simple"},"_links":{"self":[{"href":"https:\/\/grandline.200.solutions\/index.php?rest_route=\/wp\/v2\/product\/1952","targetHints":{"allow":["GET"]}}],"collection":[{"href":"https:\/\/grandline.200.solutions\/index.php?rest_route=\/wp\/v2\/product"}],"about":[{"href":"https:\/\/grandline.200.solutions\/index.php?rest_route=\/wp\/v2\/types\/product"}],"replies":[{"embeddable":true,"href":"https:\/\/grandline.200.solutions\/index.php?rest_route=%2Fwp%2Fv2%2Fcomments&post=1952"}],"wp:featuredmedia":[{"embeddable":true,"href":"https:\/\/grandline.200.solutions\/index.php?rest_route=\/wp\/v2\/media\/1954"}],"wp:attachment":[{"href":"https:\/\/grandline.200.solutions\/index.php?rest_route=%2Fwp%2Fv2%2Fmedia&parent=1952"}],"wp:term":[{"taxonomy":"product_cat","embeddable":true,"href":"https:\/\/grandline.200.solutions\/index.php?rest_route=%2Fwp%2Fv2%2Fproduct_cat&post=1952"},{"taxonomy":"product_tag","embeddable":true,"href":"https:\/\/grandline.200.solutions\/index.php?rest_route=%2Fwp%2Fv2%2Fproduct_tag&post=1952"}],"curies":[{"name":"wp","href":"https:\/\/api.w.org\/{rel}","templated":true}]}}