{"id":1950,"date":"2024-11-08T14:04:27","date_gmt":"2024-11-08T13:04:27","guid":{"rendered":"https:\/\/grandline.200.solutions\/?post_type=product&#038;p=1950"},"modified":"2024-11-13T12:22:38","modified_gmt":"2024-11-13T11:22:38","slug":"hatsune-miku-screen-plakat","status":"publish","type":"product","link":"https:\/\/grandline.200.solutions\/?product=hatsune-miku-screen-plakat","title":{"rendered":"Hatsune Miku Screen Plak\u00e1t"},"content":{"rendered":"<p>Plak\u00e1t <strong>Hatsune Miku Screen<\/strong> zobrazuje Hatsune Miku na stylizovan\u00e9m pozad\u00ed, co\u017e p\u0159in\u00e1\u0161\u00ed do va\u0161eho prostoru v\u00fdrazn\u00fd a barevn\u00fd prvek. Ide\u00e1ln\u00ed pro fanou\u0161ky, kte\u0159\u00ed cht\u011bj\u00ed ozdobit sv\u016fj pokoj nebo kancel\u00e1\u0159 obr\u00e1zkem sv\u00e9 obl\u00edben\u00e9 virtu\u00e1ln\u00ed zp\u011bva\u010dky.<\/p>\n<p><strong>Vlastnosti: <\/strong><\/p>\n<p>V\u00fd\u0161ka &#8211; 91,5 cm<\/p>\n<p>\u0160\u00ed\u0159ka &#8211; 61 cm<\/p>\n","protected":false},"excerpt":{"rendered":"<p>Plak\u00e1t <strong>Hatsune Miku Screen<\/strong> zobrazuje Hatsune Miku na stylizovan\u00e9m pozad\u00ed, co\u017e p\u0159in\u00e1\u0161\u00ed do va\u0161eho prostoru v\u00fdrazn\u00fd a barevn\u00fd prvek. Ide\u00e1ln\u00ed pro fanou\u0161ky, kte\u0159\u00ed cht\u011bj\u00ed ozdobit sv\u016fj pokoj nebo kancel\u00e1\u0159 obr\u00e1zkem sv\u00e9 obl\u00edben\u00e9 virtu\u00e1ln\u00ed zp\u011bva\u010dky.<\/p>\n<p>&nbsp;<\/p>\n","protected":false},"featured_media":1953,"comment_status":"open","ping_status":"closed","template":"","meta":{"inline_featured_image":false},"product_cat":[76,52,59],"product_tag":[],"class_list":{"0":"post-1950","1":"product","2":"type-product","3":"status-publish","4":"has-post-thumbnail","6":"product_cat-abystyle","7":"product_cat-hatsune-miku","8":"product_cat-plakaty","10":"first","11":"instock","12":"shipping-taxable","13":"purchasable","14":"product-type-simple"},"_links":{"self":[{"href":"https:\/\/grandline.200.solutions\/index.php?rest_route=\/wp\/v2\/product\/1950","targetHints":{"allow":["GET"]}}],"collection":[{"href":"https:\/\/grandline.200.solutions\/index.php?rest_route=\/wp\/v2\/product"}],"about":[{"href":"https:\/\/grandline.200.solutions\/index.php?rest_route=\/wp\/v2\/types\/product"}],"replies":[{"embeddable":true,"href":"https:\/\/grandline.200.solutions\/index.php?rest_route=%2Fwp%2Fv2%2Fcomments&post=1950"}],"wp:featuredmedia":[{"embeddable":true,"href":"https:\/\/grandline.200.solutions\/index.php?rest_route=\/wp\/v2\/media\/1953"}],"wp:attachment":[{"href":"https:\/\/grandline.200.solutions\/index.php?rest_route=%2Fwp%2Fv2%2Fmedia&parent=1950"}],"wp:term":[{"taxonomy":"product_cat","embeddable":true,"href":"https:\/\/grandline.200.solutions\/index.php?rest_route=%2Fwp%2Fv2%2Fproduct_cat&post=1950"},{"taxonomy":"product_tag","embeddable":true,"href":"https:\/\/grandline.200.solutions\/index.php?rest_route=%2Fwp%2Fv2%2Fproduct_tag&post=1950"}],"curies":[{"name":"wp","href":"https:\/\/api.w.org\/{rel}","templated":true}]}}