{"id":1948,"date":"2024-11-08T14:03:06","date_gmt":"2024-11-08T13:03:06","guid":{"rendered":"https:\/\/grandline.200.solutions\/?post_type=product&#038;p=1948"},"modified":"2024-11-13T12:22:50","modified_gmt":"2024-11-13T11:22:50","slug":"hatsune-miku-luka-plakat","status":"publish","type":"product","link":"https:\/\/grandline.200.solutions\/?product=hatsune-miku-luka-plakat","title":{"rendered":"Hatsune Miku Luka Plak\u00e1t"},"content":{"rendered":"<p>Plak\u00e1t <strong>Hatsune Miku Luka <\/strong>zobrazuje r\u016f\u017eovovlasou Megurine LukaTento plak\u00e1t je ide\u00e1ln\u00edm dopl\u0148kem pro ka\u017ed\u00e9ho fanou\u0161ka vocaloid\u016f.<\/p>\n<p><strong>Vlastnosti: <\/strong><\/p>\n<p>V\u00fd\u0161ka &#8211; 52 cm<\/p>\n<p>\u0160\u00ed\u0159ka &#8211; 38 cm<\/p>\n","protected":false},"excerpt":{"rendered":"<p>Plak\u00e1t <strong>Hatsune Miku Luka <\/strong>zobrazuje r\u016f\u017eovovlasou Megurine LukaTento plak\u00e1t je ide\u00e1ln\u00edm dopl\u0148kem pro ka\u017ed\u00e9ho fanou\u0161ka vocaloid\u016f.<\/p>\n<p>&nbsp;<\/p>\n","protected":false},"featured_media":1949,"comment_status":"open","ping_status":"closed","template":"","meta":{"inline_featured_image":false},"product_cat":[76,52,59],"product_tag":[],"class_list":{"0":"post-1948","1":"product","2":"type-product","3":"status-publish","4":"has-post-thumbnail","6":"product_cat-abystyle","7":"product_cat-hatsune-miku","8":"product_cat-plakaty","10":"first","11":"instock","12":"shipping-taxable","13":"purchasable","14":"product-type-simple"},"_links":{"self":[{"href":"https:\/\/grandline.200.solutions\/index.php?rest_route=\/wp\/v2\/product\/1948","targetHints":{"allow":["GET"]}}],"collection":[{"href":"https:\/\/grandline.200.solutions\/index.php?rest_route=\/wp\/v2\/product"}],"about":[{"href":"https:\/\/grandline.200.solutions\/index.php?rest_route=\/wp\/v2\/types\/product"}],"replies":[{"embeddable":true,"href":"https:\/\/grandline.200.solutions\/index.php?rest_route=%2Fwp%2Fv2%2Fcomments&post=1948"}],"wp:featuredmedia":[{"embeddable":true,"href":"https:\/\/grandline.200.solutions\/index.php?rest_route=\/wp\/v2\/media\/1949"}],"wp:attachment":[{"href":"https:\/\/grandline.200.solutions\/index.php?rest_route=%2Fwp%2Fv2%2Fmedia&parent=1948"}],"wp:term":[{"taxonomy":"product_cat","embeddable":true,"href":"https:\/\/grandline.200.solutions\/index.php?rest_route=%2Fwp%2Fv2%2Fproduct_cat&post=1948"},{"taxonomy":"product_tag","embeddable":true,"href":"https:\/\/grandline.200.solutions\/index.php?rest_route=%2Fwp%2Fv2%2Fproduct_tag&post=1948"}],"curies":[{"name":"wp","href":"https:\/\/api.w.org\/{rel}","templated":true}]}}