{"id":1944,"date":"2024-11-08T14:00:41","date_gmt":"2024-11-08T13:00:41","guid":{"rendered":"https:\/\/grandline.200.solutions\/?post_type=product&#038;p=1944"},"modified":"2024-11-13T12:23:03","modified_gmt":"2024-11-13T11:23:03","slug":"haikyuu-key-art-season-1-plakat","status":"publish","type":"product","link":"https:\/\/grandline.200.solutions\/?product=haikyuu-key-art-season-1-plakat","title":{"rendered":"Haikyuu!! Key Art Season 1 Plak\u00e1t"},"content":{"rendered":"<p>Plak\u00e1t <strong>Haikyuu!! Key Art Season 1<\/strong> zachycuje energick\u00e9 postavy volejbalov\u00e9ho klubu Karasuno, kter\u00e9 jsou p\u0159ipraveny \u010delit sv\u00fdm nejv\u011bt\u0161\u00edm soupe\u0159\u016fm. O\u017eivte sv\u016fj prostor s t\u00edmto dynamick\u00fdm plak\u00e1tem z prvn\u00ed sez\u00f3ny obl\u00edben\u00e9ho anime <em>Haikyu!!<\/em>. Plak\u00e1t je opat\u0159en ochrannou vrstvou proti degradaci barev, co\u017e zaji\u0161\u0165uje jeho dlouhou \u017eivotnost.<\/p>\n<p><strong>Vlastnosti: <\/strong><\/p>\n<p>V\u00fd\u0161ka &#8211; 91,5 cm<\/p>\n<p>\u0160\u00ed\u0159ka &#8211; 61 cm<\/p>\n","protected":false},"excerpt":{"rendered":"<p>Plak\u00e1t <strong>Haikyuu!! Key Art Season 1<\/strong> zachycuje energick\u00e9 postavy volejbalov\u00e9ho klubu Karasuno, kter\u00e9 jsou p\u0159ipraveny \u010delit sv\u00fdm nejv\u011bt\u0161\u00edm soupe\u0159\u016fm. O\u017eivte sv\u016fj prostor s t\u00edmto dynamick\u00fdm plak\u00e1tem z prvn\u00ed sez\u00f3ny obl\u00edben\u00e9ho anime <em>Haikyu!!<\/em>. Plak\u00e1t je opat\u0159en ochrannou vrstvou proti degradaci barev, co\u017e zaji\u0161\u0165uje jeho dlouhou \u017eivotnost.<\/p>\n","protected":false},"featured_media":1946,"comment_status":"open","ping_status":"closed","template":"","meta":{"inline_featured_image":false},"product_cat":[76,51,59],"product_tag":[],"class_list":{"0":"post-1944","1":"product","2":"type-product","3":"status-publish","4":"has-post-thumbnail","6":"product_cat-abystyle","7":"product_cat-haikyuu","8":"product_cat-plakaty","10":"first","11":"instock","12":"shipping-taxable","13":"purchasable","14":"product-type-simple"},"_links":{"self":[{"href":"https:\/\/grandline.200.solutions\/index.php?rest_route=\/wp\/v2\/product\/1944","targetHints":{"allow":["GET"]}}],"collection":[{"href":"https:\/\/grandline.200.solutions\/index.php?rest_route=\/wp\/v2\/product"}],"about":[{"href":"https:\/\/grandline.200.solutions\/index.php?rest_route=\/wp\/v2\/types\/product"}],"replies":[{"embeddable":true,"href":"https:\/\/grandline.200.solutions\/index.php?rest_route=%2Fwp%2Fv2%2Fcomments&post=1944"}],"wp:featuredmedia":[{"embeddable":true,"href":"https:\/\/grandline.200.solutions\/index.php?rest_route=\/wp\/v2\/media\/1946"}],"wp:attachment":[{"href":"https:\/\/grandline.200.solutions\/index.php?rest_route=%2Fwp%2Fv2%2Fmedia&parent=1944"}],"wp:term":[{"taxonomy":"product_cat","embeddable":true,"href":"https:\/\/grandline.200.solutions\/index.php?rest_route=%2Fwp%2Fv2%2Fproduct_cat&post=1944"},{"taxonomy":"product_tag","embeddable":true,"href":"https:\/\/grandline.200.solutions\/index.php?rest_route=%2Fwp%2Fv2%2Fproduct_tag&post=1944"}],"curies":[{"name":"wp","href":"https:\/\/api.w.org\/{rel}","templated":true}]}}