{"id":1940,"date":"2024-11-08T14:00:34","date_gmt":"2024-11-08T13:00:34","guid":{"rendered":"https:\/\/grandline.200.solutions\/?post_type=product&#038;p=1940"},"modified":"2024-11-13T12:23:08","modified_gmt":"2024-11-13T11:23:08","slug":"my-hero-academia-the-amazing-heroes-plus-todoroki-shoto","status":"publish","type":"product","link":"https:\/\/grandline.200.solutions\/?product=my-hero-academia-the-amazing-heroes-plus-todoroki-shoto","title":{"rendered":"My Hero Academia THE AMAZING HEROES PLUS Todoroki Shoto"},"content":{"rendered":"<p style=\"font-weight: 400;\">Figurka <strong>My Hero Academia THE AMAZING HEROES PLUS Todoroki Shoto <\/strong>je detailn\u011b zpracovan\u00e1 a zachycuje Todorokiho s jeho nov\u00fdm speci\u00e1ln\u00edm \u00fatokem nazvan\u00fdm Phosphor. Tento sb\u011bratelsk\u00fd kousek je ide\u00e1ln\u00ed pro ka\u017ed\u00e9ho fanou\u0161ka anime My Hero Academia.<\/p>\n<p style=\"font-weight: 400;\"><strong>Vlastnosti: <\/strong><\/p>\n<p style=\"font-weight: 400;\">V\u00fd\u0161ka &#8211; 12 cm<\/p>\n<p style=\"font-weight: 400;\">Materi\u00e1l &#8211; PVC<\/p>\n<p style=\"font-weight: 400;\">Detailn\u00ed proveden\u00ed<\/p>\n<p style=\"font-weight: 400;\">Sb\u011bratelsk\u00e1 edice<\/p>\n","protected":false},"excerpt":{"rendered":"<p style=\"font-weight: 400;\">Figurka <strong>My Hero Academia THE AMAZING HEROES PLUS Todoroki Shoto <\/strong>je detailn\u011b zpracovan\u00e1 a zachycuje Todorokiho s jeho nov\u00fdm speci\u00e1ln\u00edm \u00fatokem nazvan\u00fdm Phosphor. Tento sb\u011bratelsk\u00fd kousek je ide\u00e1ln\u00ed pro ka\u017ed\u00e9ho fanou\u0161ka anime My Hero Academia.<\/p>\n","protected":false},"featured_media":1945,"comment_status":"open","ping_status":"closed","template":"","meta":{"inline_featured_image":false},"product_cat":[77,60,72],"product_tag":[],"class_list":{"0":"post-1940","1":"product","2":"type-product","3":"status-publish","4":"has-post-thumbnail","6":"product_cat-bandai-spirits","7":"product_cat-figurky","8":"product_cat-my-hero-academia","10":"first","11":"instock","12":"shipping-taxable","13":"purchasable","14":"product-type-simple"},"_links":{"self":[{"href":"https:\/\/grandline.200.solutions\/index.php?rest_route=\/wp\/v2\/product\/1940","targetHints":{"allow":["GET"]}}],"collection":[{"href":"https:\/\/grandline.200.solutions\/index.php?rest_route=\/wp\/v2\/product"}],"about":[{"href":"https:\/\/grandline.200.solutions\/index.php?rest_route=\/wp\/v2\/types\/product"}],"replies":[{"embeddable":true,"href":"https:\/\/grandline.200.solutions\/index.php?rest_route=%2Fwp%2Fv2%2Fcomments&post=1940"}],"wp:featuredmedia":[{"embeddable":true,"href":"https:\/\/grandline.200.solutions\/index.php?rest_route=\/wp\/v2\/media\/1945"}],"wp:attachment":[{"href":"https:\/\/grandline.200.solutions\/index.php?rest_route=%2Fwp%2Fv2%2Fmedia&parent=1940"}],"wp:term":[{"taxonomy":"product_cat","embeddable":true,"href":"https:\/\/grandline.200.solutions\/index.php?rest_route=%2Fwp%2Fv2%2Fproduct_cat&post=1940"},{"taxonomy":"product_tag","embeddable":true,"href":"https:\/\/grandline.200.solutions\/index.php?rest_route=%2Fwp%2Fv2%2Fproduct_tag&post=1940"}],"curies":[{"name":"wp","href":"https:\/\/api.w.org\/{rel}","templated":true}]}}