{"id":1939,"date":"2024-11-08T13:59:25","date_gmt":"2024-11-08T12:59:25","guid":{"rendered":"https:\/\/grandline.200.solutions\/?post_type=product&#038;p=1939"},"modified":"2024-11-13T12:23:13","modified_gmt":"2024-11-13T11:23:13","slug":"haikyuu-rival-teams-hrnek","status":"publish","type":"product","link":"https:\/\/grandline.200.solutions\/?product=haikyuu-rival-teams-hrnek","title":{"rendered":"Haikyuu!! Rival Teams Hrnek"},"content":{"rendered":"<p>Hrnek <strong>Haikyuu!! Rival Teams<\/strong> je stylov\u00fd keramick\u00fd hrnek, kter\u00fd oslavuje rivalitu mezi t\u00fdmy v obl\u00edben\u00e9m anime <em>Haikyu!!<\/em>, a jeho design zahrnuje r\u016fzn\u00e9 t\u00fdmy z anime, jako jsou Karasuno, Nekoma, Aoba Johsai a dal\u0161\u00ed. Ka\u017ed\u00fd t\u00fdm je zobrazen s jejich charakteristick\u00fdmi barvami a logy, co\u017e d\u00e1v\u00e1 hrnku dynamick\u00fd a \u017eiv\u00fd vzhled.<\/p>\n<p><strong>Vlastnosti: <\/strong><\/p>\n<p>Objem &#8211; 320 ml<\/p>\n<p>Materi\u00e1l &#8211; Keramika<\/p>\n<p>Vhodn\u00fd do my\u010dky a mikrovlnky<\/p>\n","protected":false},"excerpt":{"rendered":"<p>Hrnek <strong>Haikyuu!! Rival Teams<\/strong> je stylov\u00fd keramick\u00fd hrnek, kter\u00fd oslavuje rivalitu mezi t\u00fdmy v obl\u00edben\u00e9m anime <em>Haikyu!!<\/em>, a jeho design zahrnuje r\u016fzn\u00e9 t\u00fdmy z anime, jako jsou Karasuno, Nekoma, Aoba Johsai a dal\u0161\u00ed. Ka\u017ed\u00fd t\u00fdm je zobrazen s jejich charakteristick\u00fdmi barvami a logy, co\u017e d\u00e1v\u00e1 hrnku dynamick\u00fd a \u017eiv\u00fd vzhled.<\/p>\n<p>&nbsp;<\/p>\n","protected":false},"featured_media":1943,"comment_status":"open","ping_status":"closed","template":"","meta":{"inline_featured_image":false},"product_cat":[76,51,58],"product_tag":[],"class_list":{"0":"post-1939","1":"product","2":"type-product","3":"status-publish","4":"has-post-thumbnail","6":"product_cat-abystyle","7":"product_cat-haikyuu","8":"product_cat-nadobi","10":"first","11":"instock","12":"shipping-taxable","13":"purchasable","14":"product-type-simple"},"_links":{"self":[{"href":"https:\/\/grandline.200.solutions\/index.php?rest_route=\/wp\/v2\/product\/1939","targetHints":{"allow":["GET"]}}],"collection":[{"href":"https:\/\/grandline.200.solutions\/index.php?rest_route=\/wp\/v2\/product"}],"about":[{"href":"https:\/\/grandline.200.solutions\/index.php?rest_route=\/wp\/v2\/types\/product"}],"replies":[{"embeddable":true,"href":"https:\/\/grandline.200.solutions\/index.php?rest_route=%2Fwp%2Fv2%2Fcomments&post=1939"}],"wp:featuredmedia":[{"embeddable":true,"href":"https:\/\/grandline.200.solutions\/index.php?rest_route=\/wp\/v2\/media\/1943"}],"wp:attachment":[{"href":"https:\/\/grandline.200.solutions\/index.php?rest_route=%2Fwp%2Fv2%2Fmedia&parent=1939"}],"wp:term":[{"taxonomy":"product_cat","embeddable":true,"href":"https:\/\/grandline.200.solutions\/index.php?rest_route=%2Fwp%2Fv2%2Fproduct_cat&post=1939"},{"taxonomy":"product_tag","embeddable":true,"href":"https:\/\/grandline.200.solutions\/index.php?rest_route=%2Fwp%2Fv2%2Fproduct_tag&post=1939"}],"curies":[{"name":"wp","href":"https:\/\/api.w.org\/{rel}","templated":true}]}}