{"id":1932,"date":"2024-11-08T13:57:29","date_gmt":"2024-11-08T12:57:29","guid":{"rendered":"https:\/\/grandline.200.solutions\/?post_type=product&#038;p=1932"},"modified":"2024-11-13T12:23:23","modified_gmt":"2024-11-13T11:23:23","slug":"haikyuu-karasuno-volleyball-club-sportovni-taska","status":"publish","type":"product","link":"https:\/\/grandline.200.solutions\/?product=haikyuu-karasuno-volleyball-club-sportovni-taska","title":{"rendered":"Haikyuu!! Karasuno Volleyball Club Sportovn\u00ed ta\u0161ka"},"content":{"rendered":"<p>Sportovn\u00ed ta\u0161ka <strong>Haikyuu!! Karasuno Volleyball Club<\/strong> je ide\u00e1ln\u00ed pro fanou\u0161ky anime Haikyuu!!. Tato ta\u0161ka je navr\u017eena s ikonick\u00fdm logem Karasuno Volleyball Clubu a je dostate\u010dn\u011b prostorn\u00e1 pro ve\u0161ker\u00e9 va\u0161e sportovn\u00ed vybaven\u00ed, cestovn\u00ed pot\u0159eby nebo ka\u017edodenn\u00ed v\u011bci. M\u00e1 velk\u00fd hlavn\u00ed \u00falo\u017en\u00fd prostor, zadn\u00ed kapsu a nastaviteln\u00fd ramenn\u00ed popruh pro pohodln\u00e9 no\u0161en\u00ed. Je to skv\u011bl\u00fd dopln\u011bk pro ka\u017ed\u00e9ho, kdo chce uk\u00e1zat svou l\u00e1sku k t\u00e9to popul\u00e1rn\u00ed s\u00e9rii.<\/p>\n<p><strong>Vlastnosti: <\/strong><\/p>\n<p>Materi\u00e1l &#8211; Polyester<\/p>\n<p>Rozm\u011bry &#8211; 50 x 25 x 25 cm<\/p>\n<p>Objem &#8211; 23 litr\u016f<\/p>\n","protected":false},"excerpt":{"rendered":"<p>Sportovn\u00ed ta\u0161ka <strong>Haikyuu!! Karasuno Volleyball Club<\/strong> je ide\u00e1ln\u00ed pro fanou\u0161ky anime Haikyuu!!. Tato ta\u0161ka je navr\u017eena s ikonick\u00fdm logem Karasuno Volleyball Clubu a je dostate\u010dn\u011b prostorn\u00e1 pro ve\u0161ker\u00e9 va\u0161e sportovn\u00ed vybaven\u00ed, cestovn\u00ed pot\u0159eby nebo ka\u017edodenn\u00ed v\u011bci. M\u00e1 velk\u00fd hlavn\u00ed \u00falo\u017en\u00fd prostor, zadn\u00ed kapsu a nastaviteln\u00fd ramenn\u00ed popruh pro pohodln\u00e9 no\u0161en\u00ed. Je to skv\u011bl\u00fd dopln\u011bk pro ka\u017ed\u00e9ho, kdo chce uk\u00e1zat svou l\u00e1sku k t\u00e9to popul\u00e1rn\u00ed s\u00e9rii.<\/p>\n","protected":false},"featured_media":1938,"comment_status":"open","ping_status":"closed","template":"","meta":{"inline_featured_image":false},"product_cat":[76,51,61],"product_tag":[],"class_list":{"0":"post-1932","1":"product","2":"type-product","3":"status-publish","4":"has-post-thumbnail","6":"product_cat-abystyle","7":"product_cat-haikyuu","8":"product_cat-sportovni-tasky","10":"first","11":"instock","12":"shipping-taxable","13":"purchasable","14":"product-type-simple"},"_links":{"self":[{"href":"https:\/\/grandline.200.solutions\/index.php?rest_route=\/wp\/v2\/product\/1932","targetHints":{"allow":["GET"]}}],"collection":[{"href":"https:\/\/grandline.200.solutions\/index.php?rest_route=\/wp\/v2\/product"}],"about":[{"href":"https:\/\/grandline.200.solutions\/index.php?rest_route=\/wp\/v2\/types\/product"}],"replies":[{"embeddable":true,"href":"https:\/\/grandline.200.solutions\/index.php?rest_route=%2Fwp%2Fv2%2Fcomments&post=1932"}],"wp:featuredmedia":[{"embeddable":true,"href":"https:\/\/grandline.200.solutions\/index.php?rest_route=\/wp\/v2\/media\/1938"}],"wp:attachment":[{"href":"https:\/\/grandline.200.solutions\/index.php?rest_route=%2Fwp%2Fv2%2Fmedia&parent=1932"}],"wp:term":[{"taxonomy":"product_cat","embeddable":true,"href":"https:\/\/grandline.200.solutions\/index.php?rest_route=%2Fwp%2Fv2%2Fproduct_cat&post=1932"},{"taxonomy":"product_tag","embeddable":true,"href":"https:\/\/grandline.200.solutions\/index.php?rest_route=%2Fwp%2Fv2%2Fproduct_tag&post=1932"}],"curies":[{"name":"wp","href":"https:\/\/api.w.org\/{rel}","templated":true}]}}