{"id":1926,"date":"2024-11-08T13:55:19","date_gmt":"2024-11-08T12:55:19","guid":{"rendered":"https:\/\/grandline.200.solutions\/?post_type=product&#038;p=1926"},"modified":"2024-11-13T12:23:27","modified_gmt":"2024-11-13T11:23:27","slug":"haikyuu-posing-figure-akaashi-keiji","status":"publish","type":"product","link":"https:\/\/grandline.200.solutions\/?product=haikyuu-posing-figure-akaashi-keiji","title":{"rendered":"Haikyuu!! Posing Figure Akaashi Keiji"},"content":{"rendered":"<p>Figurka <strong>Haikyuu!! Posing Figure Akaashi Keiji<\/strong> zobrazuje Keiji Akaashiho, tich\u00e9ho a analytick\u00e9ho nahr\u00e1va\u010de t\u00fdmu Fukurodani Academy. Akaashi je zde zachycen ve sv\u00e9 ikonick\u00e9 p\u00f3ze, kter\u00e1 vyza\u0159uje klidnou sebejistotu a soust\u0159ed\u011bn\u00ed. Tento sb\u011bratelsk\u00fd kousek je skv\u011bl\u00fdm dopl\u0148kem pro ka\u017ed\u00e9ho fanou\u0161ka s\u00e9rie.<\/p>\n<p><strong>Vlastnosti: <\/strong><\/p>\n<p>V\u00fd\u0161ka &#8211; 18 cm<\/p>\n<p>Materi\u00e1l &#8211; PVC<\/p>\n<p>Detailn\u00ed proveden\u00ed<\/p>\n<p>Sb\u011bratelsk\u00e1 edice<\/p>\n","protected":false},"excerpt":{"rendered":"<p>Figurka <strong>Haikyuu!! Posing Figure Akaashi Keiji<\/strong> zobrazuje Keiji Akaashiho, tich\u00e9ho a analytick\u00e9ho nahr\u00e1va\u010de t\u00fdmu Fukurodani Academy. Akaashi je zde zachycen ve sv\u00e9 ikonick\u00e9 p\u00f3ze, kter\u00e1 vyza\u0159uje klidnou sebejistotu a soust\u0159ed\u011bn\u00ed. Tento sb\u011bratelsk\u00fd kousek je skv\u011bl\u00fdm dopl\u0148kem pro ka\u017ed\u00e9ho fanou\u0161ka s\u00e9rie.<\/p>\n","protected":false},"featured_media":1931,"comment_status":"open","ping_status":"closed","template":"","meta":{"inline_featured_image":false},"product_cat":[77,60,51],"product_tag":[],"class_list":{"0":"post-1926","1":"product","2":"type-product","3":"status-publish","4":"has-post-thumbnail","6":"product_cat-bandai-spirits","7":"product_cat-figurky","8":"product_cat-haikyuu","10":"first","11":"instock","12":"shipping-taxable","13":"purchasable","14":"product-type-simple"},"_links":{"self":[{"href":"https:\/\/grandline.200.solutions\/index.php?rest_route=\/wp\/v2\/product\/1926","targetHints":{"allow":["GET"]}}],"collection":[{"href":"https:\/\/grandline.200.solutions\/index.php?rest_route=\/wp\/v2\/product"}],"about":[{"href":"https:\/\/grandline.200.solutions\/index.php?rest_route=\/wp\/v2\/types\/product"}],"replies":[{"embeddable":true,"href":"https:\/\/grandline.200.solutions\/index.php?rest_route=%2Fwp%2Fv2%2Fcomments&post=1926"}],"wp:featuredmedia":[{"embeddable":true,"href":"https:\/\/grandline.200.solutions\/index.php?rest_route=\/wp\/v2\/media\/1931"}],"wp:attachment":[{"href":"https:\/\/grandline.200.solutions\/index.php?rest_route=%2Fwp%2Fv2%2Fmedia&parent=1926"}],"wp:term":[{"taxonomy":"product_cat","embeddable":true,"href":"https:\/\/grandline.200.solutions\/index.php?rest_route=%2Fwp%2Fv2%2Fproduct_cat&post=1926"},{"taxonomy":"product_tag","embeddable":true,"href":"https:\/\/grandline.200.solutions\/index.php?rest_route=%2Fwp%2Fv2%2Fproduct_tag&post=1926"}],"curies":[{"name":"wp","href":"https:\/\/api.w.org\/{rel}","templated":true}]}}