{"id":1925,"date":"2024-11-08T13:54:42","date_gmt":"2024-11-08T12:54:42","guid":{"rendered":"https:\/\/grandline.200.solutions\/?post_type=product&#038;p=1925"},"modified":"2024-11-13T12:23:32","modified_gmt":"2024-11-13T11:23:32","slug":"my-hero-academia-figure-colosseum-zoukei-academy-vol-2-dabi","status":"publish","type":"product","link":"https:\/\/grandline.200.solutions\/?product=my-hero-academia-figure-colosseum-zoukei-academy-vol-2-dabi","title":{"rendered":"My Hero Academia Figure Colosseum Zoukei Academy Vol.2 Dabi (\u0161ed\u00e1 verze)"},"content":{"rendered":"<p style=\"font-weight: 400;\">Figurka <strong>My Hero Academia Figure Colosseum Zoukei Academy Vol.2 Dabi<\/strong> zachycuje Dabiho, jak kr\u00e1\u010d\u00ed sm\u011brem k hrdin\u016fm v zastra\u0161uj\u00edc\u00ed p\u00f3ze, co\u017e dokonale vystihuje jeho temnou a nebezpe\u010dnou povahu. Tento sb\u011bratelsk\u00fd kousek by nem\u011bl chyb\u011bt ve sb\u00edrce \u017e\u00e1dn\u00e9ho fanou\u0161ka s\u00e9rie.<\/p>\n<p style=\"font-weight: 400;\"><strong>Vlastnosti: <\/strong><\/p>\n<p style=\"font-weight: 400;\">V\u00fd\u0161ka &#8211; 18 cm<\/p>\n<p style=\"font-weight: 400;\">Materi\u00e1l &#8211; PVC<\/p>\n<p style=\"font-weight: 400;\">Detailn\u00ed proveden\u00ed<\/p>\n<p style=\"font-weight: 400;\">Sb\u011bratelsk\u00e1 edice<\/p>\n","protected":false},"excerpt":{"rendered":"<p style=\"font-weight: 400;\">Figurka <strong>My Hero Academia Figure Colosseum Zoukei Academy Vol.2 Dabi<\/strong> zachycuje Dabiho, jak kr\u00e1\u010d\u00ed sm\u011brem k hrdin\u016fm v zastra\u0161uj\u00edc\u00ed p\u00f3ze, co\u017e dokonale vystihuje jeho temnou a nebezpe\u010dnou povahu. Tento sb\u011bratelsk\u00fd kousek by nem\u011bl chyb\u011bt ve sb\u00edrce \u017e\u00e1dn\u00e9ho fanou\u0161ka s\u00e9rie.<\/p>\n","protected":false},"featured_media":1927,"comment_status":"open","ping_status":"closed","template":"","meta":{"inline_featured_image":false},"product_cat":[77,60,72],"product_tag":[],"class_list":{"0":"post-1925","1":"product","2":"type-product","3":"status-publish","4":"has-post-thumbnail","6":"product_cat-bandai-spirits","7":"product_cat-figurky","8":"product_cat-my-hero-academia","10":"first","11":"instock","12":"shipping-taxable","13":"purchasable","14":"product-type-simple"},"_links":{"self":[{"href":"https:\/\/grandline.200.solutions\/index.php?rest_route=\/wp\/v2\/product\/1925","targetHints":{"allow":["GET"]}}],"collection":[{"href":"https:\/\/grandline.200.solutions\/index.php?rest_route=\/wp\/v2\/product"}],"about":[{"href":"https:\/\/grandline.200.solutions\/index.php?rest_route=\/wp\/v2\/types\/product"}],"replies":[{"embeddable":true,"href":"https:\/\/grandline.200.solutions\/index.php?rest_route=%2Fwp%2Fv2%2Fcomments&post=1925"}],"wp:featuredmedia":[{"embeddable":true,"href":"https:\/\/grandline.200.solutions\/index.php?rest_route=\/wp\/v2\/media\/1927"}],"wp:attachment":[{"href":"https:\/\/grandline.200.solutions\/index.php?rest_route=%2Fwp%2Fv2%2Fmedia&parent=1925"}],"wp:term":[{"taxonomy":"product_cat","embeddable":true,"href":"https:\/\/grandline.200.solutions\/index.php?rest_route=%2Fwp%2Fv2%2Fproduct_cat&post=1925"},{"taxonomy":"product_tag","embeddable":true,"href":"https:\/\/grandline.200.solutions\/index.php?rest_route=%2Fwp%2Fv2%2Fproduct_tag&post=1925"}],"curies":[{"name":"wp","href":"https:\/\/api.w.org\/{rel}","templated":true}]}}