{"id":1907,"date":"2024-11-08T13:48:37","date_gmt":"2024-11-08T12:48:37","guid":{"rendered":"https:\/\/grandline.200.solutions\/?post_type=product&#038;p=1907"},"modified":"2024-11-13T12:24:50","modified_gmt":"2024-11-13T11:24:50","slug":"haikyuu-figure-oikawa-toru","status":"publish","type":"product","link":"https:\/\/grandline.200.solutions\/?product=haikyuu-figure-oikawa-toru","title":{"rendered":"Haikyuu!! Figure Oikawa Toru"},"content":{"rendered":"<p>Figurka <strong>Haikyuu!! Figure Oikawa Toru<\/strong> zobrazuje Toru Oikawu, kapit\u00e1na a hlavn\u00edho nahr\u00e1va\u010de t\u00fdmu Aoba Johsai High z anime Haikyuu!!. Oikawa je zde zachycen ve sv\u00e9 ikonick\u00e9 p\u00f3ze, kter\u00e1 zd\u016fraz\u0148uje jeho sebev\u011bdom\u00ed a v\u016fd\u010d\u00ed schopnosti. Dokonale zapadne do va\u0161\u00ed sb\u00edrky a p\u0159inese s sebou kousek sportovn\u00edho ducha.<\/p>\n<p><strong>Vlastnosti: <\/strong><\/p>\n<p>V\u00fd\u0161ka &#8211; 20 cm<\/p>\n<p>Materi\u00e1l &#8211; PVC<\/p>\n<p>Detailn\u00ed proveden\u00ed<\/p>\n<p>Sb\u011bratelsk\u00e1 edice<\/p>\n","protected":false},"excerpt":{"rendered":"<p>Figurka <strong>Haikyuu!! Figure Oikawa Toru<\/strong> zobrazuje Toru Oikawu, kapit\u00e1na a hlavn\u00edho nahr\u00e1va\u010de t\u00fdmu Aoba Johsai High z anime Haikyuu!!. Oikawa je zde zachycen ve sv\u00e9 ikonick\u00e9 p\u00f3ze, kter\u00e1 zd\u016fraz\u0148uje jeho sebev\u011bdom\u00ed a v\u016fd\u010d\u00ed schopnosti. Dokonale zapadne do va\u0161\u00ed sb\u00edrky a p\u0159inese s sebou kousek sportovn\u00edho ducha.<\/p>\n","protected":false},"featured_media":1911,"comment_status":"open","ping_status":"closed","template":"","meta":{"inline_featured_image":false},"product_cat":[77,60,51],"product_tag":[],"class_list":{"0":"post-1907","1":"product","2":"type-product","3":"status-publish","4":"has-post-thumbnail","6":"product_cat-bandai-spirits","7":"product_cat-figurky","8":"product_cat-haikyuu","10":"first","11":"instock","12":"shipping-taxable","13":"purchasable","14":"product-type-simple"},"_links":{"self":[{"href":"https:\/\/grandline.200.solutions\/index.php?rest_route=\/wp\/v2\/product\/1907","targetHints":{"allow":["GET"]}}],"collection":[{"href":"https:\/\/grandline.200.solutions\/index.php?rest_route=\/wp\/v2\/product"}],"about":[{"href":"https:\/\/grandline.200.solutions\/index.php?rest_route=\/wp\/v2\/types\/product"}],"replies":[{"embeddable":true,"href":"https:\/\/grandline.200.solutions\/index.php?rest_route=%2Fwp%2Fv2%2Fcomments&post=1907"}],"wp:featuredmedia":[{"embeddable":true,"href":"https:\/\/grandline.200.solutions\/index.php?rest_route=\/wp\/v2\/media\/1911"}],"wp:attachment":[{"href":"https:\/\/grandline.200.solutions\/index.php?rest_route=%2Fwp%2Fv2%2Fmedia&parent=1907"}],"wp:term":[{"taxonomy":"product_cat","embeddable":true,"href":"https:\/\/grandline.200.solutions\/index.php?rest_route=%2Fwp%2Fv2%2Fproduct_cat&post=1907"},{"taxonomy":"product_tag","embeddable":true,"href":"https:\/\/grandline.200.solutions\/index.php?rest_route=%2Fwp%2Fv2%2Fproduct_tag&post=1907"}],"curies":[{"name":"wp","href":"https:\/\/api.w.org\/{rel}","templated":true}]}}