{"id":1892,"date":"2024-11-08T13:39:10","date_gmt":"2024-11-08T12:39:10","guid":{"rendered":"https:\/\/grandline.200.solutions\/?post_type=product&#038;p=1892"},"modified":"2024-11-13T12:25:17","modified_gmt":"2024-11-13T11:25:17","slug":"fairy-tail-dragon-slayers-hrnek","status":"publish","type":"product","link":"https:\/\/grandline.200.solutions\/?product=fairy-tail-dragon-slayers-hrnek","title":{"rendered":"Fairy Tail Dragon Slayers Hrnek"},"content":{"rendered":"<p>Hrnek <strong>Fairy Tail Dragon Slayers<\/strong> je ofici\u00e1ln\u011b licencovan\u00fd produkt s motivem anime Fairy Tail. Zobrazuje obl\u00edben\u00e9 postavy Dragon Slayer\u016f, co\u017e z n\u011bj \u010din\u00ed skv\u011bl\u00fd dopln\u011bk pro ka\u017ed\u00e9ho fanou\u0161ka s\u00e9rie.<\/p>\n<p><strong>Vlastnosti: <\/strong><\/p>\n<p>Objem &#8211; 320 ml<\/p>\n<p>Materi\u00e1l &#8211; Keramika<\/p>\n<p>Vhodn\u00fd do my\u010dky a mikrovlnky<\/p>\n","protected":false},"excerpt":{"rendered":"<p>Hrnek <strong>Fairy Tail Dragon Slayers<\/strong> je ofici\u00e1ln\u011b licencovan\u00fd produkt s motivem anime Fairy Tail. Zobrazuje obl\u00edben\u00e9 postavy Dragon Slayer\u016f, co\u017e z n\u011bj \u010din\u00ed skv\u011bl\u00fd dopln\u011bk pro ka\u017ed\u00e9ho fanou\u0161ka s\u00e9rie.<\/p>\n","protected":false},"featured_media":1895,"comment_status":"open","ping_status":"closed","template":"","meta":{"inline_featured_image":false},"product_cat":[76,49,58],"product_tag":[],"class_list":{"0":"post-1892","1":"product","2":"type-product","3":"status-publish","4":"has-post-thumbnail","6":"product_cat-abystyle","7":"product_cat-fairy-tail","8":"product_cat-nadobi","10":"first","11":"instock","12":"shipping-taxable","13":"purchasable","14":"product-type-simple"},"_links":{"self":[{"href":"https:\/\/grandline.200.solutions\/index.php?rest_route=\/wp\/v2\/product\/1892","targetHints":{"allow":["GET"]}}],"collection":[{"href":"https:\/\/grandline.200.solutions\/index.php?rest_route=\/wp\/v2\/product"}],"about":[{"href":"https:\/\/grandline.200.solutions\/index.php?rest_route=\/wp\/v2\/types\/product"}],"replies":[{"embeddable":true,"href":"https:\/\/grandline.200.solutions\/index.php?rest_route=%2Fwp%2Fv2%2Fcomments&post=1892"}],"wp:featuredmedia":[{"embeddable":true,"href":"https:\/\/grandline.200.solutions\/index.php?rest_route=\/wp\/v2\/media\/1895"}],"wp:attachment":[{"href":"https:\/\/grandline.200.solutions\/index.php?rest_route=%2Fwp%2Fv2%2Fmedia&parent=1892"}],"wp:term":[{"taxonomy":"product_cat","embeddable":true,"href":"https:\/\/grandline.200.solutions\/index.php?rest_route=%2Fwp%2Fv2%2Fproduct_cat&post=1892"},{"taxonomy":"product_tag","embeddable":true,"href":"https:\/\/grandline.200.solutions\/index.php?rest_route=%2Fwp%2Fv2%2Fproduct_tag&post=1892"}],"curies":[{"name":"wp","href":"https:\/\/api.w.org\/{rel}","templated":true}]}}