{"id":1888,"date":"2024-11-08T13:37:29","date_gmt":"2024-11-08T12:37:29","guid":{"rendered":"https:\/\/grandline.200.solutions\/?post_type=product&#038;p=1888"},"modified":"2024-11-13T12:25:35","modified_gmt":"2024-11-13T11:25:35","slug":"fairy-tail-happys-head-klicenka","status":"publish","type":"product","link":"https:\/\/grandline.200.solutions\/?product=fairy-tail-happys-head-klicenka","title":{"rendered":"Fairy Tail Happy&#8217;s head Kl\u00ed\u010denka"},"content":{"rendered":"<p>Kl\u00ed\u010denka <strong>Fairy Tail Happy\u2019s head<\/strong> zobrazuje roztomilou hlavu Happyho, obl\u00edben\u00e9ho Exceeda z anime Fairy Tail. Tato kl\u00ed\u010denka je ide\u00e1ln\u00ed pro fanou\u0161ky, kte\u0159\u00ed cht\u011bj\u00ed m\u00edt sv\u00e9ho obl\u00edben\u00e9ho modr\u00e9ho ko\u010di\u010d\u00edho kamar\u00e1da st\u00e1le u sebe. Je to skv\u011bl\u00fd dopln\u011bk pro kl\u00ed\u010de, batohy nebo ta\u0161ky a p\u0159in\u00e1\u0161\u00ed trochu magie a radosti do ka\u017edodenn\u00edho \u017eivota.<\/p>\n<p><strong>Vlastnosti: <\/strong><\/p>\n<p>Rozm\u011bry &#8211; 4,7 cm x 3,7 cm<\/p>\n<p>Materi\u00e1l &#8211; Kvalitn\u00ed kov<\/p>\n","protected":false},"excerpt":{"rendered":"<p>Kl\u00ed\u010denka <strong>Fairy Tail Happy\u2019s head<\/strong> zobrazuje roztomilou hlavu Happyho, obl\u00edben\u00e9ho Exceeda z anime Fairy Tail. Tato kl\u00ed\u010denka je ide\u00e1ln\u00ed pro fanou\u0161ky, kte\u0159\u00ed cht\u011bj\u00ed m\u00edt sv\u00e9ho obl\u00edben\u00e9ho modr\u00e9ho ko\u010di\u010d\u00edho kamar\u00e1da st\u00e1le u sebe. Je to skv\u011bl\u00fd dopln\u011bk pro kl\u00ed\u010de, batohy nebo ta\u0161ky a p\u0159in\u00e1\u0161\u00ed trochu magie a radosti do ka\u017edodenn\u00edho \u017eivota.<\/p>\n","protected":false},"featured_media":1891,"comment_status":"open","ping_status":"closed","template":"","meta":{"inline_featured_image":false},"product_cat":[76,49,99],"product_tag":[],"class_list":{"0":"post-1888","1":"product","2":"type-product","3":"status-publish","4":"has-post-thumbnail","6":"product_cat-abystyle","7":"product_cat-fairy-tail","8":"product_cat-klicenky","10":"first","11":"instock","12":"shipping-taxable","13":"purchasable","14":"product-type-simple"},"_links":{"self":[{"href":"https:\/\/grandline.200.solutions\/index.php?rest_route=\/wp\/v2\/product\/1888","targetHints":{"allow":["GET"]}}],"collection":[{"href":"https:\/\/grandline.200.solutions\/index.php?rest_route=\/wp\/v2\/product"}],"about":[{"href":"https:\/\/grandline.200.solutions\/index.php?rest_route=\/wp\/v2\/types\/product"}],"replies":[{"embeddable":true,"href":"https:\/\/grandline.200.solutions\/index.php?rest_route=%2Fwp%2Fv2%2Fcomments&post=1888"}],"wp:featuredmedia":[{"embeddable":true,"href":"https:\/\/grandline.200.solutions\/index.php?rest_route=\/wp\/v2\/media\/1891"}],"wp:attachment":[{"href":"https:\/\/grandline.200.solutions\/index.php?rest_route=%2Fwp%2Fv2%2Fmedia&parent=1888"}],"wp:term":[{"taxonomy":"product_cat","embeddable":true,"href":"https:\/\/grandline.200.solutions\/index.php?rest_route=%2Fwp%2Fv2%2Fproduct_cat&post=1888"},{"taxonomy":"product_tag","embeddable":true,"href":"https:\/\/grandline.200.solutions\/index.php?rest_route=%2Fwp%2Fv2%2Fproduct_tag&post=1888"}],"curies":[{"name":"wp","href":"https:\/\/api.w.org\/{rel}","templated":true}]}}