{"id":1872,"date":"2024-11-08T13:32:03","date_gmt":"2024-11-08T12:32:03","guid":{"rendered":"https:\/\/grandline.200.solutions\/?post_type=product&#038;p=1872"},"modified":"2024-11-13T12:25:45","modified_gmt":"2024-11-13T11:25:45","slug":"my-hero-academia-the-amazing-heroes-vol-15-todoroki-shoto","status":"publish","type":"product","link":"https:\/\/grandline.200.solutions\/?product=my-hero-academia-the-amazing-heroes-vol-15-todoroki-shoto","title":{"rendered":"My Hero Academia The Amazing Heroes Vol.15 Todoroki Shoto"},"content":{"rendered":"<p style=\"font-weight: 400;\">Figurka <strong>My Hero Academia The Amazing Heroes Vol.15 Todoroki Shoto <\/strong>zachycuje Shota v dynamick\u00e9 p\u00f3ze, kter\u00e1 zd\u016fraz\u0148uje jeho schopnosti ovl\u00e1dat ohe\u0148 a led. Tento sb\u011bratelsk\u00fd kousek by nem\u011bl chyb\u011bt ve sb\u00edrce \u017e\u00e1dn\u00e9ho fanou\u0161ka My Hero Academia.<\/p>\n<p style=\"font-weight: 400;\"><strong>Vlastnosti: <\/strong><\/p>\n<p style=\"font-weight: 400;\">V\u00fd\u0161ka &#8211; 14 cm<\/p>\n<p style=\"font-weight: 400;\">Materi\u00e1l &#8211; PVC<\/p>\n<p style=\"font-weight: 400;\">Detailn\u00ed proveden\u00ed<\/p>\n<p style=\"font-weight: 400;\">Sb\u011bratelsk\u00e1 edice<\/p>\n","protected":false},"excerpt":{"rendered":"<p style=\"font-weight: 400;\">Figurka <strong>My Hero Academia The Amazing Heroes Vol.15 Todoroki Shoto <\/strong>zachycuje Shota v dynamick\u00e9 p\u00f3ze, kter\u00e1 zd\u016fraz\u0148uje jeho schopnosti ovl\u00e1dat ohe\u0148 a led. Tento sb\u011bratelsk\u00fd kousek by nem\u011bl chyb\u011bt ve sb\u00edrce \u017e\u00e1dn\u00e9ho fanou\u0161ka My Hero Academia.<\/p>\n","protected":false},"featured_media":1878,"comment_status":"open","ping_status":"closed","template":"","meta":{"inline_featured_image":false},"product_cat":[77,60,72],"product_tag":[],"class_list":{"0":"post-1872","1":"product","2":"type-product","3":"status-publish","4":"has-post-thumbnail","6":"product_cat-bandai-spirits","7":"product_cat-figurky","8":"product_cat-my-hero-academia","10":"first","11":"instock","12":"shipping-taxable","13":"purchasable","14":"product-type-simple"},"_links":{"self":[{"href":"https:\/\/grandline.200.solutions\/index.php?rest_route=\/wp\/v2\/product\/1872","targetHints":{"allow":["GET"]}}],"collection":[{"href":"https:\/\/grandline.200.solutions\/index.php?rest_route=\/wp\/v2\/product"}],"about":[{"href":"https:\/\/grandline.200.solutions\/index.php?rest_route=\/wp\/v2\/types\/product"}],"replies":[{"embeddable":true,"href":"https:\/\/grandline.200.solutions\/index.php?rest_route=%2Fwp%2Fv2%2Fcomments&post=1872"}],"wp:featuredmedia":[{"embeddable":true,"href":"https:\/\/grandline.200.solutions\/index.php?rest_route=\/wp\/v2\/media\/1878"}],"wp:attachment":[{"href":"https:\/\/grandline.200.solutions\/index.php?rest_route=%2Fwp%2Fv2%2Fmedia&parent=1872"}],"wp:term":[{"taxonomy":"product_cat","embeddable":true,"href":"https:\/\/grandline.200.solutions\/index.php?rest_route=%2Fwp%2Fv2%2Fproduct_cat&post=1872"},{"taxonomy":"product_tag","embeddable":true,"href":"https:\/\/grandline.200.solutions\/index.php?rest_route=%2Fwp%2Fv2%2Fproduct_tag&post=1872"}],"curies":[{"name":"wp","href":"https:\/\/api.w.org\/{rel}","templated":true}]}}