{"id":1849,"date":"2024-11-08T13:22:51","date_gmt":"2024-11-08T12:22:51","guid":{"rendered":"https:\/\/grandline.200.solutions\/?post_type=product&#038;p=1849"},"modified":"2024-11-13T12:26:17","modified_gmt":"2024-11-13T11:26:17","slug":"evangelion-shin-gekijouban-lpm-figure-soryu-asuka-langley","status":"publish","type":"product","link":"https:\/\/grandline.200.solutions\/?product=evangelion-shin-gekijouban-lpm-figure-soryu-asuka-langley","title":{"rendered":"Evangelion Shin Gekijouban LPM Figure Soryu Asuka Langley"},"content":{"rendered":"<p>Figurka <strong>Evangelion Shin Gekijouban LPM Figure Soryu Asuka Langley<\/strong> zobrazuje Asuku v jej\u00edm ikonick\u00e9m \u010derven\u00e9m plug suit obleku. Asuka je zde zachycena v dynamick\u00e9 a sebev\u011bdom\u00e9 p\u00f3ze, kter\u00e1 zd\u016fraz\u0148uje jej\u00ed odhodlanost a s\u00edlu. Tato figurka je detailn\u011b propracovan\u00e1 a je to skv\u011bl\u00fd dopln\u011bk pro ka\u017ed\u00e9ho fanou\u0161ka Evangelionu.<\/p>\n<p><strong>Vlastnosti: <\/strong><\/p>\n<p>V\u00fd\u0161ka &#8211; 23 cm<\/p>\n<p>Materi\u00e1l &#8211; PVC<\/p>\n<p>Detailn\u00ed proveden\u00ed<\/p>\n<p>Sb\u011bratelsk\u00e1 edice<\/p>\n","protected":false},"excerpt":{"rendered":"<p>Figurka <strong>Evangelion Shin Gekijouban LPM Figure Soryu Asuka Langley<\/strong> zobrazuje Asuku v jej\u00edm ikonick\u00e9m \u010derven\u00e9m plug suit obleku. Asuka je zde zachycena v dynamick\u00e9 a sebev\u011bdom\u00e9 p\u00f3ze, kter\u00e1 zd\u016fraz\u0148uje jej\u00ed odhodlanost a s\u00edlu. Tato figurka je detailn\u011b propracovan\u00e1 a je to skv\u011bl\u00fd dopln\u011bk pro ka\u017ed\u00e9ho fanou\u0161ka Evangelionu.<\/p>\n","protected":false},"featured_media":1855,"comment_status":"open","ping_status":"closed","template":"","meta":{"inline_featured_image":false},"product_cat":[48,60,94],"product_tag":[],"class_list":{"0":"post-1849","1":"product","2":"type-product","3":"status-publish","4":"has-post-thumbnail","6":"product_cat-evangelion","7":"product_cat-figurky","8":"product_cat-sega","10":"first","11":"instock","12":"shipping-taxable","13":"purchasable","14":"product-type-simple"},"_links":{"self":[{"href":"https:\/\/grandline.200.solutions\/index.php?rest_route=\/wp\/v2\/product\/1849","targetHints":{"allow":["GET"]}}],"collection":[{"href":"https:\/\/grandline.200.solutions\/index.php?rest_route=\/wp\/v2\/product"}],"about":[{"href":"https:\/\/grandline.200.solutions\/index.php?rest_route=\/wp\/v2\/types\/product"}],"replies":[{"embeddable":true,"href":"https:\/\/grandline.200.solutions\/index.php?rest_route=%2Fwp%2Fv2%2Fcomments&post=1849"}],"wp:featuredmedia":[{"embeddable":true,"href":"https:\/\/grandline.200.solutions\/index.php?rest_route=\/wp\/v2\/media\/1855"}],"wp:attachment":[{"href":"https:\/\/grandline.200.solutions\/index.php?rest_route=%2Fwp%2Fv2%2Fmedia&parent=1849"}],"wp:term":[{"taxonomy":"product_cat","embeddable":true,"href":"https:\/\/grandline.200.solutions\/index.php?rest_route=%2Fwp%2Fv2%2Fproduct_cat&post=1849"},{"taxonomy":"product_tag","embeddable":true,"href":"https:\/\/grandline.200.solutions\/index.php?rest_route=%2Fwp%2Fv2%2Fproduct_tag&post=1849"}],"curies":[{"name":"wp","href":"https:\/\/api.w.org\/{rel}","templated":true}]}}