{"id":1836,"date":"2024-11-08T13:18:33","date_gmt":"2024-11-08T12:18:33","guid":{"rendered":"https:\/\/grandline.200.solutions\/?post_type=product&#038;p=1836"},"modified":"2024-11-13T12:26:32","modified_gmt":"2024-11-13T11:26:32","slug":"my-hero-academia-break-time-collection-vol-2-bakugo-katsuki","status":"publish","type":"product","link":"https:\/\/grandline.200.solutions\/?product=my-hero-academia-break-time-collection-vol-2-bakugo-katsuki","title":{"rendered":"My Hero Academia Break Time Collection Vol. 2 Bakugo Katsuki"},"content":{"rendered":"<p style=\"font-weight: 400;\">Figurka <strong>My Hero Academia Break Time Collection Vol. 2 Bakugo Katsuki <\/strong>zachycuje Bakuga v d\u0159epu p\u0159i odpo\u010dinku mezi bitvami. Tato figurka je sou\u010d\u00e1st\u00ed s\u00e9rie Break Time Collection a je navr\u017eena tak, aby vynikla ve va\u0161\u00ed sb\u00edrce.<\/p>\n<p style=\"font-weight: 400;\"><strong>Vlastnosti: <\/strong><\/p>\n<p style=\"font-weight: 400;\">V\u00fd\u0161ka &#8211; 11 cm<\/p>\n<p style=\"font-weight: 400;\">Materi\u00e1l &#8211; PVC<\/p>\n<p style=\"font-weight: 400;\">Detailn\u00ed proveden\u00ed<\/p>\n<p style=\"font-weight: 400;\">Sb\u011bratelsk\u00e1 edice<\/p>\n","protected":false},"excerpt":{"rendered":"<p style=\"font-weight: 400;\">Figurka <strong>My Hero Academia Break Time Collection Vol. 2 Bakugo Katsuki <\/strong>zachycuje Bakuga v d\u0159epu p\u0159i odpo\u010dinku mezi bitvami. Tato figurka je sou\u010d\u00e1st\u00ed s\u00e9rie Break Time Collection a je navr\u017eena tak, aby vynikla ve va\u0161\u00ed sb\u00edrce.<\/p>\n","protected":false},"featured_media":1839,"comment_status":"open","ping_status":"closed","template":"","meta":{"inline_featured_image":false},"product_cat":[77,60,72],"product_tag":[],"class_list":{"0":"post-1836","1":"product","2":"type-product","3":"status-publish","4":"has-post-thumbnail","6":"product_cat-bandai-spirits","7":"product_cat-figurky","8":"product_cat-my-hero-academia","10":"first","11":"instock","12":"shipping-taxable","13":"purchasable","14":"product-type-simple"},"_links":{"self":[{"href":"https:\/\/grandline.200.solutions\/index.php?rest_route=\/wp\/v2\/product\/1836","targetHints":{"allow":["GET"]}}],"collection":[{"href":"https:\/\/grandline.200.solutions\/index.php?rest_route=\/wp\/v2\/product"}],"about":[{"href":"https:\/\/grandline.200.solutions\/index.php?rest_route=\/wp\/v2\/types\/product"}],"replies":[{"embeddable":true,"href":"https:\/\/grandline.200.solutions\/index.php?rest_route=%2Fwp%2Fv2%2Fcomments&post=1836"}],"wp:featuredmedia":[{"embeddable":true,"href":"https:\/\/grandline.200.solutions\/index.php?rest_route=\/wp\/v2\/media\/1839"}],"wp:attachment":[{"href":"https:\/\/grandline.200.solutions\/index.php?rest_route=%2Fwp%2Fv2%2Fmedia&parent=1836"}],"wp:term":[{"taxonomy":"product_cat","embeddable":true,"href":"https:\/\/grandline.200.solutions\/index.php?rest_route=%2Fwp%2Fv2%2Fproduct_cat&post=1836"},{"taxonomy":"product_tag","embeddable":true,"href":"https:\/\/grandline.200.solutions\/index.php?rest_route=%2Fwp%2Fv2%2Fproduct_tag&post=1836"}],"curies":[{"name":"wp","href":"https:\/\/api.w.org\/{rel}","templated":true}]}}