{"id":1825,"date":"2024-11-08T13:08:44","date_gmt":"2024-11-08T12:08:44","guid":{"rendered":"https:\/\/grandline.200.solutions\/?post_type=product&#038;p=1825"},"modified":"2024-11-13T12:27:23","modified_gmt":"2024-11-13T11:27:23","slug":"dragon-ball-kame-dragon-ball-sklenice","status":"publish","type":"product","link":"https:\/\/grandline.200.solutions\/?product=dragon-ball-kame-dragon-ball-sklenice","title":{"rendered":"Dragon Ball Kame &#038; Dragon ball Sklenice"},"content":{"rendered":"<p>Set sklenic <strong>Dragon Ball Kame &amp; Dragon ball<\/strong> je perfektn\u00ed dopln\u011bk pro ka\u017ed\u00e9ho fanou\u0161ka Dragon Ball. Tato sada obsahuje dv\u011b vysoce kvalitn\u00ed sklenice, kter\u00e9 zobrazuj\u00ed symbol Kame a \u010dty\u0159i dra\u010d\u00ed kouli.<\/p>\n<p><strong>Vlastnosti: <\/strong><\/p>\n<p>Objem &#8211; 300 ml<\/p>\n<p>Materi\u00e1l &#8211; Sklo<\/p>\n<p>Vhodn\u00e9 do my\u010dky n\u00e1dob\u00ed<\/p>\n","protected":false},"excerpt":{"rendered":"<p>Set sklenic <strong>Dragon Ball Kame &amp; Dragon ball<\/strong> je perfektn\u00ed dopln\u011bk pro ka\u017ed\u00e9ho fanou\u0161ka Dragon Ball. Tato sada obsahuje dv\u011b vysoce kvalitn\u00ed sklenice, kter\u00e9 zobrazuj\u00ed symbol Kame a \u010dty\u0159i dra\u010d\u00ed kouli.<\/p>\n","protected":false},"featured_media":1830,"comment_status":"open","ping_status":"closed","template":"","meta":{"inline_featured_image":false},"product_cat":[76,47,58],"product_tag":[],"class_list":{"0":"post-1825","1":"product","2":"type-product","3":"status-publish","4":"has-post-thumbnail","6":"product_cat-abystyle","7":"product_cat-dragon-ball","8":"product_cat-nadobi","10":"first","11":"instock","12":"shipping-taxable","13":"purchasable","14":"product-type-simple"},"_links":{"self":[{"href":"https:\/\/grandline.200.solutions\/index.php?rest_route=\/wp\/v2\/product\/1825","targetHints":{"allow":["GET"]}}],"collection":[{"href":"https:\/\/grandline.200.solutions\/index.php?rest_route=\/wp\/v2\/product"}],"about":[{"href":"https:\/\/grandline.200.solutions\/index.php?rest_route=\/wp\/v2\/types\/product"}],"replies":[{"embeddable":true,"href":"https:\/\/grandline.200.solutions\/index.php?rest_route=%2Fwp%2Fv2%2Fcomments&post=1825"}],"wp:featuredmedia":[{"embeddable":true,"href":"https:\/\/grandline.200.solutions\/index.php?rest_route=\/wp\/v2\/media\/1830"}],"wp:attachment":[{"href":"https:\/\/grandline.200.solutions\/index.php?rest_route=%2Fwp%2Fv2%2Fmedia&parent=1825"}],"wp:term":[{"taxonomy":"product_cat","embeddable":true,"href":"https:\/\/grandline.200.solutions\/index.php?rest_route=%2Fwp%2Fv2%2Fproduct_cat&post=1825"},{"taxonomy":"product_tag","embeddable":true,"href":"https:\/\/grandline.200.solutions\/index.php?rest_route=%2Fwp%2Fv2%2Fproduct_tag&post=1825"}],"curies":[{"name":"wp","href":"https:\/\/api.w.org\/{rel}","templated":true}]}}