{"id":1815,"date":"2024-11-08T13:04:35","date_gmt":"2024-11-08T12:04:35","guid":{"rendered":"https:\/\/grandline.200.solutions\/?post_type=product&#038;p=1815"},"modified":"2024-11-13T12:36:32","modified_gmt":"2024-11-13T11:36:32","slug":"mashle-trio-try-it-mash-burnedead","status":"publish","type":"product","link":"https:\/\/grandline.200.solutions\/?product=mashle-trio-try-it-mash-burnedead","title":{"rendered":"Mashle Trio-Try-iT Mash Burnedead"},"content":{"rendered":"<p style=\"font-weight: 400;\">Figurka <strong>Mashle Trio-Try-iT Mash Burnedead<\/strong> zobrazuje Mash Burnedeada, hlavn\u00edho hrdinu z anime Mashle: Magic and Muscles. Mash je zde zachycen ve sv\u00e9 ikonick\u00e9 p\u00f3ze s odhodlan\u00fdm v\u00fdrazem a kr\u00e9mov\u00fdm z\u00e1kuskem v ruce. Perfektn\u00ed pro fanou\u0161ky, kte\u0159\u00ed cht\u011bj\u00ed do sv\u00e9 sb\u00edrky charismatick\u00e9ho a v\u00fdjime\u010dn\u00e9ho hrdinu.<\/p>\n<p style=\"font-weight: 400;\"><strong>Vlastnosti: <\/strong><\/p>\n<p style=\"font-weight: 400;\">V\u00fd\u0161ka &#8211; 21 cm<\/p>\n<p style=\"font-weight: 400;\">Materi\u00e1l &#8211; PVC<\/p>\n<p style=\"font-weight: 400;\">Detailn\u00ed proveden\u00ed<\/p>\n<p style=\"font-weight: 400;\">Sb\u011bratelsk\u00e1 edice<\/p>\n","protected":false},"excerpt":{"rendered":"<p style=\"font-weight: 400;\">Figurka <strong>Mashle Trio-Try-iT Mash Burnedead<\/strong> zobrazuje Mash Burnedeada, hlavn\u00edho hrdinu z anime Mashle: Magic and Muscles. Mash je zde zachycen ve sv\u00e9 ikonick\u00e9 p\u00f3ze s odhodlan\u00fdm v\u00fdrazem a kr\u00e9mov\u00fdm z\u00e1kuskem v ruce. Perfektn\u00ed pro fanou\u0161ky, kte\u0159\u00ed cht\u011bj\u00ed do sv\u00e9 sb\u00edrky charismatick\u00e9ho a v\u00fdjime\u010dn\u00e9ho hrdinu.<\/p>\n","protected":false},"featured_media":1820,"comment_status":"open","ping_status":"closed","template":"","meta":{"inline_featured_image":false},"product_cat":[60,93,71],"product_tag":[],"class_list":{"0":"post-1815","1":"product","2":"type-product","3":"status-publish","4":"has-post-thumbnail","6":"product_cat-figurky","7":"product_cat-furyu","8":"product_cat-mashle-magic-and-muscles","10":"first","11":"instock","12":"shipping-taxable","13":"purchasable","14":"product-type-simple"},"_links":{"self":[{"href":"https:\/\/grandline.200.solutions\/index.php?rest_route=\/wp\/v2\/product\/1815","targetHints":{"allow":["GET"]}}],"collection":[{"href":"https:\/\/grandline.200.solutions\/index.php?rest_route=\/wp\/v2\/product"}],"about":[{"href":"https:\/\/grandline.200.solutions\/index.php?rest_route=\/wp\/v2\/types\/product"}],"replies":[{"embeddable":true,"href":"https:\/\/grandline.200.solutions\/index.php?rest_route=%2Fwp%2Fv2%2Fcomments&post=1815"}],"wp:featuredmedia":[{"embeddable":true,"href":"https:\/\/grandline.200.solutions\/index.php?rest_route=\/wp\/v2\/media\/1820"}],"wp:attachment":[{"href":"https:\/\/grandline.200.solutions\/index.php?rest_route=%2Fwp%2Fv2%2Fmedia&parent=1815"}],"wp:term":[{"taxonomy":"product_cat","embeddable":true,"href":"https:\/\/grandline.200.solutions\/index.php?rest_route=%2Fwp%2Fv2%2Fproduct_cat&post=1815"},{"taxonomy":"product_tag","embeddable":true,"href":"https:\/\/grandline.200.solutions\/index.php?rest_route=%2Fwp%2Fv2%2Fproduct_tag&post=1815"}],"curies":[{"name":"wp","href":"https:\/\/api.w.org\/{rel}","templated":true}]}}