{"id":1806,"date":"2024-11-08T13:00:10","date_gmt":"2024-11-08T12:00:10","guid":{"rendered":"https:\/\/grandline.200.solutions\/?post_type=product&#038;p=1806"},"modified":"2024-11-13T12:52:34","modified_gmt":"2024-11-13T11:52:34","slug":"dragon-ball-z-goku-magnet","status":"publish","type":"product","link":"https:\/\/grandline.200.solutions\/?product=dragon-ball-z-goku-magnet","title":{"rendered":"Dragon Ball Z Goku Magnet"},"content":{"rendered":"<p>Magnet<strong> Dragon Ball Z Goku <\/strong>je stylov\u00fd a praktick\u00fd dopln\u011bk pro ka\u017ed\u00e9ho milovn\u00edka t\u00e9to anime s\u00e9rie. Tento magnet je ide\u00e1ln\u00ed pro um\u00edst\u011bn\u00ed na lednici, tabuli nebo jak\u00fdkoli kovov\u00fd povrch.<\/p>\n<p><strong>Vlastnosti: <\/strong><\/p>\n<p>V\u00fd\u0161ka &#8211; 8 cm<\/p>\n<p>\u0160\u00ed\u0159ka &#8211; 5,5 cm<\/p>\n","protected":false},"excerpt":{"rendered":"<p>Magnet<strong> Dragon Ball Z Goku <\/strong>je stylov\u00fd a praktick\u00fd dopln\u011bk pro ka\u017ed\u00e9ho milovn\u00edka t\u00e9to anime s\u00e9rie. Tento magnet je ide\u00e1ln\u00ed pro um\u00edst\u011bn\u00ed na lednici, tabuli nebo jak\u00fdkoli kovov\u00fd povrch.<\/p>\n","protected":false},"featured_media":1809,"comment_status":"open","ping_status":"closed","template":"","meta":{"inline_featured_image":false},"product_cat":[76,47,57],"product_tag":[],"class_list":{"0":"post-1806","1":"product","2":"type-product","3":"status-publish","4":"has-post-thumbnail","6":"product_cat-abystyle","7":"product_cat-dragon-ball","8":"product_cat-magnetky","10":"first","11":"instock","12":"shipping-taxable","13":"purchasable","14":"product-type-simple"},"_links":{"self":[{"href":"https:\/\/grandline.200.solutions\/index.php?rest_route=\/wp\/v2\/product\/1806","targetHints":{"allow":["GET"]}}],"collection":[{"href":"https:\/\/grandline.200.solutions\/index.php?rest_route=\/wp\/v2\/product"}],"about":[{"href":"https:\/\/grandline.200.solutions\/index.php?rest_route=\/wp\/v2\/types\/product"}],"replies":[{"embeddable":true,"href":"https:\/\/grandline.200.solutions\/index.php?rest_route=%2Fwp%2Fv2%2Fcomments&post=1806"}],"wp:featuredmedia":[{"embeddable":true,"href":"https:\/\/grandline.200.solutions\/index.php?rest_route=\/wp\/v2\/media\/1809"}],"wp:attachment":[{"href":"https:\/\/grandline.200.solutions\/index.php?rest_route=%2Fwp%2Fv2%2Fmedia&parent=1806"}],"wp:term":[{"taxonomy":"product_cat","embeddable":true,"href":"https:\/\/grandline.200.solutions\/index.php?rest_route=%2Fwp%2Fv2%2Fproduct_cat&post=1806"},{"taxonomy":"product_tag","embeddable":true,"href":"https:\/\/grandline.200.solutions\/index.php?rest_route=%2Fwp%2Fv2%2Fproduct_tag&post=1806"}],"curies":[{"name":"wp","href":"https:\/\/api.w.org\/{rel}","templated":true}]}}