{"id":1798,"date":"2024-11-08T12:25:16","date_gmt":"2024-11-08T11:25:16","guid":{"rendered":"https:\/\/grandline.200.solutions\/?post_type=product&#038;p=1798"},"modified":"2024-11-13T12:53:07","modified_gmt":"2024-11-13T11:53:07","slug":"mashle-dxf-figure-finn-ames","status":"publish","type":"product","link":"https:\/\/grandline.200.solutions\/?product=mashle-dxf-figure-finn-ames","title":{"rendered":"Mashle DXF Figure Finn Ames"},"content":{"rendered":"<p style=\"font-weight: 400;\">Figurka <strong>Mashle DXF Figure Finn Ames<\/strong> zobrazuje Finna Amese, jednu z postav z anime Mashle: Magic and Muscles. Finn je zde zachycen ve sv\u00e9 ikonick\u00e9 p\u00f3ze, kter\u00e1 zd\u016fraz\u0148uje jeho odhodlan\u00fd a sebev\u011bdom\u00fd charakter. Skv\u011bl\u00fd kousek pro fanou\u0161ky, kte\u0159\u00ed ocen\u00ed detailn\u00ed zpracov\u00e1n\u00ed a v\u011brnost postav\u011b.<\/p>\n<p style=\"font-weight: 400;\"><strong>Vlastnosti: <\/strong><\/p>\n<p style=\"font-weight: 400;\">V\u00fd\u0161ka &#8211; 17 cm<\/p>\n<p style=\"font-weight: 400;\">Materi\u00e1l &#8211; PVC<\/p>\n<p style=\"font-weight: 400;\">Detailn\u00ed proveden\u00ed<\/p>\n<p style=\"font-weight: 400;\">Sb\u011bratelsk\u00e1 edice<\/p>\n","protected":false},"excerpt":{"rendered":"<p style=\"font-weight: 400;\">Figurka <strong>Mashle DXF Figure Finn Ames<\/strong> zobrazuje Finna Amese, jednu z postav z anime Mashle: Magic and Muscles. Finn je zde zachycen ve sv\u00e9 ikonick\u00e9 p\u00f3ze, kter\u00e1 zd\u016fraz\u0148uje jeho odhodlan\u00fd a sebev\u011bdom\u00fd charakter. Skv\u011bl\u00fd kousek pro fanou\u0161ky, kte\u0159\u00ed ocen\u00ed detailn\u00ed zpracov\u00e1n\u00ed a v\u011brnost postav\u011b.<\/p>\n","protected":false},"featured_media":1802,"comment_status":"open","ping_status":"closed","template":"","meta":{"inline_featured_image":false},"product_cat":[77,60,71],"product_tag":[],"class_list":{"0":"post-1798","1":"product","2":"type-product","3":"status-publish","4":"has-post-thumbnail","6":"product_cat-bandai-spirits","7":"product_cat-figurky","8":"product_cat-mashle-magic-and-muscles","10":"first","11":"instock","12":"shipping-taxable","13":"purchasable","14":"product-type-simple"},"_links":{"self":[{"href":"https:\/\/grandline.200.solutions\/index.php?rest_route=\/wp\/v2\/product\/1798","targetHints":{"allow":["GET"]}}],"collection":[{"href":"https:\/\/grandline.200.solutions\/index.php?rest_route=\/wp\/v2\/product"}],"about":[{"href":"https:\/\/grandline.200.solutions\/index.php?rest_route=\/wp\/v2\/types\/product"}],"replies":[{"embeddable":true,"href":"https:\/\/grandline.200.solutions\/index.php?rest_route=%2Fwp%2Fv2%2Fcomments&post=1798"}],"wp:featuredmedia":[{"embeddable":true,"href":"https:\/\/grandline.200.solutions\/index.php?rest_route=\/wp\/v2\/media\/1802"}],"wp:attachment":[{"href":"https:\/\/grandline.200.solutions\/index.php?rest_route=%2Fwp%2Fv2%2Fmedia&parent=1798"}],"wp:term":[{"taxonomy":"product_cat","embeddable":true,"href":"https:\/\/grandline.200.solutions\/index.php?rest_route=%2Fwp%2Fv2%2Fproduct_cat&post=1798"},{"taxonomy":"product_tag","embeddable":true,"href":"https:\/\/grandline.200.solutions\/index.php?rest_route=%2Fwp%2Fv2%2Fproduct_tag&post=1798"}],"curies":[{"name":"wp","href":"https:\/\/api.w.org\/{rel}","templated":true}]}}