{"id":1792,"date":"2024-11-08T12:23:12","date_gmt":"2024-11-08T11:23:12","guid":{"rendered":"https:\/\/grandline.200.solutions\/?post_type=product&#038;p=1792"},"modified":"2024-11-13T12:53:36","modified_gmt":"2024-11-13T11:53:36","slug":"dragon-ball-dbz-blue-plastic-capsule-3d-klicenka","status":"publish","type":"product","link":"https:\/\/grandline.200.solutions\/?product=dragon-ball-dbz-blue-plastic-capsule-3d-klicenka","title":{"rendered":"Dragon Ball DBZ\/Blue Plastic Capsule 3D Kl\u00ed\u010denka"},"content":{"rendered":"<p>3D Kl\u00ed\u010denka <strong>Dragon Ball DBZ\/Blue Plastic Capsule <\/strong>je skv\u011bl\u00fd dopln\u011bk pro ka\u017ed\u00e9ho fanou\u0161ka Dragon Ball Z. Tento p\u0159\u00edv\u011bsek v\u011brn\u011b kop\u00edruje vzhled kapsl\u00ed z Capsule Corp z animovan\u00e9 s\u00e9rie. D\u00edky \u0161roubovac\u00edmu syst\u00e9mu je mo\u017en\u00e9 p\u0159\u00edv\u011bsek otev\u0159\u00edt na dv\u011b \u010d\u00e1sti, co\u017e z n\u011bj d\u011bl\u00e1 skv\u011bl\u00fd dopln\u011bk pro ka\u017ed\u00e9ho fanou\u0161ka Dragon Ball.<\/p>\n<p>Rozm\u011bry &#8211; 5,5 cm x 1,9 cm<\/p>\n<p>Materi\u00e1l &#8211; Plast<\/p>\n","protected":false},"excerpt":{"rendered":"<p>3D Kl\u00ed\u010denka <strong>Dragon Ball DBZ\/Blue Plastic Capsule <\/strong>je skv\u011bl\u00fd dopln\u011bk pro ka\u017ed\u00e9ho fanou\u0161ka Dragon Ball Z. Tento p\u0159\u00edv\u011bsek v\u011brn\u011b kop\u00edruje vzhled kapsl\u00ed z Capsule Corp z animovan\u00e9 s\u00e9rie. D\u00edky \u0161roubovac\u00edmu syst\u00e9mu je mo\u017en\u00e9 p\u0159\u00edv\u011bsek otev\u0159\u00edt na dv\u011b \u010d\u00e1sti, co\u017e z n\u011bj d\u011bl\u00e1 skv\u011bl\u00fd dopln\u011bk pro ka\u017ed\u00e9ho fanou\u0161ka Dragon Ball.<\/p>\n","protected":false},"featured_media":1801,"comment_status":"open","ping_status":"closed","template":"","meta":{"inline_featured_image":false},"product_cat":[76,47,99],"product_tag":[],"class_list":{"0":"post-1792","1":"product","2":"type-product","3":"status-publish","4":"has-post-thumbnail","6":"product_cat-abystyle","7":"product_cat-dragon-ball","8":"product_cat-klicenky","10":"first","11":"instock","12":"shipping-taxable","13":"purchasable","14":"product-type-simple"},"_links":{"self":[{"href":"https:\/\/grandline.200.solutions\/index.php?rest_route=\/wp\/v2\/product\/1792","targetHints":{"allow":["GET"]}}],"collection":[{"href":"https:\/\/grandline.200.solutions\/index.php?rest_route=\/wp\/v2\/product"}],"about":[{"href":"https:\/\/grandline.200.solutions\/index.php?rest_route=\/wp\/v2\/types\/product"}],"replies":[{"embeddable":true,"href":"https:\/\/grandline.200.solutions\/index.php?rest_route=%2Fwp%2Fv2%2Fcomments&post=1792"}],"wp:featuredmedia":[{"embeddable":true,"href":"https:\/\/grandline.200.solutions\/index.php?rest_route=\/wp\/v2\/media\/1801"}],"wp:attachment":[{"href":"https:\/\/grandline.200.solutions\/index.php?rest_route=%2Fwp%2Fv2%2Fmedia&parent=1792"}],"wp:term":[{"taxonomy":"product_cat","embeddable":true,"href":"https:\/\/grandline.200.solutions\/index.php?rest_route=%2Fwp%2Fv2%2Fproduct_cat&post=1792"},{"taxonomy":"product_tag","embeddable":true,"href":"https:\/\/grandline.200.solutions\/index.php?rest_route=%2Fwp%2Fv2%2Fproduct_tag&post=1792"}],"curies":[{"name":"wp","href":"https:\/\/api.w.org\/{rel}","templated":true}]}}