{"id":1790,"date":"2024-11-08T12:20:02","date_gmt":"2024-11-08T11:20:02","guid":{"rendered":"https:\/\/grandline.200.solutions\/?post_type=product&#038;p=1790"},"modified":"2024-11-13T12:54:55","modified_gmt":"2024-11-13T11:54:55","slug":"dragon-ball-super-goku-vs-jiren-plakat","status":"publish","type":"product","link":"https:\/\/grandline.200.solutions\/?product=dragon-ball-super-goku-vs-jiren-plakat","title":{"rendered":"Dragon Ball Super Goku vs Jiren Plak\u00e1t"},"content":{"rendered":"<p>Plak\u00e1t<strong> Dragon Ball Super Goku vs Jiren<\/strong> zachycuje epick\u00fd souboj mezi Gokuem a Jirenem b\u011bhem Turnaje moci. P\u0159idej si tento \u00fa\u017easn\u00fd kousek do sv\u00e9 sb\u00edrky a nech se inspirovat silou a odhodl\u00e1n\u00edm Gokua. Plak\u00e1t je opat\u0159en ochrannou vrstvou proti degradaci barev, co\u017e zaji\u0161\u0165uje jeho dlouhou \u017eivotnost.<\/p>\n<p><strong>Vlastnosti: <\/strong><\/p>\n<p>V\u00fd\u0161ka &#8211; 91,5 cm<\/p>\n<p>\u0160\u00ed\u0159ka &#8211; 61 cm<\/p>\n","protected":false},"excerpt":{"rendered":"<p>Plak\u00e1t<strong> Dragon Ball Super Goku vs Jiren<\/strong> zachycuje epick\u00fd souboj mezi Gokuem a Jirenem b\u011bhem Turnaje moci. P\u0159idej si tento \u00fa\u017easn\u00fd kousek do sv\u00e9 sb\u00edrky a nech se inspirovat silou a odhodl\u00e1n\u00edm Gokua. Plak\u00e1t je opat\u0159en ochrannou vrstvou proti degradaci barev, co\u017e zaji\u0161\u0165uje jeho dlouhou \u017eivotnost.<\/p>\n","protected":false},"featured_media":1791,"comment_status":"open","ping_status":"closed","template":"","meta":{"inline_featured_image":false},"product_cat":[76,47,59],"product_tag":[],"class_list":{"0":"post-1790","1":"product","2":"type-product","3":"status-publish","4":"has-post-thumbnail","6":"product_cat-abystyle","7":"product_cat-dragon-ball","8":"product_cat-plakaty","10":"first","11":"instock","12":"shipping-taxable","13":"purchasable","14":"product-type-simple"},"_links":{"self":[{"href":"https:\/\/grandline.200.solutions\/index.php?rest_route=\/wp\/v2\/product\/1790","targetHints":{"allow":["GET"]}}],"collection":[{"href":"https:\/\/grandline.200.solutions\/index.php?rest_route=\/wp\/v2\/product"}],"about":[{"href":"https:\/\/grandline.200.solutions\/index.php?rest_route=\/wp\/v2\/types\/product"}],"replies":[{"embeddable":true,"href":"https:\/\/grandline.200.solutions\/index.php?rest_route=%2Fwp%2Fv2%2Fcomments&post=1790"}],"wp:featuredmedia":[{"embeddable":true,"href":"https:\/\/grandline.200.solutions\/index.php?rest_route=\/wp\/v2\/media\/1791"}],"wp:attachment":[{"href":"https:\/\/grandline.200.solutions\/index.php?rest_route=%2Fwp%2Fv2%2Fmedia&parent=1790"}],"wp:term":[{"taxonomy":"product_cat","embeddable":true,"href":"https:\/\/grandline.200.solutions\/index.php?rest_route=%2Fwp%2Fv2%2Fproduct_cat&post=1790"},{"taxonomy":"product_tag","embeddable":true,"href":"https:\/\/grandline.200.solutions\/index.php?rest_route=%2Fwp%2Fv2%2Fproduct_tag&post=1790"}],"curies":[{"name":"wp","href":"https:\/\/api.w.org\/{rel}","templated":true}]}}