{"id":1783,"date":"2024-11-08T12:14:04","date_gmt":"2024-11-08T11:14:04","guid":{"rendered":"https:\/\/grandline.200.solutions\/?post_type=product&#038;p=1783"},"modified":"2024-11-13T12:55:46","modified_gmt":"2024-11-13T11:55:46","slug":"junji-ito-tomie-plakat","status":"publish","type":"product","link":"https:\/\/grandline.200.solutions\/?product=junji-ito-tomie-plakat","title":{"rendered":"Junji Ito Tomie Plak\u00e1t"},"content":{"rendered":"<p style=\"font-weight: 400;\">Plak\u00e1t<strong> Junji Ito Tomie<\/strong> zobrazuje ikonickou postavu Tomie v pln\u00e9 barv\u011b na pozad\u00ed \u010dernob\u00edl\u00fdch manga panel\u016f. Tento ofici\u00e1ln\u011b licencovan\u00fd plak\u00e1t je ide\u00e1ln\u00ed pro ka\u017ed\u00e9ho fanou\u0161ka hororov\u00fdch mang Junji Ita. Plak\u00e1t je opat\u0159en ochrannou vrstvou proti degradaci barev, co\u017e zaji\u0161\u0165uje jeho dlouhou \u017eivotnost.<\/p>\n<p style=\"font-weight: 400;\"><strong>Vlastnosti: <\/strong><\/p>\n<p style=\"font-weight: 400;\">V\u00fd\u0161ka &#8211; 91,5 cm<\/p>\n<p style=\"font-weight: 400;\">\u0160\u00ed\u0159ka &#8211; 61 cm<\/p>\n","protected":false},"excerpt":{"rendered":"<p>Plak\u00e1t<strong> Junji Ito Tomie<\/strong> zobrazuje ikonickou postavu Tomie v pln\u00e9 barv\u011b na pozad\u00ed \u010dernob\u00edl\u00fdch manga panel\u016f. Tento ofici\u00e1ln\u011b licencovan\u00fd plak\u00e1t je ide\u00e1ln\u00ed pro ka\u017ed\u00e9ho fanou\u0161ka hororov\u00fdch mang Junji Ita. Plak\u00e1t je opat\u0159en ochrannou vrstvou proti degradaci barev, co\u017e zaji\u0161\u0165uje jeho dlouhou \u017eivotnost.<\/p>\n","protected":false},"featured_media":1784,"comment_status":"open","ping_status":"closed","template":"","meta":{"inline_featured_image":false},"product_cat":[76,70,59],"product_tag":[],"class_list":{"0":"post-1783","1":"product","2":"type-product","3":"status-publish","4":"has-post-thumbnail","6":"product_cat-abystyle","7":"product_cat-junji-ito-collection","8":"product_cat-plakaty","10":"first","11":"instock","12":"shipping-taxable","13":"purchasable","14":"product-type-simple"},"_links":{"self":[{"href":"https:\/\/grandline.200.solutions\/index.php?rest_route=\/wp\/v2\/product\/1783","targetHints":{"allow":["GET"]}}],"collection":[{"href":"https:\/\/grandline.200.solutions\/index.php?rest_route=\/wp\/v2\/product"}],"about":[{"href":"https:\/\/grandline.200.solutions\/index.php?rest_route=\/wp\/v2\/types\/product"}],"replies":[{"embeddable":true,"href":"https:\/\/grandline.200.solutions\/index.php?rest_route=%2Fwp%2Fv2%2Fcomments&post=1783"}],"wp:featuredmedia":[{"embeddable":true,"href":"https:\/\/grandline.200.solutions\/index.php?rest_route=\/wp\/v2\/media\/1784"}],"wp:attachment":[{"href":"https:\/\/grandline.200.solutions\/index.php?rest_route=%2Fwp%2Fv2%2Fmedia&parent=1783"}],"wp:term":[{"taxonomy":"product_cat","embeddable":true,"href":"https:\/\/grandline.200.solutions\/index.php?rest_route=%2Fwp%2Fv2%2Fproduct_cat&post=1783"},{"taxonomy":"product_tag","embeddable":true,"href":"https:\/\/grandline.200.solutions\/index.php?rest_route=%2Fwp%2Fv2%2Fproduct_tag&post=1783"}],"curies":[{"name":"wp","href":"https:\/\/api.w.org\/{rel}","templated":true}]}}