{"id":1772,"date":"2024-11-08T12:02:50","date_gmt":"2024-11-08T11:02:50","guid":{"rendered":"https:\/\/grandline.200.solutions\/?post_type=product&#038;p=1772"},"modified":"2024-11-13T13:00:09","modified_gmt":"2024-11-13T12:00:09","slug":"jojos-bizzare-adventure-arrow-3d-klicenka","status":"publish","type":"product","link":"https:\/\/grandline.200.solutions\/?product=jojos-bizzare-adventure-arrow-3d-klicenka","title":{"rendered":"JoJo\u2019s Bizzare Adventure Arrow 3D Kl\u00ed\u010denka"},"content":{"rendered":"<p style=\"font-weight: 400;\">3D Kl\u00ed\u010denka <strong>JoJo\u2019s Bizzare Adventure Arrow<\/strong> je stylov\u00fd p\u0159\u00edv\u011bsek inspirovan\u00fd ikonick\u00fdm \u0161\u00edpem ze s\u00e9rie JoJo\u2019s Bizarre Adventure, konkr\u00e9tn\u011b z \u010d\u00e1sti \u201cDiamond Is Unbreakable\u201d. Tento p\u0159\u00edv\u011bsek je ide\u00e1ln\u00ed pro fanou\u0161ky t\u00e9to s\u00e9rie.<\/p>\n<p style=\"font-weight: 400;\"><strong>Vlastnosti: <\/strong><\/p>\n<p style=\"font-weight: 400;\">Rozm\u011bry &#8211; 5 cm x 2,9 cm<\/p>\n<p style=\"font-weight: 400;\">Materi\u00e1l &#8211; Kvalitn\u00ed kov<\/p>\n","protected":false},"excerpt":{"rendered":"<p style=\"font-weight: 400;\">3D Kl\u00ed\u010denka <strong>JoJo\u2019s Bizzare Adventure Arrow<\/strong> je stylov\u00fd p\u0159\u00edv\u011bsek inspirovan\u00fd ikonick\u00fdm \u0161\u00edpem ze s\u00e9rie JoJo\u2019s Bizarre Adventure, konkr\u00e9tn\u011b z \u010d\u00e1sti \u201cDiamond Is Unbreakable\u201d. Tento p\u0159\u00edv\u011bsek je ide\u00e1ln\u00ed pro fanou\u0161ky t\u00e9to s\u00e9rie.<\/p>\n","protected":false},"featured_media":1773,"comment_status":"open","ping_status":"closed","template":"","meta":{"inline_featured_image":false},"product_cat":[76,69,99],"product_tag":[],"class_list":{"0":"post-1772","1":"product","2":"type-product","3":"status-publish","4":"has-post-thumbnail","6":"product_cat-abystyle","7":"product_cat-jojos-bizarre-adventure","8":"product_cat-klicenky","10":"first","11":"instock","12":"shipping-taxable","13":"purchasable","14":"product-type-simple"},"_links":{"self":[{"href":"https:\/\/grandline.200.solutions\/index.php?rest_route=\/wp\/v2\/product\/1772","targetHints":{"allow":["GET"]}}],"collection":[{"href":"https:\/\/grandline.200.solutions\/index.php?rest_route=\/wp\/v2\/product"}],"about":[{"href":"https:\/\/grandline.200.solutions\/index.php?rest_route=\/wp\/v2\/types\/product"}],"replies":[{"embeddable":true,"href":"https:\/\/grandline.200.solutions\/index.php?rest_route=%2Fwp%2Fv2%2Fcomments&post=1772"}],"wp:featuredmedia":[{"embeddable":true,"href":"https:\/\/grandline.200.solutions\/index.php?rest_route=\/wp\/v2\/media\/1773"}],"wp:attachment":[{"href":"https:\/\/grandline.200.solutions\/index.php?rest_route=%2Fwp%2Fv2%2Fmedia&parent=1772"}],"wp:term":[{"taxonomy":"product_cat","embeddable":true,"href":"https:\/\/grandline.200.solutions\/index.php?rest_route=%2Fwp%2Fv2%2Fproduct_cat&post=1772"},{"taxonomy":"product_tag","embeddable":true,"href":"https:\/\/grandline.200.solutions\/index.php?rest_route=%2Fwp%2Fv2%2Fproduct_tag&post=1772"}],"curies":[{"name":"wp","href":"https:\/\/api.w.org\/{rel}","templated":true}]}}