{"id":1757,"date":"2024-11-08T11:49:02","date_gmt":"2024-11-08T10:49:02","guid":{"rendered":"https:\/\/grandline.200.solutions\/?post_type=product&#038;p=1757"},"modified":"2024-11-13T12:58:39","modified_gmt":"2024-11-13T11:58:39","slug":"dragon-ball-shenron-svicka","status":"publish","type":"product","link":"https:\/\/grandline.200.solutions\/?product=dragon-ball-shenron-svicka","title":{"rendered":"Dragon Ball Shenron Sv\u00ed\u010dka"},"content":{"rendered":"<p>Sv\u00ed\u010dka <strong>Dragon Ball Shenron <\/strong>je ofici\u00e1ln\u011b licencovan\u00fd produkt inspirovan\u00fd anime Dragon Ball. Tato sv\u00ed\u010dka je vyrobena ze s\u00f3jov\u00e9ho vosku (bez v\u016fn\u011b) a je um\u00edst\u011bna ve sklen\u011bn\u00e9 n\u00e1dob\u011b a zobrazuje ikonick\u00e9ho draka Shenrona, kter\u00fd je zn\u00e1m\u00fd sv\u00fdm schopnostmi plnit p\u0159\u00e1n\u00ed. Sv\u00ed\u010dka je navr\u017eena tak, aby p\u0159idala trochu kouzla a nostalgie do jak\u00e9hokoli prostoru. Je to skv\u011bl\u00fd dopln\u011bk pro ka\u017ed\u00e9ho fanou\u0161ka Dragon Ball, kter\u00fd chce p\u0159idat do sv\u00e9 sb\u00edrky n\u011bco opravdu jedine\u010dn\u00e9ho.<\/p>\n<p><strong>Vlastnosti: <\/strong><\/p>\n<p>V\u00fd\u0161ka &#8211; 9 cm<\/p>\n<p>Pr\u016fm\u011br &#8211; 8 cm<\/p>\n<p>A\u017e 30 hodin ho\u0159en\u00ed<\/p>\n","protected":false},"excerpt":{"rendered":"<p>Sv\u00ed\u010dka <strong>Dragon Ball Shenron <\/strong>je ofici\u00e1ln\u011b licencovan\u00fd produkt inspirovan\u00fd anime Dragon Ball. Tato sv\u00ed\u010dka je vyrobena ze s\u00f3jov\u00e9ho vosku (bez v\u016fn\u011b) a je um\u00edst\u011bna ve sklen\u011bn\u00e9 n\u00e1dob\u011b a zobrazuje ikonick\u00e9ho draka Shenrona, kter\u00fd je zn\u00e1m\u00fd sv\u00fdm schopnostmi plnit p\u0159\u00e1n\u00ed. Sv\u00ed\u010dka je navr\u017eena tak, aby p\u0159idala trochu kouzla a nostalgie do jak\u00e9hokoli prostoru. Je to skv\u011bl\u00fd dopln\u011bk pro ka\u017ed\u00e9ho fanou\u0161ka Dragon Ball, kter\u00fd chce p\u0159idat do sv\u00e9 sb\u00edrky n\u011bco opravdu jedine\u010dn\u00e9ho.<\/p>\n","protected":false},"featured_media":1761,"comment_status":"open","ping_status":"closed","template":"","meta":{"inline_featured_image":false},"product_cat":[76,68,47],"product_tag":[],"class_list":{"0":"post-1757","1":"product","2":"type-product","3":"status-publish","4":"has-post-thumbnail","6":"product_cat-abystyle","7":"product_cat-dekorace","8":"product_cat-dragon-ball","10":"first","11":"instock","12":"shipping-taxable","13":"purchasable","14":"product-type-simple"},"_links":{"self":[{"href":"https:\/\/grandline.200.solutions\/index.php?rest_route=\/wp\/v2\/product\/1757","targetHints":{"allow":["GET"]}}],"collection":[{"href":"https:\/\/grandline.200.solutions\/index.php?rest_route=\/wp\/v2\/product"}],"about":[{"href":"https:\/\/grandline.200.solutions\/index.php?rest_route=\/wp\/v2\/types\/product"}],"replies":[{"embeddable":true,"href":"https:\/\/grandline.200.solutions\/index.php?rest_route=%2Fwp%2Fv2%2Fcomments&post=1757"}],"wp:featuredmedia":[{"embeddable":true,"href":"https:\/\/grandline.200.solutions\/index.php?rest_route=\/wp\/v2\/media\/1761"}],"wp:attachment":[{"href":"https:\/\/grandline.200.solutions\/index.php?rest_route=%2Fwp%2Fv2%2Fmedia&parent=1757"}],"wp:term":[{"taxonomy":"product_cat","embeddable":true,"href":"https:\/\/grandline.200.solutions\/index.php?rest_route=%2Fwp%2Fv2%2Fproduct_cat&post=1757"},{"taxonomy":"product_tag","embeddable":true,"href":"https:\/\/grandline.200.solutions\/index.php?rest_route=%2Fwp%2Fv2%2Fproduct_tag&post=1757"}],"curies":[{"name":"wp","href":"https:\/\/api.w.org\/{rel}","templated":true}]}}