{"id":1751,"date":"2024-11-08T11:44:46","date_gmt":"2024-11-08T10:44:46","guid":{"rendered":"https:\/\/grandline.200.solutions\/?post_type=product&#038;p=1751"},"modified":"2024-11-13T12:58:52","modified_gmt":"2024-11-13T11:58:52","slug":"jojos-bizarre-adventure-golden-wind-super-action-statue-63-diavolo","status":"publish","type":"product","link":"https:\/\/grandline.200.solutions\/?product=jojos-bizarre-adventure-golden-wind-super-action-statue-63-diavolo","title":{"rendered":"JoJo&#8217;s Bizarre Adventure Golden Wind Super Action Statue #63 Diavolo"},"content":{"rendered":"<div><span lang=\"cs\">Ak\u010dn\u00ed figurka <b>JoJo&#8217;s Bizarre Adventure Golden Wind Super Action Statue #63 Diavol<\/b> je detailn\u011b zpracovan\u00e1. M\u00e1 pohybliv\u00e9 klouby, co\u017e ji umo\u017e\u0148uje r\u016fzn\u011b p\u00f3zovat. D\u00edky jeho ikonick\u00e9mu outfitu a v\u00fdrazn\u00e9mu vzhledu je perfektn\u00edm dopl\u0148kem pro fanou\u0161ky hledaj\u00edc\u00ed do sv\u00e9 sb\u00edrky skute\u010dn\u011b impozantn\u00edho z\u00e1por\u00e1ka.<\/span><\/div>\n<div>\n<p style=\"font-weight: 400;\"><strong>Vlastnosti: <\/strong><\/p>\n<p style=\"font-weight: 400;\">V\u00fd\u0161ka &#8211; 15 cm<\/p>\n<p style=\"font-weight: 400;\">Materi\u00e1l &#8211; PVC<\/p>\n<p style=\"font-weight: 400;\">P\u0159\u00edslu\u0161enstv\u00ed &#8211; vym\u011bniteln\u00e9 ruce a obli\u010dej, zakrv\u00e1cen\u00e1 ruka, svetr, ikonick\u00fd \u0161\u00edp, nastaviteln\u00fd stojan<\/p>\n<p style=\"font-weight: 400;\">Detailn\u00ed proveden\u00ed<\/p>\n<p style=\"font-weight: 400;\">Sb\u011bratelsk\u00e1 edice<\/p>\n<\/div>\n","protected":false},"excerpt":{"rendered":"<p><span lang=\"cs\">Ak\u010dn\u00ed figurka <b>JoJo&#8217;s Bizarre Adventure Golden Wind Super Action Statue #63 Diavol<\/b> je detailn\u011b zpracovan\u00e1. M\u00e1 pohybliv\u00e9 klouby, co\u017e ji umo\u017e\u0148uje r\u016fzn\u011b p\u00f3zovat. D\u00edky jeho ikonick\u00e9mu outfitu a v\u00fdrazn\u00e9mu vzhledu je perfektn\u00edm dopl\u0148kem pro fanou\u0161ky hledaj\u00edc\u00ed do sv\u00e9 sb\u00edrky skute\u010dn\u011b impozantn\u00edho z\u00e1por\u00e1ka.<\/span><\/p>\n","protected":false},"featured_media":1755,"comment_status":"open","ping_status":"closed","template":"","meta":{"inline_featured_image":false},"product_cat":[60,69,78],"product_tag":[],"class_list":{"0":"post-1751","1":"product","2":"type-product","3":"status-publish","4":"has-post-thumbnail","6":"product_cat-figurky","7":"product_cat-jojos-bizarre-adventure","8":"product_cat-medicos-entertainment","10":"first","11":"instock","12":"shipping-taxable","13":"purchasable","14":"product-type-simple"},"_links":{"self":[{"href":"https:\/\/grandline.200.solutions\/index.php?rest_route=\/wp\/v2\/product\/1751","targetHints":{"allow":["GET"]}}],"collection":[{"href":"https:\/\/grandline.200.solutions\/index.php?rest_route=\/wp\/v2\/product"}],"about":[{"href":"https:\/\/grandline.200.solutions\/index.php?rest_route=\/wp\/v2\/types\/product"}],"replies":[{"embeddable":true,"href":"https:\/\/grandline.200.solutions\/index.php?rest_route=%2Fwp%2Fv2%2Fcomments&post=1751"}],"wp:featuredmedia":[{"embeddable":true,"href":"https:\/\/grandline.200.solutions\/index.php?rest_route=\/wp\/v2\/media\/1755"}],"wp:attachment":[{"href":"https:\/\/grandline.200.solutions\/index.php?rest_route=%2Fwp%2Fv2%2Fmedia&parent=1751"}],"wp:term":[{"taxonomy":"product_cat","embeddable":true,"href":"https:\/\/grandline.200.solutions\/index.php?rest_route=%2Fwp%2Fv2%2Fproduct_cat&post=1751"},{"taxonomy":"product_tag","embeddable":true,"href":"https:\/\/grandline.200.solutions\/index.php?rest_route=%2Fwp%2Fv2%2Fproduct_tag&post=1751"}],"curies":[{"name":"wp","href":"https:\/\/api.w.org\/{rel}","templated":true}]}}