{"id":1726,"date":"2024-11-08T11:33:04","date_gmt":"2024-11-08T10:33:04","guid":{"rendered":"https:\/\/grandline.200.solutions\/?post_type=product&#038;p=1726"},"modified":"2024-11-13T13:02:10","modified_gmt":"2024-11-13T12:02:10","slug":"jojos-bizarre-adventure-sentou-chouryuu-super-action-statue-lisa-lisa","status":"publish","type":"product","link":"https:\/\/grandline.200.solutions\/?product=jojos-bizarre-adventure-sentou-chouryuu-super-action-statue-lisa-lisa","title":{"rendered":"JoJo&#8217;s Bizarre Adventure Sentou Chouryuu Super Action Statue Lisa Lisa"},"content":{"rendered":"<p style=\"font-weight: 400;\">Ak\u010dn\u00ed figurka <strong>JoJo&#8217;s Bizarre Adventure Sentou Chouryuu Super Action Statue Lisa Lisa<\/strong> je detailn\u011b zpracovan\u00e1 a d\u00edky pohybliv\u00fdm kloub\u016fm ji lze nastavit do r\u016fzn\u00fdch dynamick\u00fdch p\u00f3z. Perfektn\u00ed kousek pro sb\u011bratele.<\/p>\n<p style=\"font-weight: 400;\"><strong>Vlastnosti: <\/strong><\/p>\n<p style=\"font-weight: 400;\">V\u00fd\u0161ka &#8211; 15 cm<\/p>\n<p style=\"font-weight: 400;\">Materi\u00e1l &#8211; PVC<\/p>\n<p style=\"font-weight: 400;\">P\u0159\u00edslu\u0161enstv\u00ed &#8211; vym\u011bniteln\u00e9 ruce a obli\u010dej, br\u00fdle, \u010d\u00e1st n\u00e1hrdeln\u00edku, nastaviteln\u00fd stojan<\/p>\n<p style=\"font-weight: 400;\">Detailn\u00ed proveden\u00ed<\/p>\n<p style=\"font-weight: 400;\">Sb\u011bratelsk\u00e1 edice<\/p>\n","protected":false},"excerpt":{"rendered":"<p style=\"font-weight: 400;\">Ak\u010dn\u00ed figurka <strong>JoJo&#8217;s Bizarre Adventure Sentou Chouryuu Super Action Statue Lisa Lisa<\/strong> je detailn\u011b zpracovan\u00e1 a d\u00edky pohybliv\u00fdm kloub\u016fm ji lze nastavit do r\u016fzn\u00fdch dynamick\u00fdch p\u00f3z. Perfektn\u00ed kousek pro sb\u011bratele.<\/p>\n","protected":false},"featured_media":1734,"comment_status":"open","ping_status":"closed","template":"","meta":{"inline_featured_image":false},"product_cat":[60,69,78],"product_tag":[],"class_list":{"0":"post-1726","1":"product","2":"type-product","3":"status-publish","4":"has-post-thumbnail","6":"product_cat-figurky","7":"product_cat-jojos-bizarre-adventure","8":"product_cat-medicos-entertainment","10":"first","11":"instock","12":"shipping-taxable","13":"purchasable","14":"product-type-simple"},"_links":{"self":[{"href":"https:\/\/grandline.200.solutions\/index.php?rest_route=\/wp\/v2\/product\/1726","targetHints":{"allow":["GET"]}}],"collection":[{"href":"https:\/\/grandline.200.solutions\/index.php?rest_route=\/wp\/v2\/product"}],"about":[{"href":"https:\/\/grandline.200.solutions\/index.php?rest_route=\/wp\/v2\/types\/product"}],"replies":[{"embeddable":true,"href":"https:\/\/grandline.200.solutions\/index.php?rest_route=%2Fwp%2Fv2%2Fcomments&post=1726"}],"wp:featuredmedia":[{"embeddable":true,"href":"https:\/\/grandline.200.solutions\/index.php?rest_route=\/wp\/v2\/media\/1734"}],"wp:attachment":[{"href":"https:\/\/grandline.200.solutions\/index.php?rest_route=%2Fwp%2Fv2%2Fmedia&parent=1726"}],"wp:term":[{"taxonomy":"product_cat","embeddable":true,"href":"https:\/\/grandline.200.solutions\/index.php?rest_route=%2Fwp%2Fv2%2Fproduct_cat&post=1726"},{"taxonomy":"product_tag","embeddable":true,"href":"https:\/\/grandline.200.solutions\/index.php?rest_route=%2Fwp%2Fv2%2Fproduct_tag&post=1726"}],"curies":[{"name":"wp","href":"https:\/\/api.w.org\/{rel}","templated":true}]}}