{"id":1725,"date":"2024-11-08T11:37:59","date_gmt":"2024-11-08T10:37:59","guid":{"rendered":"https:\/\/grandline.200.solutions\/?post_type=product&#038;p=1725"},"modified":"2024-11-13T12:59:13","modified_gmt":"2024-11-13T11:59:13","slug":"dragon-ball-sayians-plakat","status":"publish","type":"product","link":"https:\/\/grandline.200.solutions\/?product=dragon-ball-sayians-plakat","title":{"rendered":"Dragon Ball Sayians Plak\u00e1t"},"content":{"rendered":"<p>Plak\u00e1t na dve\u0159e <strong>Dragon Ball Sayians<\/strong> zobrazuje Sayians a Piccola. S t\u00edmhle plak\u00e1tem se nikdo neodv\u00e1\u017e\u00ed vstoupit bez va\u0161eho svolen\u00ed. Perfektn\u00ed dopln\u011bk pro ka\u017ed\u00e9ho fanou\u0161ka Dragon Ball.<\/p>\n<p><strong>Vlastnosti: <\/strong><\/p>\n<p>V\u00fd\u0161ka &#8211; 158 cm<\/p>\n<p>\u0160\u00ed\u0159ka &#8211; 53 cm<\/p>\n<p>Plak\u00e1t na dve\u0159e<\/p>\n","protected":false},"excerpt":{"rendered":"<p>Plak\u00e1t na dve\u0159e <strong>Dragon Ball Sayians<\/strong> zobrazuje Sayians a Piccola. S t\u00edmhle plak\u00e1tem se nikdo neodv\u00e1\u017e\u00ed vstoupit bez va\u0161eho svolen\u00ed. Perfektn\u00ed dopln\u011bk pro ka\u017ed\u00e9ho fanou\u0161ka Dragon Ball.<\/p>\n","protected":false},"featured_media":1741,"comment_status":"open","ping_status":"closed","template":"","meta":{"inline_featured_image":false},"product_cat":[76,47,59],"product_tag":[],"class_list":{"0":"post-1725","1":"product","2":"type-product","3":"status-publish","4":"has-post-thumbnail","6":"product_cat-abystyle","7":"product_cat-dragon-ball","8":"product_cat-plakaty","10":"first","11":"instock","12":"shipping-taxable","13":"purchasable","14":"product-type-simple"},"_links":{"self":[{"href":"https:\/\/grandline.200.solutions\/index.php?rest_route=\/wp\/v2\/product\/1725","targetHints":{"allow":["GET"]}}],"collection":[{"href":"https:\/\/grandline.200.solutions\/index.php?rest_route=\/wp\/v2\/product"}],"about":[{"href":"https:\/\/grandline.200.solutions\/index.php?rest_route=\/wp\/v2\/types\/product"}],"replies":[{"embeddable":true,"href":"https:\/\/grandline.200.solutions\/index.php?rest_route=%2Fwp%2Fv2%2Fcomments&post=1725"}],"wp:featuredmedia":[{"embeddable":true,"href":"https:\/\/grandline.200.solutions\/index.php?rest_route=\/wp\/v2\/media\/1741"}],"wp:attachment":[{"href":"https:\/\/grandline.200.solutions\/index.php?rest_route=%2Fwp%2Fv2%2Fmedia&parent=1725"}],"wp:term":[{"taxonomy":"product_cat","embeddable":true,"href":"https:\/\/grandline.200.solutions\/index.php?rest_route=%2Fwp%2Fv2%2Fproduct_cat&post=1725"},{"taxonomy":"product_tag","embeddable":true,"href":"https:\/\/grandline.200.solutions\/index.php?rest_route=%2Fwp%2Fv2%2Fproduct_tag&post=1725"}],"curies":[{"name":"wp","href":"https:\/\/api.w.org\/{rel}","templated":true}]}}