{"id":1720,"date":"2024-11-07T23:38:21","date_gmt":"2024-11-07T22:38:21","guid":{"rendered":"https:\/\/grandline.200.solutions\/?post_type=product&#038;p=1720"},"modified":"2024-11-13T13:02:06","modified_gmt":"2024-11-13T12:02:06","slug":"pokemon-all-star-collection-plush-charmander-pp119-m","status":"publish","type":"product","link":"https:\/\/grandline.200.solutions\/?product=pokemon-all-star-collection-plush-charmander-pp119-m","title":{"rendered":"Pok\u00e9mon All Star Collection Plush Charmander PP119 (M)"},"content":{"rendered":"<p><b>Pok\u00e9mon All Star Collection Plush Charmander PP119 (M)<\/b><span style=\"font-weight: 400;\"> je roztomil\u00e1 ply\u0161ov\u00e1 hra\u010dka p\u0159edstavuj\u00edc\u00ed obl\u00edben\u00e9ho ohniv\u00e9ho Pok\u00e9mona Charmandera. Tento ply\u0161\u00e1k o velikosti p\u0159ibli\u017en\u011b 29 cm je pe\u010dliv\u011b zpracovan\u00fd s typick\u00fdm oran\u017eov\u00fdm zbarven\u00edm a plam\u00ednkem na ocasu. Ide\u00e1ln\u00ed pro fanou\u0161ky Pok\u00e9mon\u016f, kte\u0159\u00ed cht\u011bj\u00ed m\u00edt tohoto klasick\u00e9ho Pok\u00e9mona ve sv\u00e9 sb\u00edrce.<\/span><\/p>\n<p><b>Vlastnosti:\u00a0<\/b><\/p>\n<p><span style=\"font-weight: 400;\">V\u00fd\u0161ka &#8211; 29 cm<\/span><\/p>\n<p><span style=\"font-weight: 400;\">\u0160\u00ed\u0159ka &#8211; 18 cm<\/span><\/p>\n<p><span style=\"font-weight: 400;\">D\u00e9lka &#8211; 26 cm<\/span><\/p>\n<p><span style=\"font-weight: 400;\">Materi\u00e1l &#8211; Ply\u0161<\/span><\/p>\n","protected":false},"excerpt":{"rendered":"<p><b>Pok\u00e9mon All Star Collection Plush Charmander PP119 (M)<\/b><span style=\"font-weight: 400;\"> je roztomil\u00e1 ply\u0161ov\u00e1 hra\u010dka p\u0159edstavuj\u00edc\u00ed obl\u00edben\u00e9ho ohniv\u00e9ho Pok\u00e9mona Charmandera. Tento ply\u0161\u00e1k o velikosti p\u0159ibli\u017en\u011b 29 cm je pe\u010dliv\u011b zpracovan\u00fd s typick\u00fdm oran\u017eov\u00fdm zbarven\u00edm a plam\u00ednkem na ocasu. Ide\u00e1ln\u00ed pro fanou\u0161ky Pok\u00e9mon\u016f, kte\u0159\u00ed cht\u011bj\u00ed m\u00edt tohoto klasick\u00e9ho Pok\u00e9mona ve sv\u00e9 sb\u00edrce.<\/span><\/p>\n","protected":false},"featured_media":1721,"comment_status":"open","ping_status":"closed","template":"","meta":{"inline_featured_image":false},"product_cat":[90,81,89],"product_tag":[],"class_list":{"0":"post-1720","1":"product","2":"type-product","3":"status-publish","4":"has-post-thumbnail","6":"product_cat-plysaci","7":"product_cat-pokemon","8":"product_cat-san-ei-boeki","10":"first","11":"instock","12":"shipping-taxable","13":"purchasable","14":"product-type-simple"},"_links":{"self":[{"href":"https:\/\/grandline.200.solutions\/index.php?rest_route=\/wp\/v2\/product\/1720","targetHints":{"allow":["GET"]}}],"collection":[{"href":"https:\/\/grandline.200.solutions\/index.php?rest_route=\/wp\/v2\/product"}],"about":[{"href":"https:\/\/grandline.200.solutions\/index.php?rest_route=\/wp\/v2\/types\/product"}],"replies":[{"embeddable":true,"href":"https:\/\/grandline.200.solutions\/index.php?rest_route=%2Fwp%2Fv2%2Fcomments&post=1720"}],"wp:featuredmedia":[{"embeddable":true,"href":"https:\/\/grandline.200.solutions\/index.php?rest_route=\/wp\/v2\/media\/1721"}],"wp:attachment":[{"href":"https:\/\/grandline.200.solutions\/index.php?rest_route=%2Fwp%2Fv2%2Fmedia&parent=1720"}],"wp:term":[{"taxonomy":"product_cat","embeddable":true,"href":"https:\/\/grandline.200.solutions\/index.php?rest_route=%2Fwp%2Fv2%2Fproduct_cat&post=1720"},{"taxonomy":"product_tag","embeddable":true,"href":"https:\/\/grandline.200.solutions\/index.php?rest_route=%2Fwp%2Fv2%2Fproduct_tag&post=1720"}],"curies":[{"name":"wp","href":"https:\/\/api.w.org\/{rel}","templated":true}]}}