{"id":1718,"date":"2024-11-07T23:36:32","date_gmt":"2024-11-07T22:36:32","guid":{"rendered":"https:\/\/grandline.200.solutions\/?post_type=product&#038;p=1718"},"modified":"2024-11-13T13:02:22","modified_gmt":"2024-11-13T12:02:22","slug":"pokemon-all-star-collection-plush-bulbasaur-pp118-m","status":"publish","type":"product","link":"https:\/\/grandline.200.solutions\/?product=pokemon-all-star-collection-plush-bulbasaur-pp118-m","title":{"rendered":"Pok\u00e9mon All Star Collection Plush Bulbasaur PP118 (M)"},"content":{"rendered":"<p><b>Pok\u00e9mon All Star Collection Plush Bulbasaur PP118 (M)<\/b><span style=\"font-weight: 400;\"> je roztomil\u00e1 ply\u0161ov\u00e1 hra\u010dka inspirovan\u00e1 popul\u00e1rn\u00edm travn\u00edm Pok\u00e9monem Bulbasaurem. Tento ply\u0161\u00e1k o velikosti p\u0159ibli\u017en\u011b 30 cm je detailn\u011b zpracovan\u00fd s charakteristick\u00fdm zelen\u00fdm zbarven\u00edm a rostlinkou na z\u00e1dech. Perfektn\u00ed pro fanou\u0161ky a sb\u011bratele Pok\u00e9mon\u016f, kte\u0159\u00ed cht\u011bj\u00ed m\u00edt Bulbasaura ve sv\u00e9 kolekci.<\/span><\/p>\n<p><b>Vlastnosti:\u00a0<\/b><\/p>\n<p><span style=\"font-weight: 400;\">V\u00fd\u0161ka &#8211; 19 cm<\/span><\/p>\n<p><span style=\"font-weight: 400;\">\u0160\u00ed\u0159ka &#8211; 18 cm<\/span><\/p>\n<p><span style=\"font-weight: 400;\">D\u00e9lka &#8211; 26 cm<\/span><\/p>\n<p><span style=\"font-weight: 400;\">Materi\u00e1l &#8211; Ply\u0161<\/span><\/p>\n","protected":false},"excerpt":{"rendered":"<p><b>Pok\u00e9mon All Star Collection Plush Bulbasaur PP118 (M)<\/b><span style=\"font-weight: 400;\"> je roztomil\u00e1 ply\u0161ov\u00e1 hra\u010dka inspirovan\u00e1 popul\u00e1rn\u00edm travn\u00edm Pok\u00e9monem Bulbasaurem. Tento ply\u0161\u00e1k o velikosti p\u0159ibli\u017en\u011b 30 cm je detailn\u011b zpracovan\u00fd s charakteristick\u00fdm zelen\u00fdm zbarven\u00edm a rostlinkou na z\u00e1dech. Perfektn\u00ed pro fanou\u0161ky a sb\u011bratele Pok\u00e9mon\u016f, kte\u0159\u00ed cht\u011bj\u00ed m\u00edt Bulbasaura ve sv\u00e9 kolekci.<\/span><\/p>\n","protected":false},"featured_media":1719,"comment_status":"open","ping_status":"closed","template":"","meta":{"inline_featured_image":false},"product_cat":[90,81,89],"product_tag":[],"class_list":{"0":"post-1718","1":"product","2":"type-product","3":"status-publish","4":"has-post-thumbnail","6":"product_cat-plysaci","7":"product_cat-pokemon","8":"product_cat-san-ei-boeki","10":"first","11":"instock","12":"shipping-taxable","13":"purchasable","14":"product-type-simple"},"_links":{"self":[{"href":"https:\/\/grandline.200.solutions\/index.php?rest_route=\/wp\/v2\/product\/1718","targetHints":{"allow":["GET"]}}],"collection":[{"href":"https:\/\/grandline.200.solutions\/index.php?rest_route=\/wp\/v2\/product"}],"about":[{"href":"https:\/\/grandline.200.solutions\/index.php?rest_route=\/wp\/v2\/types\/product"}],"replies":[{"embeddable":true,"href":"https:\/\/grandline.200.solutions\/index.php?rest_route=%2Fwp%2Fv2%2Fcomments&post=1718"}],"wp:featuredmedia":[{"embeddable":true,"href":"https:\/\/grandline.200.solutions\/index.php?rest_route=\/wp\/v2\/media\/1719"}],"wp:attachment":[{"href":"https:\/\/grandline.200.solutions\/index.php?rest_route=%2Fwp%2Fv2%2Fmedia&parent=1718"}],"wp:term":[{"taxonomy":"product_cat","embeddable":true,"href":"https:\/\/grandline.200.solutions\/index.php?rest_route=%2Fwp%2Fv2%2Fproduct_cat&post=1718"},{"taxonomy":"product_tag","embeddable":true,"href":"https:\/\/grandline.200.solutions\/index.php?rest_route=%2Fwp%2Fv2%2Fproduct_tag&post=1718"}],"curies":[{"name":"wp","href":"https:\/\/api.w.org\/{rel}","templated":true}]}}