{"id":1712,"date":"2024-11-07T23:31:27","date_gmt":"2024-11-07T22:31:27","guid":{"rendered":"https:\/\/grandline.200.solutions\/?post_type=product&#038;p=1712"},"modified":"2024-11-13T13:03:11","modified_gmt":"2024-11-13T12:03:11","slug":"pokemon-all-star-collection-plush-umbreon-pp122-s","status":"publish","type":"product","link":"https:\/\/grandline.200.solutions\/?product=pokemon-all-star-collection-plush-umbreon-pp122-s","title":{"rendered":"Pok\u00e9mon All Star Collection Plush Umbreon PP122 (S)"},"content":{"rendered":"<p><b>Pok\u00e9mon All Star Collection Plush Umbreon PP122 (S)<\/b><span style=\"font-weight: 400;\"> je elegantn\u00ed a detailn\u011b zpracovan\u00e1 ply\u0161ov\u00e1 hra\u010dka p\u0159edstavuj\u00edc\u00ed tmav\u00e9ho, no\u010dn\u00edho Pok\u00e9mona Umbreona. Tento m\u011bkk\u00fd ply\u0161\u00e1k o velikosti p\u0159ibli\u017en\u011b 19 cm je vyroben z kvalitn\u00edho materi\u00e1lu, zdoben\u00fd charakteristick\u00fdmi \u017elut\u00fdmi pruhy. Skv\u011bl\u00fd dopln\u011bk do sb\u00edrky pro ka\u017ed\u00e9ho fanou\u0161ka Pok\u00e9mon\u016f, kter\u00fd ocen\u00ed jeho mystick\u00fd vzhled.<\/span><\/p>\n<p><b>Vlastnosti:\u00a0<\/b><\/p>\n<p><span style=\"font-weight: 400;\">V\u00fd\u0161ka &#8211; 19 cm<\/span><\/p>\n<p><span style=\"font-weight: 400;\">\u0160\u00ed\u0159ka &#8211; 18 cm<\/span><\/p>\n<p><span style=\"font-weight: 400;\">D\u00e9lka &#8211; 13 cm<\/span><\/p>\n<p><span style=\"font-weight: 400;\">Materi\u00e1l &#8211; Ply\u0161<\/span><\/p>\n","protected":false},"excerpt":{"rendered":"<p><b>Pok\u00e9mon All Star Collection Plush Umbreon PP122 (S)<\/b><span style=\"font-weight: 400;\"> je elegantn\u00ed a detailn\u011b zpracovan\u00e1 ply\u0161ov\u00e1 hra\u010dka p\u0159edstavuj\u00edc\u00ed tmav\u00e9ho, no\u010dn\u00edho Pok\u00e9mona Umbreona. Tento m\u011bkk\u00fd ply\u0161\u00e1k o velikosti p\u0159ibli\u017en\u011b 19 cm je vyroben z kvalitn\u00edho materi\u00e1lu, zdoben\u00fd charakteristick\u00fdmi \u017elut\u00fdmi pruhy. Skv\u011bl\u00fd dopln\u011bk do sb\u00edrky pro ka\u017ed\u00e9ho fanou\u0161ka Pok\u00e9mon\u016f, kter\u00fd ocen\u00ed jeho mystick\u00fd vzhled.<\/span><\/p>\n","protected":false},"featured_media":1713,"comment_status":"open","ping_status":"closed","template":"","meta":{"inline_featured_image":false},"product_cat":[90,81,89],"product_tag":[],"class_list":{"0":"post-1712","1":"product","2":"type-product","3":"status-publish","4":"has-post-thumbnail","6":"product_cat-plysaci","7":"product_cat-pokemon","8":"product_cat-san-ei-boeki","10":"first","11":"instock","12":"shipping-taxable","13":"purchasable","14":"product-type-simple"},"_links":{"self":[{"href":"https:\/\/grandline.200.solutions\/index.php?rest_route=\/wp\/v2\/product\/1712","targetHints":{"allow":["GET"]}}],"collection":[{"href":"https:\/\/grandline.200.solutions\/index.php?rest_route=\/wp\/v2\/product"}],"about":[{"href":"https:\/\/grandline.200.solutions\/index.php?rest_route=\/wp\/v2\/types\/product"}],"replies":[{"embeddable":true,"href":"https:\/\/grandline.200.solutions\/index.php?rest_route=%2Fwp%2Fv2%2Fcomments&post=1712"}],"wp:featuredmedia":[{"embeddable":true,"href":"https:\/\/grandline.200.solutions\/index.php?rest_route=\/wp\/v2\/media\/1713"}],"wp:attachment":[{"href":"https:\/\/grandline.200.solutions\/index.php?rest_route=%2Fwp%2Fv2%2Fmedia&parent=1712"}],"wp:term":[{"taxonomy":"product_cat","embeddable":true,"href":"https:\/\/grandline.200.solutions\/index.php?rest_route=%2Fwp%2Fv2%2Fproduct_cat&post=1712"},{"taxonomy":"product_tag","embeddable":true,"href":"https:\/\/grandline.200.solutions\/index.php?rest_route=%2Fwp%2Fv2%2Fproduct_tag&post=1712"}],"curies":[{"name":"wp","href":"https:\/\/api.w.org\/{rel}","templated":true}]}}