{"id":1709,"date":"2024-11-07T23:29:19","date_gmt":"2024-11-07T22:29:19","guid":{"rendered":"https:\/\/grandline.200.solutions\/?post_type=product&#038;p=1709"},"modified":"2024-11-13T13:03:22","modified_gmt":"2024-11-13T12:03:22","slug":"pokemon-all-star-collection-plush-snorlax-pp134-m","status":"publish","type":"product","link":"https:\/\/grandline.200.solutions\/?product=pokemon-all-star-collection-plush-snorlax-pp134-m","title":{"rendered":"Pok\u00e9mon All Star Collection Plush Snorlax PP134 (M)"},"content":{"rendered":"<p><b>Pok\u00e9mon All Star Collection Plush Snorlax PP134 (M)<\/b><span style=\"font-weight: 400;\"> je m\u011bkk\u00e1 a pohodln\u00e1 ply\u0161ov\u00e1 hra\u010dka inspirovan\u00e1 zn\u00e1m\u00fdm a leniv\u00fdm Pok\u00e9monem Snorlaxem. Tento ply\u0161\u00e1k o velikosti p\u0159ibli\u017en\u011b 26 cm je pe\u010dliv\u011b vyroben z kvalitn\u00edch materi\u00e1l\u016f a zachycuje typick\u00fd klidn\u00fd v\u00fdraz Snorlaxe. Ide\u00e1ln\u00ed pro sb\u011bratele a fanou\u0161ky Pok\u00e9mon\u016f, kte\u0159\u00ed ocen\u00ed jeho roztomilost a pohodov\u00fd vzhled.<\/span><\/p>\n<p><b>Vlastnosti:\u00a0<\/b><\/p>\n<p><span style=\"font-weight: 400;\">V\u00fd\u0161ka &#8211; 26 cm<\/span><\/p>\n<p><span style=\"font-weight: 400;\">\u0160\u00ed\u0159ka &#8211; 25 cm<\/span><\/p>\n<p><span style=\"font-weight: 400;\">D\u00e9lka &#8211; 28,5 cm<\/span><\/p>\n<p><span style=\"font-weight: 400;\">Materi\u00e1l &#8211; Ply\u0161<\/span><\/p>\n","protected":false},"excerpt":{"rendered":"<p><b>Pok\u00e9mon All Star Collection Plush Snorlax PP134 (M)<\/b><span style=\"font-weight: 400;\"> je m\u011bkk\u00e1 a pohodln\u00e1 ply\u0161ov\u00e1 hra\u010dka inspirovan\u00e1 zn\u00e1m\u00fdm a leniv\u00fdm Pok\u00e9monem Snorlaxem. Tento ply\u0161\u00e1k o velikosti p\u0159ibli\u017en\u011b 26 cm je pe\u010dliv\u011b vyroben z kvalitn\u00edch materi\u00e1l\u016f a zachycuje typick\u00fd klidn\u00fd v\u00fdraz Snorlaxe. Ide\u00e1ln\u00ed pro sb\u011bratele a fanou\u0161ky Pok\u00e9mon\u016f, kte\u0159\u00ed ocen\u00ed jeho roztomilost a pohodov\u00fd vzhled.<\/span><\/p>\n","protected":false},"featured_media":1710,"comment_status":"open","ping_status":"closed","template":"","meta":{"inline_featured_image":false},"product_cat":[90,81,89],"product_tag":[],"class_list":{"0":"post-1709","1":"product","2":"type-product","3":"status-publish","4":"has-post-thumbnail","6":"product_cat-plysaci","7":"product_cat-pokemon","8":"product_cat-san-ei-boeki","10":"first","11":"instock","12":"shipping-taxable","13":"purchasable","14":"product-type-simple"},"_links":{"self":[{"href":"https:\/\/grandline.200.solutions\/index.php?rest_route=\/wp\/v2\/product\/1709","targetHints":{"allow":["GET"]}}],"collection":[{"href":"https:\/\/grandline.200.solutions\/index.php?rest_route=\/wp\/v2\/product"}],"about":[{"href":"https:\/\/grandline.200.solutions\/index.php?rest_route=\/wp\/v2\/types\/product"}],"replies":[{"embeddable":true,"href":"https:\/\/grandline.200.solutions\/index.php?rest_route=%2Fwp%2Fv2%2Fcomments&post=1709"}],"wp:featuredmedia":[{"embeddable":true,"href":"https:\/\/grandline.200.solutions\/index.php?rest_route=\/wp\/v2\/media\/1710"}],"wp:attachment":[{"href":"https:\/\/grandline.200.solutions\/index.php?rest_route=%2Fwp%2Fv2%2Fmedia&parent=1709"}],"wp:term":[{"taxonomy":"product_cat","embeddable":true,"href":"https:\/\/grandline.200.solutions\/index.php?rest_route=%2Fwp%2Fv2%2Fproduct_cat&post=1709"},{"taxonomy":"product_tag","embeddable":true,"href":"https:\/\/grandline.200.solutions\/index.php?rest_route=%2Fwp%2Fv2%2Fproduct_tag&post=1709"}],"curies":[{"name":"wp","href":"https:\/\/api.w.org\/{rel}","templated":true}]}}