{"id":1705,"date":"2024-11-07T23:25:04","date_gmt":"2024-11-07T22:25:04","guid":{"rendered":"https:\/\/grandline.200.solutions\/?post_type=product&#038;p=1705"},"modified":"2024-11-13T13:03:44","modified_gmt":"2024-11-13T12:03:44","slug":"pokemon-all-starcollection-plush-pikachu-pp165-s","status":"publish","type":"product","link":"https:\/\/grandline.200.solutions\/?product=pokemon-all-starcollection-plush-pikachu-pp165-s","title":{"rendered":"Pok\u00e9mon All StarCollection Plush Pikachu PP165 (S)"},"content":{"rendered":"<p><b>Pok\u00e9mon All Star Collection Plush Pikachu PP165 (S)<\/b><span style=\"font-weight: 400;\"> je roztomil\u00fd ply\u0161\u00e1k p\u0159edstavuj\u00edc\u00ed ikonick\u00e9ho Pok\u00e9mona Pikachu. Tento kvalitn\u011b vyroben\u00fd a m\u011bkk\u00fd ply\u0161\u00e1k o velikosti p\u0159ibli\u017en\u011b 19 cm zachycuje Pikachu s typick\u00fdm \u00fasm\u011bvem a v\u00fdrazem, kter\u00fd si fanou\u0161ci zamiluj\u00ed. Ide\u00e1ln\u00ed dopln\u011bk do sb\u00edrky, kter\u00fd pot\u011b\u0161\u00ed ka\u017ed\u00e9ho milovn\u00edka Pok\u00e9mon\u016f. <\/span><\/p>\n<p><b>Vlastnosti:\u00a0<\/b><\/p>\n<p><span style=\"font-weight: 400;\">V\u00fd\u0161ka &#8211; 19 cm<\/span><\/p>\n<p><span style=\"font-weight: 400;\">\u0160\u00ed\u0159ka &#8211; 14 cm<\/span><\/p>\n<p><span style=\"font-weight: 400;\">D\u00e9lka &#8211; 12 cm<\/span><\/p>\n<p><span style=\"font-weight: 400;\">Materi\u00e1l &#8211; Ply\u0161<\/span><\/p>\n","protected":false},"excerpt":{"rendered":"<p><b>Pok\u00e9mon All Star Collection Plush Pikachu PP165 (S)<\/b><span style=\"font-weight: 400;\"> je roztomil\u00fd ply\u0161\u00e1k p\u0159edstavuj\u00edc\u00ed ikonick\u00e9ho Pok\u00e9mona Pikachu. Tento kvalitn\u011b vyroben\u00fd a m\u011bkk\u00fd ply\u0161\u00e1k o velikosti p\u0159ibli\u017en\u011b 19 cm zachycuje Pikachu s typick\u00fdm \u00fasm\u011bvem a v\u00fdrazem, kter\u00fd si fanou\u0161ci zamiluj\u00ed. Ide\u00e1ln\u00ed dopln\u011bk do sb\u00edrky, kter\u00fd pot\u011b\u0161\u00ed ka\u017ed\u00e9ho milovn\u00edka Pok\u00e9mon\u016f. <\/span><\/p>\n","protected":false},"featured_media":1706,"comment_status":"open","ping_status":"closed","template":"","meta":{"inline_featured_image":false},"product_cat":[90,81,89],"product_tag":[],"class_list":{"0":"post-1705","1":"product","2":"type-product","3":"status-publish","4":"has-post-thumbnail","6":"product_cat-plysaci","7":"product_cat-pokemon","8":"product_cat-san-ei-boeki","10":"first","11":"instock","12":"shipping-taxable","13":"purchasable","14":"product-type-simple"},"_links":{"self":[{"href":"https:\/\/grandline.200.solutions\/index.php?rest_route=\/wp\/v2\/product\/1705","targetHints":{"allow":["GET"]}}],"collection":[{"href":"https:\/\/grandline.200.solutions\/index.php?rest_route=\/wp\/v2\/product"}],"about":[{"href":"https:\/\/grandline.200.solutions\/index.php?rest_route=\/wp\/v2\/types\/product"}],"replies":[{"embeddable":true,"href":"https:\/\/grandline.200.solutions\/index.php?rest_route=%2Fwp%2Fv2%2Fcomments&post=1705"}],"wp:featuredmedia":[{"embeddable":true,"href":"https:\/\/grandline.200.solutions\/index.php?rest_route=\/wp\/v2\/media\/1706"}],"wp:attachment":[{"href":"https:\/\/grandline.200.solutions\/index.php?rest_route=%2Fwp%2Fv2%2Fmedia&parent=1705"}],"wp:term":[{"taxonomy":"product_cat","embeddable":true,"href":"https:\/\/grandline.200.solutions\/index.php?rest_route=%2Fwp%2Fv2%2Fproduct_cat&post=1705"},{"taxonomy":"product_tag","embeddable":true,"href":"https:\/\/grandline.200.solutions\/index.php?rest_route=%2Fwp%2Fv2%2Fproduct_tag&post=1705"}],"curies":[{"name":"wp","href":"https:\/\/api.w.org\/{rel}","templated":true}]}}