{"id":1703,"date":"2024-11-07T23:23:26","date_gmt":"2024-11-07T22:23:26","guid":{"rendered":"https:\/\/grandline.200.solutions\/?post_type=product&#038;p=1703"},"modified":"2024-11-13T13:03:58","modified_gmt":"2024-11-13T12:03:58","slug":"pokemon-all-star-collection-plush-eevee-pp166-s","status":"publish","type":"product","link":"https:\/\/grandline.200.solutions\/?product=pokemon-all-star-collection-plush-eevee-pp166-s","title":{"rendered":"Pok\u00e9mon All Star Collection Plush Eevee PP166 (S)"},"content":{"rendered":"<p><b>Pok\u00e9mon All Star Collection Plush Eevee PP166 (S)<\/b><span style=\"font-weight: 400;\"> je roztomil\u00e1 ply\u0161ov\u00e1 verze obl\u00edben\u00e9ho Pok\u00e9mona Eevee. Tento m\u011bkk\u00fd a pe\u010dliv\u011b zpracovan\u00fd ply\u0161\u00e1k o velikosti p\u0159ibli\u017en\u011b 21 cm je ide\u00e1ln\u00ed pro fanou\u0161ky v\u0161ech v\u011bkov\u00fdch kategori\u00ed. Eevee v t\u00e9to kolekci p\u0159in\u00e1\u0161\u00ed kouzlo a radost do ka\u017ed\u00e9 sb\u00edrky Pok\u00e9mon\u016f a je skv\u011bl\u00fdm d\u00e1rkem pro ka\u017ed\u00e9ho sb\u011bratele.<\/span><\/p>\n<p><b>Vlastnosti:\u00a0<\/b><\/p>\n<p><span style=\"font-weight: 400;\">V\u00fd\u0161ka &#8211; 21 cm<\/span><\/p>\n<p><span style=\"font-weight: 400;\">\u0160\u00ed\u0159ka &#8211; 15 cm<\/span><\/p>\n<p><span style=\"font-weight: 400;\">D\u00e9lka &#8211; 22 cm<\/span><\/p>\n<p><span style=\"font-weight: 400;\">Materi\u00e1l &#8211; Ply\u0161<\/span><\/p>\n","protected":false},"excerpt":{"rendered":"<p><b>Pok\u00e9mon All Star Collection Plush Eevee PP166 (S)<\/b><span style=\"font-weight: 400;\"> je roztomil\u00e1 ply\u0161ov\u00e1 verze obl\u00edben\u00e9ho Pok\u00e9mona Eevee. Tento m\u011bkk\u00fd a pe\u010dliv\u011b zpracovan\u00fd ply\u0161\u00e1k o velikosti p\u0159ibli\u017en\u011b 21 cm je ide\u00e1ln\u00ed pro fanou\u0161ky v\u0161ech v\u011bkov\u00fdch kategori\u00ed. Eevee v t\u00e9to kolekci p\u0159in\u00e1\u0161\u00ed kouzlo a radost do ka\u017ed\u00e9 sb\u00edrky Pok\u00e9mon\u016f a je skv\u011bl\u00fdm d\u00e1rkem pro ka\u017ed\u00e9ho sb\u011bratele.<\/span><\/p>\n","protected":false},"featured_media":1704,"comment_status":"open","ping_status":"closed","template":"","meta":{"inline_featured_image":false},"product_cat":[90,81,89],"product_tag":[],"class_list":{"0":"post-1703","1":"product","2":"type-product","3":"status-publish","4":"has-post-thumbnail","6":"product_cat-plysaci","7":"product_cat-pokemon","8":"product_cat-san-ei-boeki","10":"first","11":"instock","12":"shipping-taxable","13":"purchasable","14":"product-type-simple"},"_links":{"self":[{"href":"https:\/\/grandline.200.solutions\/index.php?rest_route=\/wp\/v2\/product\/1703","targetHints":{"allow":["GET"]}}],"collection":[{"href":"https:\/\/grandline.200.solutions\/index.php?rest_route=\/wp\/v2\/product"}],"about":[{"href":"https:\/\/grandline.200.solutions\/index.php?rest_route=\/wp\/v2\/types\/product"}],"replies":[{"embeddable":true,"href":"https:\/\/grandline.200.solutions\/index.php?rest_route=%2Fwp%2Fv2%2Fcomments&post=1703"}],"wp:featuredmedia":[{"embeddable":true,"href":"https:\/\/grandline.200.solutions\/index.php?rest_route=\/wp\/v2\/media\/1704"}],"wp:attachment":[{"href":"https:\/\/grandline.200.solutions\/index.php?rest_route=%2Fwp%2Fv2%2Fmedia&parent=1703"}],"wp:term":[{"taxonomy":"product_cat","embeddable":true,"href":"https:\/\/grandline.200.solutions\/index.php?rest_route=%2Fwp%2Fv2%2Fproduct_cat&post=1703"},{"taxonomy":"product_tag","embeddable":true,"href":"https:\/\/grandline.200.solutions\/index.php?rest_route=%2Fwp%2Fv2%2Fproduct_tag&post=1703"}],"curies":[{"name":"wp","href":"https:\/\/api.w.org\/{rel}","templated":true}]}}