{"id":1701,"date":"2024-11-07T23:21:35","date_gmt":"2024-11-07T22:21:35","guid":{"rendered":"https:\/\/grandline.200.solutions\/?post_type=product&#038;p=1701"},"modified":"2024-11-13T13:04:12","modified_gmt":"2024-11-13T12:04:12","slug":"pokemon-all-star-collection-plush-rayquaza-pp207-s","status":"publish","type":"product","link":"https:\/\/grandline.200.solutions\/?product=pokemon-all-star-collection-plush-rayquaza-pp207-s","title":{"rendered":"Pok\u00e9mon All Star Collection Plush Rayquaza PP207 (S)"},"content":{"rendered":"<p><b>Pok\u00e9mon All Star Collection Plush Rayquaza PP207 (S)<\/b><span style=\"font-weight: 400;\"> je p\u016fsobiv\u00e1 ply\u0161ov\u00e1 hra\u010dka inspirovan\u00e1 legend\u00e1rn\u00edm Pok\u00e9monem Rayquazou. Tento detailn\u011b navr\u017een\u00fd ply\u0161\u00e1k m\u011b\u0159\u00ed p\u0159ibli\u017en\u011b 20 cm a vynik\u00e1 sv\u00fdm dynamick\u00fdm tvarem a \u017eiv\u00fdmi barvami. Perfektn\u00ed volba pro sb\u011bratele a fanou\u0161ky Pok\u00e9mon\u016f, kte\u0159\u00ed cht\u011bj\u00ed m\u00edt tohoto majest\u00e1tn\u00edho Pok\u00e9mona ve sv\u00e9 sb\u00edrce.<\/span><\/p>\n<p><b>Vlastnosti:\u00a0<\/b><\/p>\n<p><span style=\"font-weight: 400;\">V\u00fd\u0161ka &#8211; 20 cm<\/span><\/p>\n<p><span style=\"font-weight: 400;\">\u0160\u00ed\u0159ka &#8211; 19 cm<\/span><\/p>\n<p><span style=\"font-weight: 400;\">D\u00e9lka &#8211; 16 cm<\/span><\/p>\n<p><span style=\"font-weight: 400;\">Materi\u00e1l &#8211; ply\u0161<\/span><\/p>\n","protected":false},"excerpt":{"rendered":"<p><b>Pok\u00e9mon All Star Collection Plush Rayquaza PP207 (S)<\/b><span style=\"font-weight: 400;\"> je p\u016fsobiv\u00e1 ply\u0161ov\u00e1 hra\u010dka inspirovan\u00e1 legend\u00e1rn\u00edm Pok\u00e9monem Rayquazou. Tento detailn\u011b navr\u017een\u00fd ply\u0161\u00e1k m\u011b\u0159\u00ed p\u0159ibli\u017en\u011b 20 cm a vynik\u00e1 sv\u00fdm dynamick\u00fdm tvarem a \u017eiv\u00fdmi barvami. Perfektn\u00ed volba pro sb\u011bratele a fanou\u0161ky Pok\u00e9mon\u016f, kte\u0159\u00ed cht\u011bj\u00ed m\u00edt tohoto majest\u00e1tn\u00edho Pok\u00e9mona ve sv\u00e9 sb\u00edrce.<\/span><\/p>\n","protected":false},"featured_media":1702,"comment_status":"open","ping_status":"closed","template":"","meta":{"inline_featured_image":false},"product_cat":[90,81,89],"product_tag":[],"class_list":{"0":"post-1701","1":"product","2":"type-product","3":"status-publish","4":"has-post-thumbnail","6":"product_cat-plysaci","7":"product_cat-pokemon","8":"product_cat-san-ei-boeki","10":"first","11":"instock","12":"shipping-taxable","13":"purchasable","14":"product-type-simple"},"_links":{"self":[{"href":"https:\/\/grandline.200.solutions\/index.php?rest_route=\/wp\/v2\/product\/1701","targetHints":{"allow":["GET"]}}],"collection":[{"href":"https:\/\/grandline.200.solutions\/index.php?rest_route=\/wp\/v2\/product"}],"about":[{"href":"https:\/\/grandline.200.solutions\/index.php?rest_route=\/wp\/v2\/types\/product"}],"replies":[{"embeddable":true,"href":"https:\/\/grandline.200.solutions\/index.php?rest_route=%2Fwp%2Fv2%2Fcomments&post=1701"}],"wp:featuredmedia":[{"embeddable":true,"href":"https:\/\/grandline.200.solutions\/index.php?rest_route=\/wp\/v2\/media\/1702"}],"wp:attachment":[{"href":"https:\/\/grandline.200.solutions\/index.php?rest_route=%2Fwp%2Fv2%2Fmedia&parent=1701"}],"wp:term":[{"taxonomy":"product_cat","embeddable":true,"href":"https:\/\/grandline.200.solutions\/index.php?rest_route=%2Fwp%2Fv2%2Fproduct_cat&post=1701"},{"taxonomy":"product_tag","embeddable":true,"href":"https:\/\/grandline.200.solutions\/index.php?rest_route=%2Fwp%2Fv2%2Fproduct_tag&post=1701"}],"curies":[{"name":"wp","href":"https:\/\/api.w.org\/{rel}","templated":true}]}}