{"id":1699,"date":"2024-11-07T23:19:48","date_gmt":"2024-11-07T22:19:48","guid":{"rendered":"https:\/\/grandline.200.solutions\/?post_type=product&#038;p=1699"},"modified":"2024-11-13T13:04:25","modified_gmt":"2024-11-13T12:04:25","slug":"pokemon-all-star-collection-plush-blaziken-pp217-s","status":"publish","type":"product","link":"https:\/\/grandline.200.solutions\/?product=pokemon-all-star-collection-plush-blaziken-pp217-s","title":{"rendered":"Pok\u00e9mon All Star Collection Plush Blaziken PP217 (S)"},"content":{"rendered":"<p><b>Pok\u00e9mon All Star Collection Plush Blaziken PP217 (S)<\/b><span style=\"font-weight: 400;\"> je stylov\u00e1 a detailn\u011b zpracovan\u00e1 ply\u0161ov\u00e1 hra\u010dka zachycuj\u00edc\u00ed ikonick\u00e9ho bojov\u00e9ho Pok\u00e9mona Blazikena. Tento m\u011bkk\u00fd ply\u0161\u00e1k o v\u00fd\u0161ce p\u0159ibli\u017en\u011b 33 cm je vyroben z kvalitn\u00edho materi\u00e1lu, ide\u00e1ln\u00ed pro sb\u011bratele i fanou\u0161ky Pok\u00e9mon\u016f, kte\u0159\u00ed si cht\u011bj\u00ed p\u0159idat do sb\u00edrky obl\u00edben\u00e9ho bojovn\u00edka.<\/span><\/p>\n<p><b>Vlastnosti:\u00a0<\/b><\/p>\n<p><span style=\"font-weight: 400;\">V\u00fd\u0161ka &#8211; 33 cm<\/span><\/p>\n<p><span style=\"font-weight: 400;\">\u0160\u00ed\u0159ka &#8211; 19 cm<\/span><\/p>\n<p><span style=\"font-weight: 400;\">D\u00e9lka &#8211; 9 cm<\/span><\/p>\n<p><span style=\"font-weight: 400;\">Materi\u00e1l &#8211; Ply\u0161<\/span><\/p>\n","protected":false},"excerpt":{"rendered":"<p><b>Pok\u00e9mon All Star Collection Plush Blaziken PP217 (S)<\/b><span style=\"font-weight: 400;\"> je stylov\u00e1 a detailn\u011b zpracovan\u00e1 ply\u0161ov\u00e1 hra\u010dka zachycuj\u00edc\u00ed ikonick\u00e9ho bojov\u00e9ho Pok\u00e9mona Blazikena. Tento m\u011bkk\u00fd ply\u0161\u00e1k o v\u00fd\u0161ce p\u0159ibli\u017en\u011b 33 cm je vyroben z kvalitn\u00edho materi\u00e1lu, ide\u00e1ln\u00ed pro sb\u011bratele i fanou\u0161ky Pok\u00e9mon\u016f, kte\u0159\u00ed si cht\u011bj\u00ed p\u0159idat do sb\u00edrky obl\u00edben\u00e9ho bojovn\u00edka.<\/span><\/p>\n","protected":false},"featured_media":1700,"comment_status":"open","ping_status":"closed","template":"","meta":{"inline_featured_image":false},"product_cat":[90,81,89],"product_tag":[],"class_list":{"0":"post-1699","1":"product","2":"type-product","3":"status-publish","4":"has-post-thumbnail","6":"product_cat-plysaci","7":"product_cat-pokemon","8":"product_cat-san-ei-boeki","10":"first","11":"instock","12":"shipping-taxable","13":"purchasable","14":"product-type-simple"},"_links":{"self":[{"href":"https:\/\/grandline.200.solutions\/index.php?rest_route=\/wp\/v2\/product\/1699","targetHints":{"allow":["GET"]}}],"collection":[{"href":"https:\/\/grandline.200.solutions\/index.php?rest_route=\/wp\/v2\/product"}],"about":[{"href":"https:\/\/grandline.200.solutions\/index.php?rest_route=\/wp\/v2\/types\/product"}],"replies":[{"embeddable":true,"href":"https:\/\/grandline.200.solutions\/index.php?rest_route=%2Fwp%2Fv2%2Fcomments&post=1699"}],"wp:featuredmedia":[{"embeddable":true,"href":"https:\/\/grandline.200.solutions\/index.php?rest_route=\/wp\/v2\/media\/1700"}],"wp:attachment":[{"href":"https:\/\/grandline.200.solutions\/index.php?rest_route=%2Fwp%2Fv2%2Fmedia&parent=1699"}],"wp:term":[{"taxonomy":"product_cat","embeddable":true,"href":"https:\/\/grandline.200.solutions\/index.php?rest_route=%2Fwp%2Fv2%2Fproduct_cat&post=1699"},{"taxonomy":"product_tag","embeddable":true,"href":"https:\/\/grandline.200.solutions\/index.php?rest_route=%2Fwp%2Fv2%2Fproduct_tag&post=1699"}],"curies":[{"name":"wp","href":"https:\/\/api.w.org\/{rel}","templated":true}]}}