{"id":1697,"date":"2024-11-07T23:17:42","date_gmt":"2024-11-07T22:17:42","guid":{"rendered":"https:\/\/grandline.200.solutions\/?post_type=product&#038;p=1697"},"modified":"2024-11-13T13:04:40","modified_gmt":"2024-11-13T12:04:40","slug":"pokemon-all-star-collection-plush-sylveon-pp224-m","status":"publish","type":"product","link":"https:\/\/grandline.200.solutions\/?product=pokemon-all-star-collection-plush-sylveon-pp224-m","title":{"rendered":"Pok\u00e9mon All Star Collection Plush Sylveon PP224 (M)"},"content":{"rendered":"<p><b>Pok\u00e9mon All Star Collection Plush Sylveon PP224 (M)<\/b><span style=\"font-weight: 400;\"> je kr\u00e1sn\u00e1 ply\u0161ov\u00e1 hra\u010dka p\u0159edstavuj\u00edc\u00ed popul\u00e1rn\u00edho v\u00edl\u00edho Pok\u00e9mona Sylveona. Tento ply\u0161\u00e1k, vysok\u00fd p\u0159ibli\u017en\u011b 34 cm, je vyroben z jemn\u00e9ho materi\u00e1lu a detailn\u011b zpracovan\u00fd, v\u010detn\u011b typick\u00fdch stuh a ma\u0161l\u00ed. Perfektn\u00ed pro sb\u011bratele i fanou\u0161ky Pok\u00e9mon\u016f, kte\u0159\u00ed hledaj\u00ed kouzeln\u00fd p\u0159\u00edr\u016fstek do sv\u00e9 sb\u00edrky.<\/span><\/p>\n<p><b>Vlastnosti:\u00a0<\/b><\/p>\n<p><span style=\"font-weight: 400;\">V\u00fd\u0161ka &#8211; 34 cm<\/span><\/p>\n<p><span style=\"font-weight: 400;\">\u0160\u00ed\u0159ka &#8211; 21 cm<\/span><\/p>\n<p><span style=\"font-weight: 400;\">D\u00e9lka &#8211; 22 cm<\/span><\/p>\n<p><span style=\"font-weight: 400;\">Materi\u00e1l &#8211; Ply\u0161<\/span><\/p>\n","protected":false},"excerpt":{"rendered":"<p><b>Pok\u00e9mon All Star Collection Plush Sylveon PP224 (M)<\/b><span style=\"font-weight: 400;\"> je kr\u00e1sn\u00e1 ply\u0161ov\u00e1 hra\u010dka p\u0159edstavuj\u00edc\u00ed popul\u00e1rn\u00edho v\u00edl\u00edho Pok\u00e9mona Sylveona. Tento ply\u0161\u00e1k, vysok\u00fd p\u0159ibli\u017en\u011b 34 cm, je vyroben z jemn\u00e9ho materi\u00e1lu a detailn\u011b zpracovan\u00fd, v\u010detn\u011b typick\u00fdch stuh a ma\u0161l\u00ed. Perfektn\u00ed pro sb\u011bratele i fanou\u0161ky Pok\u00e9mon\u016f, kte\u0159\u00ed hledaj\u00ed kouzeln\u00fd p\u0159\u00edr\u016fstek do sv\u00e9 sb\u00edrky.<\/span><\/p>\n","protected":false},"featured_media":1698,"comment_status":"open","ping_status":"closed","template":"","meta":{"inline_featured_image":false},"product_cat":[90,81,89],"product_tag":[],"class_list":{"0":"post-1697","1":"product","2":"type-product","3":"status-publish","4":"has-post-thumbnail","6":"product_cat-plysaci","7":"product_cat-pokemon","8":"product_cat-san-ei-boeki","10":"first","11":"instock","12":"shipping-taxable","13":"purchasable","14":"product-type-simple"},"_links":{"self":[{"href":"https:\/\/grandline.200.solutions\/index.php?rest_route=\/wp\/v2\/product\/1697","targetHints":{"allow":["GET"]}}],"collection":[{"href":"https:\/\/grandline.200.solutions\/index.php?rest_route=\/wp\/v2\/product"}],"about":[{"href":"https:\/\/grandline.200.solutions\/index.php?rest_route=\/wp\/v2\/types\/product"}],"replies":[{"embeddable":true,"href":"https:\/\/grandline.200.solutions\/index.php?rest_route=%2Fwp%2Fv2%2Fcomments&post=1697"}],"wp:featuredmedia":[{"embeddable":true,"href":"https:\/\/grandline.200.solutions\/index.php?rest_route=\/wp\/v2\/media\/1698"}],"wp:attachment":[{"href":"https:\/\/grandline.200.solutions\/index.php?rest_route=%2Fwp%2Fv2%2Fmedia&parent=1697"}],"wp:term":[{"taxonomy":"product_cat","embeddable":true,"href":"https:\/\/grandline.200.solutions\/index.php?rest_route=%2Fwp%2Fv2%2Fproduct_cat&post=1697"},{"taxonomy":"product_tag","embeddable":true,"href":"https:\/\/grandline.200.solutions\/index.php?rest_route=%2Fwp%2Fv2%2Fproduct_tag&post=1697"}],"curies":[{"name":"wp","href":"https:\/\/api.w.org\/{rel}","templated":true}]}}