{"id":1693,"date":"2024-11-07T23:12:10","date_gmt":"2024-11-07T22:12:10","guid":{"rendered":"https:\/\/grandline.200.solutions\/?post_type=product&#038;p=1693"},"modified":"2024-11-13T13:04:54","modified_gmt":"2024-11-13T12:04:54","slug":"pokemon-super-cuddly-collection-mimikyu","status":"publish","type":"product","link":"https:\/\/grandline.200.solutions\/?product=pokemon-super-cuddly-collection-mimikyu","title":{"rendered":"Pok\u00e9mon Super Cuddly Collection Mimikyu"},"content":{"rendered":"<p><b>Pok\u00e9mon Super Cuddly Collection Mimikyu<\/b><span style=\"font-weight: 400;\"> je roztomil\u00e1 a ply\u0161ov\u00e1 hra\u010dka inspirovan\u00e1 z\u00e1hadn\u00fdm Pok\u00e9monem Mimikyu. Tento m\u011bkk\u00fd spole\u010dn\u00edk, navr\u017een\u00fd s d\u016frazem na detaily, m\u011b\u0159\u00ed asi 27 cm a je perfektn\u00edm dopl\u0148kem do sb\u00edrky ka\u017ed\u00e9ho fanou\u0161ka Pok\u00e9mon\u016f. Ide\u00e1ln\u00ed pro mazlen\u00ed i vystaven\u00ed, p\u0159inese kousek Pok\u00e9mon sv\u011bta do va\u0161eho domova.<\/span><\/p>\n<p><b>Vlastnosti:\u00a0<\/b><\/p>\n<p><span style=\"font-weight: 400;\">V\u00fd\u0161ka &#8211; 27 cm<\/span><\/p>\n<p><span style=\"font-weight: 400;\">Materi\u00e1l &#8211; Ply\u0161<\/span><\/p>\n","protected":false},"excerpt":{"rendered":"<p><b>Pok\u00e9mon Super Cuddly Collection Mimikyu<\/b><span style=\"font-weight: 400;\"> je roztomil\u00e1 a ply\u0161ov\u00e1 hra\u010dka inspirovan\u00e1 z\u00e1hadn\u00fdm Pok\u00e9monem Mimikyu. Tento m\u011bkk\u00fd spole\u010dn\u00edk, navr\u017een\u00fd s d\u016frazem na detaily, m\u011b\u0159\u00ed asi 27 cm a je perfektn\u00edm dopl\u0148kem do sb\u00edrky ka\u017ed\u00e9ho fanou\u0161ka Pok\u00e9mon\u016f. Ide\u00e1ln\u00ed pro mazlen\u00ed i vystaven\u00ed, p\u0159inese kousek Pok\u00e9mon sv\u011bta do va\u0161eho domova.<\/span><\/p>\n","protected":false},"featured_media":1694,"comment_status":"open","ping_status":"closed","template":"","meta":{"inline_featured_image":false},"product_cat":[77,90,81],"product_tag":[],"class_list":{"0":"post-1693","1":"product","2":"type-product","3":"status-publish","4":"has-post-thumbnail","6":"product_cat-bandai-spirits","7":"product_cat-plysaci","8":"product_cat-pokemon","10":"first","11":"instock","12":"shipping-taxable","13":"purchasable","14":"product-type-simple"},"_links":{"self":[{"href":"https:\/\/grandline.200.solutions\/index.php?rest_route=\/wp\/v2\/product\/1693","targetHints":{"allow":["GET"]}}],"collection":[{"href":"https:\/\/grandline.200.solutions\/index.php?rest_route=\/wp\/v2\/product"}],"about":[{"href":"https:\/\/grandline.200.solutions\/index.php?rest_route=\/wp\/v2\/types\/product"}],"replies":[{"embeddable":true,"href":"https:\/\/grandline.200.solutions\/index.php?rest_route=%2Fwp%2Fv2%2Fcomments&post=1693"}],"wp:featuredmedia":[{"embeddable":true,"href":"https:\/\/grandline.200.solutions\/index.php?rest_route=\/wp\/v2\/media\/1694"}],"wp:attachment":[{"href":"https:\/\/grandline.200.solutions\/index.php?rest_route=%2Fwp%2Fv2%2Fmedia&parent=1693"}],"wp:term":[{"taxonomy":"product_cat","embeddable":true,"href":"https:\/\/grandline.200.solutions\/index.php?rest_route=%2Fwp%2Fv2%2Fproduct_cat&post=1693"},{"taxonomy":"product_tag","embeddable":true,"href":"https:\/\/grandline.200.solutions\/index.php?rest_route=%2Fwp%2Fv2%2Fproduct_tag&post=1693"}],"curies":[{"name":"wp","href":"https:\/\/api.w.org\/{rel}","templated":true}]}}