{"id":1683,"date":"2024-11-07T22:49:09","date_gmt":"2024-11-07T21:49:09","guid":{"rendered":"https:\/\/grandline.200.solutions\/?post_type=product&#038;p=1683"},"modified":"2024-11-13T13:06:10","modified_gmt":"2024-11-13T12:06:10","slug":"overlord-iv-pop-up-parade-ainz-ooal-gown","status":"publish","type":"product","link":"https:\/\/grandline.200.solutions\/?product=overlord-iv-pop-up-parade-ainz-ooal-gown","title":{"rendered":"Overlord IV Pop Up Parade Ainz Ooal Gown"},"content":{"rendered":"<p><span style=\"font-weight: 400;\">Figurka <\/span><b>Overlord IV Pop Up Parade Ainz Ooal Gown<\/b><span style=\"font-weight: 400;\"> zobrazuje Ainz Ooal Gowna v cel\u00e9 jeho majest\u00e1tn\u00ed a d\u011bsiv\u00e9 kr\u00e1se. Tato figurka zachycuje Ainz v jeho ikonick\u00e9m rouchu, kter\u00e9 je detailn\u011b propracovan\u00e9 a zd\u016fraz\u0148uje jeho moc a autoritu. Je to skv\u011bl\u00fd dopln\u011bk pro ka\u017ed\u00e9ho fanou\u0161ka s\u00e9rie Overlord.<\/span><\/p>\n<p><b>Vlastnosti:\u00a0<\/b><\/p>\n<p><span style=\"font-weight: 400;\">V\u00fd\u0161ka &#8211; 26 cm<\/span><\/p>\n<p><span style=\"font-weight: 400;\">Materi\u00e1l &#8211; PVC<\/span><\/p>\n<p><span style=\"font-weight: 400;\">Detailn\u00ed proveden\u00ed<\/span><\/p>\n<p><span style=\"font-weight: 400;\">Sb\u011bratelsk\u00e1 edice<\/span><\/p>\n","protected":false},"excerpt":{"rendered":"<p><span style=\"font-weight: 400;\">Figurka <\/span><b>Overlord IV Pop Up Parade Ainz Ooal Gown<\/b><span style=\"font-weight: 400;\"> zobrazuje Ainz Ooal Gowna v cel\u00e9 jeho majest\u00e1tn\u00ed a d\u011bsiv\u00e9 kr\u00e1se. Tato figurka zachycuje Ainz v jeho ikonick\u00e9m rouchu, kter\u00e9 je detailn\u011b propracovan\u00e9 a zd\u016fraz\u0148uje jeho moc a autoritu. Je to skv\u011bl\u00fd dopln\u011bk pro ka\u017ed\u00e9ho fanou\u0161ka s\u00e9rie Overlord.<\/span><\/p>\n","protected":false},"featured_media":1684,"comment_status":"open","ping_status":"closed","template":"","meta":{"inline_featured_image":false},"product_cat":[60,100,79],"product_tag":[],"class_list":{"0":"post-1683","1":"product","2":"type-product","3":"status-publish","4":"has-post-thumbnail","6":"product_cat-figurky","7":"product_cat-good-smile-company","8":"product_cat-overlord","10":"first","11":"instock","12":"shipping-taxable","13":"purchasable","14":"product-type-simple"},"_links":{"self":[{"href":"https:\/\/grandline.200.solutions\/index.php?rest_route=\/wp\/v2\/product\/1683","targetHints":{"allow":["GET"]}}],"collection":[{"href":"https:\/\/grandline.200.solutions\/index.php?rest_route=\/wp\/v2\/product"}],"about":[{"href":"https:\/\/grandline.200.solutions\/index.php?rest_route=\/wp\/v2\/types\/product"}],"replies":[{"embeddable":true,"href":"https:\/\/grandline.200.solutions\/index.php?rest_route=%2Fwp%2Fv2%2Fcomments&post=1683"}],"wp:featuredmedia":[{"embeddable":true,"href":"https:\/\/grandline.200.solutions\/index.php?rest_route=\/wp\/v2\/media\/1684"}],"wp:attachment":[{"href":"https:\/\/grandline.200.solutions\/index.php?rest_route=%2Fwp%2Fv2%2Fmedia&parent=1683"}],"wp:term":[{"taxonomy":"product_cat","embeddable":true,"href":"https:\/\/grandline.200.solutions\/index.php?rest_route=%2Fwp%2Fv2%2Fproduct_cat&post=1683"},{"taxonomy":"product_tag","embeddable":true,"href":"https:\/\/grandline.200.solutions\/index.php?rest_route=%2Fwp%2Fv2%2Fproduct_tag&post=1683"}],"curies":[{"name":"wp","href":"https:\/\/api.w.org\/{rel}","templated":true}]}}